{"id":10191,"date":"2014-08-15T08:05:23","date_gmt":"2014-08-15T07:05:23","guid":{"rendered":"http:\/\/www.zsvyhlidka.cz\/?page_id=10191"},"modified":"2026-02-12T15:12:10","modified_gmt":"2026-02-12T14:12:10","slug":"uredni-deska-2","status":"publish","type":"page","link":"https:\/\/www.zsvyhlidka.cz\/?page_id=10191","title":{"rendered":"\u00da\u0158EDN\u00cd DESKA"},"content":{"rendered":"<p><a href=\"http:\/\/www.zsvyhlidka.cz\/wp-content\/uploads\/2026\/02\/260212_oznameni_rozhodnuti-o-prijeti.pdf\"><strong>ROZHODNUT\u00cd O P\u0158IJET\u00cd \u017d\u00c1K\u016e K Z\u00c1KLADN\u00cdMU VZD\u011aL\u00c1V\u00c1N\u00cd<\/strong><\/a><\/p>\n<p><a href=\"http:\/\/www.zsvyhlidka.cz\/?page_id=18421\"><strong>ROZPO\u010cTY \u0160KOLY<\/strong><\/a><\/p>\n<p><a href=\"http:\/\/www.zsvyhlidka.cz\/wp-content\/uploads\/2024\/01\/Ochrana-oznamovatelu.pdf\" target=\"_blank\" rel=\"noopener\"><strong>OCHRANA OZNAMOVATEL\u016e<\/strong><\/a><\/p>\n<p><a href=\"https:\/\/www.zsvyhlidka.cz\/?page_id=32383\"><strong>GDPR<\/strong><\/a><\/p>\n<p><strong><a href=\"https:\/\/www.zsvyhlidka.cz\/?page_id=28398\">R\u016eZN\u00c1 OZN\u00c1MEN\u00cd<\/a><\/strong><\/p>\n<p><a href=\"http:\/\/www.zsvyhlidka.cz\/?page_id=20849\"><strong>POVINN\u011a ZVE\u0158EJ\u0147OVAN\u00c9 INFORMACE DLE Z\u00c1KONA 106\/1999 Sb.<\/strong><\/a><\/p>\n<hr \/>\n<p><strong>N\u00c1ZEV \u0160KOLY<\/strong><\/p>\n<p>Z\u00e1kladn\u00ed \u0161kola Vala\u0161sk\u00e9 Mezi\u0159\u00ed\u010d\u00ed, Vyhl\u00eddka 380, okres Vset\u00edn, p\u0159\u00edsp\u011bvkov\u00e1 organizace<\/p>\n<p><strong>\u0158EDITELKA \u0160KOLY<\/strong><\/p>\n<p>Mgr. Daniela Miklov\u00e1<br \/>\u0158editelka je statut\u00e1rn\u00edm org\u00e1nem \u0161koly.<\/p>\n<p><strong>PR\u00c1VN\u00cd FORMA<\/strong><\/p>\n<p>P\u0159\u00edsp\u011bvkov\u00e1 organizace<\/p>\n<p><strong>Z\u0158IZOVATEL<\/strong><\/p>\n<p>M\u011bsto Vala\u0161sk\u00e9 Mezi\u0159\u00ed\u010d\u00ed<\/p>\n<p><strong>PO\u010cET T\u0158\u00cdD<\/strong><\/p>\n<p>Prvn\u00ed stupe\u0148: 11 t\u0159\u00edd<\/p>\n<p>Druh\u00fd stupe\u0148: 9 t\u0159\u00edd<\/p>\n<p>V\u00fduka prob\u00edh\u00e1 ve v\u0161ech t\u0159\u00edd\u00e1ch podle \u0161koln\u00edho vzd\u011bl\u00e1vac\u00edho programu Vyhl\u00eddka do \u017eivota.<\/p>\n<p><strong>Postup p\u0159i vy\u0159izov\u00e1n\u00ed st\u00ed\u017enost\u00ed, ozn\u00e1men\u00ed a podn\u011bt\u016f<\/strong><\/p>\n<p>St\u00ed\u017enost, ozn\u00e1men\u00ed, nebo podn\u011bt lze podat \u00fastn\u011b, p\u00edsemn\u011b nebo telefonem \u0159editelce \u0161koly nebo jej\u00ed z\u00e1stupkyni.<\/p>\n<p>Na p\u00edsemnou st\u00ed\u017enost, ozn\u00e1men\u00ed nebo podn\u011bt bude odpov\u011bzeno p\u00edsemn\u011b.<\/p>\n<p><strong>Postup p\u0159i vy\u0159izov\u00e1n\u00ed \u017e\u00e1dosti o poskytnut\u00ed informace<\/strong><\/p>\n<p>\u017d\u00e1dost o poskytnut\u00ed informace se pod\u00e1v\u00e1 p\u00edsemn\u011b, \u00fastn\u011b nebo prost\u0159ednictv\u00edm telefonu v kancel\u00e1\u0159i \u0161koly.<\/p>\n<p>Na \u00fastn\u00ed informaci bude odpov\u011bzeno \u00fastn\u011b.<\/p>\n<p>Nepova\u017euje-li \u017eadatel informaci za dosta\u010duj\u00edc\u00ed, je t\u0159eba podat \u017e\u00e1dost o ni p\u00edsemn\u011b.<\/p>\n<p>Ze \u017e\u00e1dosti mus\u00ed b\u00fdt z\u0159ejm\u00e9, \u017ee sm\u011b\u0159uje ke \u0161kole a kdo \u017e\u00e1dost podal.<\/p>\n<p>P\u00edsemn\u00e9 poskytnut\u00ed informace bude poskytnuto nejd\u00e9le do 14 dn\u016f ode dne doru\u010den\u00ed \u017e\u00e1dosti.<\/p>\n<p><strong>Omezen\u00ed pr\u00e1va na poskytnut\u00ed informac\u00ed<\/strong><\/p>\n<p>\u0160kola informaci neposkytne v t\u011bchto p\u0159\u00edpadech:<\/p>\n<p>Po\u017eadovan\u00e1 informace je v souladu se z\u00e1konem 148\/98 Sb. o ochran\u011b utajovan\u00fdch skute\u010dnost\u00ed a s na\u0159\u00edzen\u00edm vl\u00e1dy \u010d. 246\/98 Sb.<\/p>\n<p>Informace vypov\u00edd\u00e1 o osobnosti a soukrom\u00ed fyzick\u00e9 osoby, zejm\u00e9na o rasov\u00e9m p\u016fvodu, n\u00e1rodnosti, politick\u00fdch postoj\u00edch, vztahu k n\u00e1bo\u017eenstv\u00ed, o trestn\u00e9 \u010dinnosti, zdrav\u00ed a majetkov\u00fdch pom\u011brech.<\/p>\n<p>Informace je ozna\u010dena za obchodn\u00ed tajemstv\u00ed ve smyslu \u00a7 17 z\u00e1kona 513\/91 Sb.<\/p>\n<p>Informace byla z\u00edsk\u00e1na od osoby, kter\u00e9 informa\u010dn\u00ed povinnost z\u00e1kon neukl\u00e1d\u00e1.<\/p>\n<p>Informace se t\u00fdk\u00e1 prob\u00edhaj\u00edc\u00edho trestn\u00edho \u0159\u00edzen\u00ed, rozhodovac\u00ed \u010dinnosti soud\u016f, nebo by jej\u00ed poskytnut\u00ed bylo poru\u0161en\u00edm duchovn\u00edho vlastnictv\u00ed.<\/p>\n<p><strong>\u00dahrady za poskytov\u00e1n\u00ed informac\u00ed a slu\u017eeb<\/strong><\/p>\n<p>Vystaven\u00ed druhopisu vysv\u011bd\u010den\u00ed.<\/p>\n<p>Vyhotoven\u00ed kopie rozhodnut\u00ed.<\/p>\n<p>Potvrzen\u00ed p\u0159ihl\u00e1\u0161ky na S\u0160 \u2013 \u017e\u00e1ci, kte\u0159\u00ed nejsou j\u00ed\u017e \u017e\u00e1ky Z\u0160.<\/p>\n<p>Platby se prov\u00e1d\u011bj\u00ed p\u0159i pod\u00e1n\u00ed \u017e\u00e1dosti.<\/p>\n<p><strong>Pravomoci a p\u016fsobnost \u0159editelky \u0161koly<\/strong><\/p>\n<p>Je stanovena \u00a7 164 odst. 1 a 2, \u00a7165 odst. 1 a 2 z\u00e1kona 561\/2004 Sb.<br \/>\u0158editel \u0161koly \u0159\u00edd\u00ed \u0161kolu, zodpov\u00edd\u00e1 za pedagogickou \u00farove\u0148 v\u00fdchovn\u011b vzd\u011bl\u00e1vac\u00ed \u010dinnosti, za efektivn\u00ed vyu\u017e\u00edv\u00e1n\u00ed sv\u011b\u0159en\u00fdch finan\u010dn\u00edch prost\u0159edk\u016f a rozhoduje o:<\/p>\n<p>P\u0159ijet\u00ed \u017e\u00e1ka do z\u00e1kladn\u00edho vzd\u011bl\u00e1v\u00e1n\u00ed.<\/p>\n<p>Odkladu povinn\u00e9 \u0161koln\u00ed doch\u00e1zky.<\/p>\n<p>Dodate\u010dn\u00e9m odlo\u017een\u00ed povinn\u00e9 \u0161koln\u00ed doch\u00e1zky.<\/p>\n<p>Pokra\u010dov\u00e1n\u00ed ve \u0161koln\u00ed doch\u00e1zce po spln\u011bn\u00ed povinn\u00fdch dev\u00edti let v souladu se z\u00e1konem 561\/2004 Sb.<\/p>\n<p>Uvoln\u011bn\u00ed \u017e\u00e1ka z vyu\u010dov\u00e1n\u00ed ze zdravotn\u00edch \u010di jin\u00fdch z\u00e1va\u017en\u00fdch d\u016fvod\u016f.<\/p>\n<p>Za\u0159azen\u00ed \u010di vy\u0159azen\u00ed \u017e\u00e1ka do \u0161koln\u00edho stravov\u00e1n\u00ed nebo \u0161koln\u00ed dru\u017einy.<\/p>\n<p>P\u0159eveden\u00ed \u017e\u00e1ka do odpov\u00eddaj\u00edc\u00edho ro\u010dn\u00edku z\u00e1kladn\u00ed \u0161koly podle \u00a7 39.<\/p>\n<p>Opakov\u00e1n\u00ed ro\u010dn\u00edku po spln\u011bn\u00ed povinn\u00e9 \u0161koln\u00ed doch\u00e1zky \u00a7 52 odst. 6, \u00a7 66 odst. 7, \u00a7 97 odst. 8.<\/p>\n<p>Sn\u00ed\u017een\u00ed nebo prominut\u00ed \u00faplaty za poskytovan\u00e9 \u0161kolsk\u00e9 slu\u017eby \u00a7 123 odst. 4.<\/p>\n<p>Povolen\u00ed a zru\u0161en\u00ed individu\u00e1ln\u00edho vzd\u011bl\u00e1v\u00e1n\u00ed \u00a7 41.<\/p>\n<p><strong>DAL\u0160\u00cd INFORMACE<\/strong><\/p>\n<ul>\n<li>od 1.11.2009 jsme pl\u00e1tci DPH<\/li>\n<\/ul>\n<p>1.9.2024<\/p>\n\n\n<p><\/p>\n","protected":false},"excerpt":{"rendered":"<p>ROZHODNUT\u00cd O P\u0158IJET\u00cd \u017d\u00c1K\u016e K Z\u00c1KLADN\u00cdMU VZD\u011aL\u00c1V\u00c1N\u00cd ROZPO\u010cTY \u0160KOLY OCHRANA OZNAMOVATEL\u016e GDPR R\u016eZN\u00c1 OZN\u00c1MEN\u00cd POVINN\u011a ZVE\u0158EJ\u0147OVAN\u00c9 INFORMACE DLE Z\u00c1KONA 106\/1999 Sb. N\u00c1ZEV \u0160KOLY Z\u00e1kladn\u00ed \u0161kola Vala\u0161sk\u00e9 Mezi\u0159\u00ed\u010d\u00ed, Vyhl\u00eddka 380, okres Vset\u00edn, p\u0159\u00edsp\u011bvkov\u00e1 organizace \u0158EDITELKA \u0160KOLY Mgr. Daniela Miklov\u00e1\u0158editelka je statut\u00e1rn\u00edm <a href=\"https:\/\/www.zsvyhlidka.cz\/?page_id=10191\" class=\"read-more\">Zobrazit v\u00edce&#8230;<\/a><\/p>\n","protected":false},"author":1,"featured_media":0,"parent":0,"menu_order":230,"comment_status":"closed","ping_status":"closed","template":"","meta":[],"_links":{"self":[{"href":"https:\/\/www.zsvyhlidka.cz\/index.php?rest_route=\/wp\/v2\/pages\/10191"}],"collection":[{"href":"https:\/\/www.zsvyhlidka.cz\/index.php?rest_route=\/wp\/v2\/pages"}],"about":[{"href":"https:\/\/www.zsvyhlidka.cz\/index.php?rest_route=\/wp\/v2\/types\/page"}],"author":[{"embeddable":true,"href":"https:\/\/www.zsvyhlidka.cz\/index.php?rest_route=\/wp\/v2\/users\/1"}],"replies":[{"embeddable":true,"href":"https:\/\/www.zsvyhlidka.cz\/index.php?rest_route=%2Fwp%2Fv2%2Fcomments&post=10191"}],"version-history":[{"count":39,"href":"https:\/\/www.zsvyhlidka.cz\/index.php?rest_route=\/wp\/v2\/pages\/10191\/revisions"}],"predecessor-version":[{"id":36211,"href":"https:\/\/www.zsvyhlidka.cz\/index.php?rest_route=\/wp\/v2\/pages\/10191\/revisions\/36211"}],"wp:attachment":[{"href":"https:\/\/www.zsvyhlidka.cz\/index.php?rest_route=%2Fwp%2Fv2%2Fmedia&parent=10191"}],"curies":[{"name":"wp","href":"https:\/\/api.w.org\/{rel}","templated":true}]}}