{"id":102,"date":"2011-07-29T19:22:28","date_gmt":"2011-07-29T18:22:28","guid":{"rendered":"http:\/\/www.zsvyhlidka.cz\/?page_id=102"},"modified":"2025-09-15T21:45:28","modified_gmt":"2025-09-15T19:45:28","slug":"kontakty-jidelna","status":"publish","type":"page","link":"https:\/\/www.zsvyhlidka.cz\/?page_id=102","title":{"rendered":"Kontakty \u2013 j\u00eddelna"},"content":{"rendered":"<p>Vedouc\u00ed \u0161koln\u00ed j\u00eddelny: \u00a0 \u00a0 <strong>Marie Hor\u00e1\u010dkov\u00e1<\/strong><\/p>\n<p>E-mail:\u00a0 \u00a0 \u00a0 \u00a0 \u00a0 \u00a0 \u00a0 \u00a0 \u00a0 \u00a0 \u00a0 \u00a0 \u00a0 \u00a0 \u00a0 \u00a0 \u00a0marie.horackova@zsvyhlidka.cz<\/p>\n<p>Telefon \u0161koln\u00ed j\u00eddelny: \u00a0 \u00a0 \u00a0571 621 906<\/p>\n<p><span style=\"color: #ccffff;\">.<\/span><\/p>\n","protected":false},"excerpt":{"rendered":"<p>Vedouc\u00ed \u0161koln\u00ed j\u00eddelny: \u00a0 \u00a0 Marie Hor\u00e1\u010dkov\u00e1 E-mail:\u00a0 \u00a0 \u00a0 \u00a0 \u00a0 \u00a0 \u00a0 \u00a0 \u00a0 \u00a0 \u00a0 \u00a0 \u00a0 \u00a0 \u00a0 \u00a0 \u00a0marie.horackova@zsvyhlidka.cz Telefon \u0161koln\u00ed j\u00eddelny: \u00a0 \u00a0 \u00a0571 621 906 .<\/p>\n","protected":false},"author":1,"featured_media":0,"parent":0,"menu_order":8,"comment_status":"closed","ping_status":"closed","template":"","meta":[],"_links":{"self":[{"href":"https:\/\/www.zsvyhlidka.cz\/index.php?rest_route=\/wp\/v2\/pages\/102"}],"collection":[{"href":"https:\/\/www.zsvyhlidka.cz\/index.php?rest_route=\/wp\/v2\/pages"}],"about":[{"href":"https:\/\/www.zsvyhlidka.cz\/index.php?rest_route=\/wp\/v2\/types\/page"}],"author":[{"embeddable":true,"href":"https:\/\/www.zsvyhlidka.cz\/index.php?rest_route=\/wp\/v2\/users\/1"}],"replies":[{"embeddable":true,"href":"https:\/\/www.zsvyhlidka.cz\/index.php?rest_route=%2Fwp%2Fv2%2Fcomments&post=102"}],"version-history":[{"count":20,"href":"https:\/\/www.zsvyhlidka.cz\/index.php?rest_route=\/wp\/v2\/pages\/102\/revisions"}],"predecessor-version":[{"id":35387,"href":"https:\/\/www.zsvyhlidka.cz\/index.php?rest_route=\/wp\/v2\/pages\/102\/revisions\/35387"}],"wp:attachment":[{"href":"https:\/\/www.zsvyhlidka.cz\/index.php?rest_route=%2Fwp%2Fv2%2Fmedia&parent=102"}],"curies":[{"name":"wp","href":"https:\/\/api.w.org\/{rel}","templated":true}]}}