{"id":10266,"date":"2016-09-13T15:17:56","date_gmt":"2016-09-13T13:17:56","guid":{"rendered":"http:\/\/www.zsvyhlidka.cz\/?page_id=10266"},"modified":"2024-08-30T13:17:16","modified_gmt":"2024-08-30T11:17:16","slug":"o-nas","status":"publish","type":"page","link":"https:\/\/www.zsvyhlidka.cz\/?page_id=10266","title":{"rendered":"O n\u00e1s"},"content":{"rendered":"<p>Z\u00e1kladn\u00ed \u0161kola Vala\u0161sk\u00e9 Mezi\u0159\u00ed\u010d\u00ed, Vyhl\u00eddka 380, okres Vset\u00edn, p\u0159\u00edsp\u011bvkov\u00e1 organizace se nach\u00e1z\u00ed v\u00a0centru m\u011bsta Vala\u0161sk\u00e9ho Mezi\u0159\u00ed\u010d\u00ed, tvo\u0159\u00ed ji nov\u011b zrekonstruovan\u00e9 budovy (v\u00fdm\u011bna oken, oprava st\u0159ech,..) um\u00edst\u011bn\u00e9 v\u00a0oplocen\u00e9m are\u00e1lu , kter\u00e9 tvo\u0159\u00ed upraven\u00e9 modern\u00ed a bezpe\u010dn\u00e9 z\u00e1zem\u00ed &#8211; v\u00edce\u00fa\u010delov\u00e9 h\u0159i\u0161t\u011b, h\u0159i\u0161t\u011b pro \u0161koln\u00ed dru\u017einu, fotbalov\u00e9 h\u0159i\u0161t\u011b, h\u0159i\u0161t\u011b s\u00a0tartanov\u00fdm povrchem, atd. \u0160kolu pro svoji dostupnost nav\u0161t\u011bvuj\u00ed d\u011bti ze sp\u00e1dov\u00e9 oblasti a z\u00a0bl\u00edzk\u00e9ho i vzd\u00e1len\u00e9ho okol\u00ed.<\/p>\n<p><a href=\"http:\/\/www.zsvyhlidka.cz\/wp-content\/uploads\/2024\/08\/koncepce_23.pdf\">Koncepce \u0161koly<\/a><\/p>\n<p><span style=\"color: #ccffcc;\">.<\/span><\/p>\n","protected":false},"excerpt":{"rendered":"<p>Z\u00e1kladn\u00ed \u0161kola Vala\u0161sk\u00e9 Mezi\u0159\u00ed\u010d\u00ed, Vyhl\u00eddka 380, okres Vset\u00edn, p\u0159\u00edsp\u011bvkov\u00e1 organizace se nach\u00e1z\u00ed v\u00a0centru m\u011bsta Vala\u0161sk\u00e9ho Mezi\u0159\u00ed\u010d\u00ed, tvo\u0159\u00ed ji nov\u011b zrekonstruovan\u00e9 budovy (v\u00fdm\u011bna oken, oprava st\u0159ech,..) um\u00edst\u011bn\u00e9 v\u00a0oplocen\u00e9m are\u00e1lu , kter\u00e9 tvo\u0159\u00ed upraven\u00e9 modern\u00ed a bezpe\u010dn\u00e9 z\u00e1zem\u00ed &#8211; v\u00edce\u00fa\u010delov\u00e9 h\u0159i\u0161t\u011b, h\u0159i\u0161t\u011b <a href=\"https:\/\/www.zsvyhlidka.cz\/?page_id=10266\" class=\"read-more\">Zobrazit v\u00edce&#8230;<\/a><\/p>\n","protected":false},"author":4,"featured_media":0,"parent":0,"menu_order":90,"comment_status":"closed","ping_status":"closed","template":"","meta":[],"_links":{"self":[{"href":"https:\/\/www.zsvyhlidka.cz\/index.php?rest_route=\/wp\/v2\/pages\/10266"}],"collection":[{"href":"https:\/\/www.zsvyhlidka.cz\/index.php?rest_route=\/wp\/v2\/pages"}],"about":[{"href":"https:\/\/www.zsvyhlidka.cz\/index.php?rest_route=\/wp\/v2\/types\/page"}],"author":[{"embeddable":true,"href":"https:\/\/www.zsvyhlidka.cz\/index.php?rest_route=\/wp\/v2\/users\/4"}],"replies":[{"embeddable":true,"href":"https:\/\/www.zsvyhlidka.cz\/index.php?rest_route=%2Fwp%2Fv2%2Fcomments&post=10266"}],"version-history":[{"count":8,"href":"https:\/\/www.zsvyhlidka.cz\/index.php?rest_route=\/wp\/v2\/pages\/10266\/revisions"}],"predecessor-version":[{"id":33140,"href":"https:\/\/www.zsvyhlidka.cz\/index.php?rest_route=\/wp\/v2\/pages\/10266\/revisions\/33140"}],"wp:attachment":[{"href":"https:\/\/www.zsvyhlidka.cz\/index.php?rest_route=%2Fwp%2Fv2%2Fmedia&parent=10266"}],"curies":[{"name":"wp","href":"https:\/\/api.w.org\/{rel}","templated":true}]}}