{"id":108,"date":"2011-07-29T19:25:15","date_gmt":"2011-07-29T18:25:15","guid":{"rendered":"http:\/\/www.zsvyhlidka.cz\/?page_id=108"},"modified":"2025-12-12T08:35:56","modified_gmt":"2025-12-12T07:35:56","slug":"vychovatelky-skolni-druziny","status":"publish","type":"page","link":"https:\/\/www.zsvyhlidka.cz\/?page_id=108","title":{"rendered":"Vychovatelky \u0160D"},"content":{"rendered":"<ul>\n<li>vedouc\u00ed vychovatelka, vychovatelka IV. odd\u011blen\u00ed &#8211; <strong>Olga Nejedl\u00e1, 571 478 216 <\/strong>nebo<strong> 571 478 213<br \/>\n<\/strong>e-mail: olga.nejedla@zsvyhlidka.cz<\/li>\n<\/ul>\n<ul>\n<li>vychovatelka I. odd\u011blen\u00ed &#8211; <strong>Andrea M\u00fcllerov\u00e1, 571 478 215 <\/strong>nebo<strong> 571 478 213<br \/>\n<\/strong>e-mail: andrea.mullerova@zsvyhlidka.cz<\/li>\n<\/ul>\n<ul>\n<li>vychovatelka II. odd\u011blen\u00ed &#8211;\u00a0<strong>Mark\u00e9ta H\u00e1rychov\u00e1, 571 478 213<br \/>\n<\/strong>e-mail: marketa.harychova@zsvyhlidka.cz<\/li>\n<\/ul>\n<ul>\n<li>vychovatelka III. odd\u011blen\u00ed &#8211; <strong>Romana Kacht\u00edkov\u00e1, 571 478 213<br \/>\n<\/strong>e-mail: romana.kachtikova@zsvyhlidka.cz<\/li>\n<\/ul>\n<div>\n<div class=\"x_elementToProof\">Telefonick\u00e9 kontakty v dob\u011b provozu \u0160D.<strong><br \/>\nPros\u00edme V\u00e1s o trp\u011blivost p\u0159i vyzv\u00e1n\u011bn\u00ed b\u011bhem \u010dinnosti \u0160D<\/strong>.<\/div>\n<div class=\"x_elementToProof\">Kontakt na spojovatelku \u0161koly: <strong>571 614 221<\/strong>.<\/div>\n<div><\/div>\n<div><span style=\"color: #ffffff;\">x<\/span><\/div>\n<\/div>\n<div>\n<h5><strong><span style=\"text-decoration: underline;\">Konzulta\u010dn\u00ed hodiny<\/span><\/strong><\/h5>\n<ul>\n<li>Mark\u00e9ta H\u00e1rychov\u00e1 &#8211; <span data-olk-copy-source=\"MessageBody\">\u010dtvrtek 16-16.30<\/span><\/li>\n<li>Romana Kacht\u00edkov\u00e1 &#8211; <span data-olk-copy-source=\"MessageBody\">\u00fater\u00fd 16-16.30<\/span><\/li>\n<li>Andrea M\u00fcllerov\u00e1 &#8211; <span class=\"markbqtc3z3jb sbNPW\" data-markjs=\"true\" data-olk-copy-source=\"MessageBody\">pond\u011bl\u00ed 16-16<\/span>.30<\/li>\n<li>Olga Nejedl\u00e1 &#8211; <span data-olk-copy-source=\"MessageBody\">st\u0159eda 16-16.30<\/span><\/li>\n<\/ul>\n<p>Vychovatelky jsou k dispozici pro rodi\u010de v tuto dobu v\u017edy, po p\u0159edchoz\u00ed domluv\u011b.<\/p>\n<\/div>\n<div><\/div>\n<div><\/div>\n<div><\/div>\n<div><\/div>\n<div><\/div>\n<div><\/div>\n","protected":false},"excerpt":{"rendered":"<p>vedouc\u00ed vychovatelka, vychovatelka IV. odd\u011blen\u00ed &#8211; Olga Nejedl\u00e1, 571 478 216 nebo 571 478 213 e-mail: olga.nejedla@zsvyhlidka.cz vychovatelka I. odd\u011blen\u00ed &#8211; Andrea M\u00fcllerov\u00e1, 571 478 215 nebo 571 478 213 e-mail: andrea.mullerova@zsvyhlidka.cz vychovatelka II. odd\u011blen\u00ed &#8211;\u00a0Mark\u00e9ta H\u00e1rychov\u00e1, 571 478 213 <a href=\"https:\/\/www.zsvyhlidka.cz\/?page_id=108\" class=\"read-more\">Zobrazit v\u00edce&#8230;<\/a><\/p>\n","protected":false},"author":1,"featured_media":0,"parent":0,"menu_order":18,"comment_status":"closed","ping_status":"closed","template":"","meta":[],"_links":{"self":[{"href":"https:\/\/www.zsvyhlidka.cz\/index.php?rest_route=\/wp\/v2\/pages\/108"}],"collection":[{"href":"https:\/\/www.zsvyhlidka.cz\/index.php?rest_route=\/wp\/v2\/pages"}],"about":[{"href":"https:\/\/www.zsvyhlidka.cz\/index.php?rest_route=\/wp\/v2\/types\/page"}],"author":[{"embeddable":true,"href":"https:\/\/www.zsvyhlidka.cz\/index.php?rest_route=\/wp\/v2\/users\/1"}],"replies":[{"embeddable":true,"href":"https:\/\/www.zsvyhlidka.cz\/index.php?rest_route=%2Fwp%2Fv2%2Fcomments&post=108"}],"version-history":[{"count":30,"href":"https:\/\/www.zsvyhlidka.cz\/index.php?rest_route=\/wp\/v2\/pages\/108\/revisions"}],"predecessor-version":[{"id":36004,"href":"https:\/\/www.zsvyhlidka.cz\/index.php?rest_route=\/wp\/v2\/pages\/108\/revisions\/36004"}],"wp:attachment":[{"href":"https:\/\/www.zsvyhlidka.cz\/index.php?rest_route=%2Fwp%2Fv2%2Fmedia&parent=108"}],"curies":[{"name":"wp","href":"https:\/\/api.w.org\/{rel}","templated":true}]}}