{"id":113,"date":"2016-09-14T14:20:04","date_gmt":"2016-09-14T12:20:04","guid":{"rendered":"http:\/\/www.zsvyhlidka.cz\/?page_id=113"},"modified":"2025-10-30T17:48:47","modified_gmt":"2025-10-30T16:48:47","slug":"odhlasovani-stravne","status":"publish","type":"page","link":"https:\/\/www.zsvyhlidka.cz\/?page_id=113","title":{"rendered":"Odhla\u0161ov\u00e1n\u00ed &#8211; stravn\u00e9"},"content":{"rendered":"<p><strong>Odhl\u00e1\u0161en\u00ed nebo zm\u011bna j\u00eddla je mo\u017en\u00e9:<\/strong><\/p>\n<ul>\n<li><strong>na internetov\u00fdch str\u00e1nk\u00e1ch online j\u00eddeln\u00ed\u010dku\u00a0<a href=\"http:\/\/strav.nasejidelna.cz\/0188\">ZDE<\/a>,<\/strong><\/li>\n<li><strong>na emailov\u00e9 adrese: marie.horackova@zsvyhlidka.cz,<\/strong><\/li>\n<li><strong>na termin\u00e1lu u kancel\u00e1\u0159e \u0161koln\u00ed j\u00eddelny pomoc\u00ed \u010dipu,<\/strong><\/li>\n<li><strong>telefonicky na tel. 571 621 906.<\/strong><\/li>\n<\/ul>\n<p><em>Upozorn\u011bn\u00ed: ve\u0161ker\u00e9 zm\u011bny mus\u00ed b\u00fdt provedeny nejpozd\u011bji do 11.oo hod. p\u0159ede\u0161l\u00e9ho dne.<\/em><\/p>\n<p><span style=\"color: #ccffcc;\">.<\/span><\/p>\n","protected":false},"excerpt":{"rendered":"<p>Odhl\u00e1\u0161en\u00ed nebo zm\u011bna j\u00eddla je mo\u017en\u00e9: na internetov\u00fdch str\u00e1nk\u00e1ch online j\u00eddeln\u00ed\u010dku\u00a0ZDE, na emailov\u00e9 adrese: marie.horackova@zsvyhlidka.cz, na termin\u00e1lu u kancel\u00e1\u0159e \u0161koln\u00ed j\u00eddelny pomoc\u00ed \u010dipu, telefonicky na tel. 571 621 906. Upozorn\u011bn\u00ed: ve\u0161ker\u00e9 zm\u011bny mus\u00ed b\u00fdt provedeny nejpozd\u011bji do 11.oo hod. p\u0159ede\u0161l\u00e9ho <a href=\"https:\/\/www.zsvyhlidka.cz\/?page_id=113\" class=\"read-more\">Zobrazit v\u00edce&#8230;<\/a><\/p>\n","protected":false},"author":1,"featured_media":0,"parent":0,"menu_order":27,"comment_status":"closed","ping_status":"closed","template":"","meta":[],"_links":{"self":[{"href":"https:\/\/www.zsvyhlidka.cz\/index.php?rest_route=\/wp\/v2\/pages\/113"}],"collection":[{"href":"https:\/\/www.zsvyhlidka.cz\/index.php?rest_route=\/wp\/v2\/pages"}],"about":[{"href":"https:\/\/www.zsvyhlidka.cz\/index.php?rest_route=\/wp\/v2\/types\/page"}],"author":[{"embeddable":true,"href":"https:\/\/www.zsvyhlidka.cz\/index.php?rest_route=\/wp\/v2\/users\/1"}],"replies":[{"embeddable":true,"href":"https:\/\/www.zsvyhlidka.cz\/index.php?rest_route=%2Fwp%2Fv2%2Fcomments&post=113"}],"version-history":[{"count":15,"href":"https:\/\/www.zsvyhlidka.cz\/index.php?rest_route=\/wp\/v2\/pages\/113\/revisions"}],"predecessor-version":[{"id":35696,"href":"https:\/\/www.zsvyhlidka.cz\/index.php?rest_route=\/wp\/v2\/pages\/113\/revisions\/35696"}],"wp:attachment":[{"href":"https:\/\/www.zsvyhlidka.cz\/index.php?rest_route=%2Fwp%2Fv2%2Fmedia&parent=113"}],"curies":[{"name":"wp","href":"https:\/\/api.w.org\/{rel}","templated":true}]}}