{"id":13033,"date":"2015-09-10T11:23:15","date_gmt":"2015-09-10T10:23:15","guid":{"rendered":"http:\/\/www.zsvyhlidka.cz\/?page_id=13033"},"modified":"2024-01-25T11:03:34","modified_gmt":"2024-01-25T10:03:34","slug":"zapisy-ze-schuzek-zp","status":"publish","type":"page","link":"https:\/\/www.zsvyhlidka.cz\/?page_id=13033","title":{"rendered":"Z\u00e1pisy ze sch\u016fzek \u017dP"},"content":{"rendered":"<h5><span style=\"text-decoration: underline;\"><strong>Z\u00e1pisy ze sch\u016fzek \u017e\u00e1kovsk\u00e9ho parlamentu<\/strong><\/span><\/h5>\n<ul>\n<li><a href=\"http:\/\/www.zsvyhlidka.cz\/wp-content\/uploads\/2024\/01\/ZAPIS-ZP-LEDEN.pdf\">Z\u00e1pis ze sch\u016fzky ze dne 11.1.2024<\/a><\/li>\n<li><a href=\"http:\/\/www.zsvyhlidka.cz\/wp-content\/uploads\/2024\/01\/ZAPIS-ZP-PROSINEC.pdf\">Z\u00e1pis ze sch\u016fzky ze dne 14.12.2023<\/a><\/li>\n<li><a href=\"http:\/\/www.zsvyhlidka.cz\/wp-content\/uploads\/2024\/01\/ZAPIS-ZP-LISTOPAD.pdf\">Z\u00e1pis ze sch\u016fzky ze dne 9.11.2023<\/a><\/li>\n<li><a href=\"http:\/\/www.zsvyhlidka.cz\/wp-content\/uploads\/2024\/01\/ZAPIS-ZP-RIJEN.pdf\">Z\u00e1pis ze sch\u016fzky ze dne 6.10.2023<\/a><\/li>\n<li><a href=\"http:\/\/www.zsvyhlidka.cz\/wp-content\/uploads\/2024\/01\/ZAPIS-ZP-ZARI.pdf\">Z\u00e1pis ze sch\u016fzky ze dne 14.9.2023<\/a><\/li>\n<\/ul>\n<p><span style=\"color: #ccffcc;\">.<\/span><\/p>\n","protected":false},"excerpt":{"rendered":"<p>Z\u00e1pisy ze sch\u016fzek \u017e\u00e1kovsk\u00e9ho parlamentu Z\u00e1pis ze sch\u016fzky ze dne 11.1.2024 Z\u00e1pis ze sch\u016fzky ze dne 14.12.2023 Z\u00e1pis ze sch\u016fzky ze dne 9.11.2023 Z\u00e1pis ze sch\u016fzky ze dne 6.10.2023 Z\u00e1pis ze sch\u016fzky ze dne 14.9.2023 .<\/p>\n","protected":false},"author":4,"featured_media":0,"parent":0,"menu_order":257,"comment_status":"closed","ping_status":"closed","template":"","meta":[],"_links":{"self":[{"href":"https:\/\/www.zsvyhlidka.cz\/index.php?rest_route=\/wp\/v2\/pages\/13033"}],"collection":[{"href":"https:\/\/www.zsvyhlidka.cz\/index.php?rest_route=\/wp\/v2\/pages"}],"about":[{"href":"https:\/\/www.zsvyhlidka.cz\/index.php?rest_route=\/wp\/v2\/types\/page"}],"author":[{"embeddable":true,"href":"https:\/\/www.zsvyhlidka.cz\/index.php?rest_route=\/wp\/v2\/users\/4"}],"replies":[{"embeddable":true,"href":"https:\/\/www.zsvyhlidka.cz\/index.php?rest_route=%2Fwp%2Fv2%2Fcomments&post=13033"}],"version-history":[{"count":25,"href":"https:\/\/www.zsvyhlidka.cz\/index.php?rest_route=\/wp\/v2\/pages\/13033\/revisions"}],"predecessor-version":[{"id":32300,"href":"https:\/\/www.zsvyhlidka.cz\/index.php?rest_route=\/wp\/v2\/pages\/13033\/revisions\/32300"}],"wp:attachment":[{"href":"https:\/\/www.zsvyhlidka.cz\/index.php?rest_route=%2Fwp%2Fv2%2Fmedia&parent=13033"}],"curies":[{"name":"wp","href":"https:\/\/api.w.org\/{rel}","templated":true}]}}