{"id":13185,"date":"2015-09-21T07:40:41","date_gmt":"2015-09-21T06:40:41","guid":{"rendered":"http:\/\/www.zsvyhlidka.cz\/?page_id=13185"},"modified":"2021-10-19T15:53:38","modified_gmt":"2021-10-19T13:53:38","slug":"recyklohrani","status":"publish","type":"page","link":"https:\/\/www.zsvyhlidka.cz\/?page_id=13185","title":{"rendered":"Recyklohran\u00ed"},"content":{"rendered":"<h5><span style=\"text-decoration: underline;\"><strong>Recyklohran\u00ed<\/strong><\/span><\/h5>\n<p>S n\u00e1stupem nov\u00e9ho \u0161koln\u00edho roku 2021\/2022 op\u011bt pokra\u010dujeme v projektu Recyklohran\u00ed.<\/p>\n<p>\u017d\u00e1ci na\u0161\u00ed \u0161koly sb\u00edraj\u00ed nefunk\u010dn\u00ed mal\u00e9 elektrospot\u0159ebi\u010de, elektromateri\u00e1ly a vybit\u00e9 baterie, kter\u00e9 se pak odevzd\u00e1vaj\u00ed firm\u011b Asekol k\u00a0dal\u0161\u00edmu zpracov\u00e1n\u00ed. Krom\u011b elektrosb\u011bru je ned\u00edlnou sou\u010d\u00e1st\u00ed projektu pln\u011bn\u00ed r\u016fzn\u00fdch \u00fakol\u016f z\u00a0t\u00e9to oblasti. D\u011bti vypl\u0148uj\u00ed pracovn\u00ed listy, lu\u0161t\u00ed r\u016fzn\u00e9 tajenky a kv\u00edzy. Za sb\u011br i vypracov\u00e1v\u00e1n\u00ed t\u00e9mat z\u00edsk\u00e1v\u00e1 na\u0161e \u0161kola body, kter\u00e9 na konci roku prom\u011bn\u00ed za hodnotn\u00e9 ceny pro nej\u0161ikovn\u011bj\u0161\u00ed sb\u011bra\u010de.<\/p>\n<p>Vyslou\u017eil\u00e9 elektrospot\u0159ebi\u010de m\u016f\u017eete odkl\u00e1dat u schodi\u0161t\u011b do suter\u00e9nu k t\u011blocvi\u010dn\u00e1m, naproti ml\u00e9\u010dn\u00e9mu automatu. L\u00edstek s n\u00e1zvem elektrospot\u0159ebi\u010de, jeho hmotnost\u00ed, va\u0161\u00edm jm\u00e9nem a t\u0159\u00eddou odevzd\u00e1vejte p. u\u010ditelce Bohdan\u011b Jirglov\u00e9 (t\u0159\u00edda IV.A).<\/p>\n<p><span style=\"color: #ccffcc;\">.<\/span><\/p>\n","protected":false},"excerpt":{"rendered":"<p>Recyklohran\u00ed S n\u00e1stupem nov\u00e9ho \u0161koln\u00edho roku 2021\/2022 op\u011bt pokra\u010dujeme v projektu Recyklohran\u00ed. \u017d\u00e1ci na\u0161\u00ed \u0161koly sb\u00edraj\u00ed nefunk\u010dn\u00ed mal\u00e9 elektrospot\u0159ebi\u010de, elektromateri\u00e1ly a vybit\u00e9 baterie, kter\u00e9 se pak odevzd\u00e1vaj\u00ed firm\u011b Asekol k\u00a0dal\u0161\u00edmu zpracov\u00e1n\u00ed. Krom\u011b elektrosb\u011bru je ned\u00edlnou sou\u010d\u00e1st\u00ed projektu pln\u011bn\u00ed r\u016fzn\u00fdch \u00fakol\u016f <a href=\"https:\/\/www.zsvyhlidka.cz\/?page_id=13185\" class=\"read-more\">Zobrazit v\u00edce&#8230;<\/a><\/p>\n","protected":false},"author":2,"featured_media":0,"parent":0,"menu_order":184,"comment_status":"closed","ping_status":"closed","template":"","meta":[],"_links":{"self":[{"href":"https:\/\/www.zsvyhlidka.cz\/index.php?rest_route=\/wp\/v2\/pages\/13185"}],"collection":[{"href":"https:\/\/www.zsvyhlidka.cz\/index.php?rest_route=\/wp\/v2\/pages"}],"about":[{"href":"https:\/\/www.zsvyhlidka.cz\/index.php?rest_route=\/wp\/v2\/types\/page"}],"author":[{"embeddable":true,"href":"https:\/\/www.zsvyhlidka.cz\/index.php?rest_route=\/wp\/v2\/users\/2"}],"replies":[{"embeddable":true,"href":"https:\/\/www.zsvyhlidka.cz\/index.php?rest_route=%2Fwp%2Fv2%2Fcomments&post=13185"}],"version-history":[{"count":7,"href":"https:\/\/www.zsvyhlidka.cz\/index.php?rest_route=\/wp\/v2\/pages\/13185\/revisions"}],"predecessor-version":[{"id":28707,"href":"https:\/\/www.zsvyhlidka.cz\/index.php?rest_route=\/wp\/v2\/pages\/13185\/revisions\/28707"}],"wp:attachment":[{"href":"https:\/\/www.zsvyhlidka.cz\/index.php?rest_route=%2Fwp%2Fv2%2Fmedia&parent=13185"}],"curies":[{"name":"wp","href":"https:\/\/api.w.org\/{rel}","templated":true}]}}