{"id":15808,"date":"2016-09-12T21:25:26","date_gmt":"2016-09-12T19:25:26","guid":{"rendered":"http:\/\/www.zsvyhlidka.cz\/?page_id=15808"},"modified":"2025-08-28T11:14:41","modified_gmt":"2025-08-28T09:14:41","slug":"uvod-do-sd","status":"publish","type":"page","link":"https:\/\/www.zsvyhlidka.cz\/?page_id=15808","title":{"rendered":"\u00davod do \u0160D"},"content":{"rendered":"<p>V\u00e1\u017een\u00ed rodi\u010de,<\/p>\n<p>v\u00edt\u00e1me va\u0161e d\u011bti v\u00a0na\u0161\u00ed dru\u017ein\u011b a tady je n\u011bkolik informac\u00ed pro V\u00e1s, pro na\u0161i vz\u00e1jemnou spolupr\u00e1ci:<\/p>\n<p>Provozn\u00ed doba \u0160D<\/p>\n<p>Rann\u00ed dru\u017eina od \u00a0\u00a0\u00a0\u00a0\u00a0\u00a0\u00a0\u00a0\u00a0\u00a0\u00a0 \u00a0<strong>6.15 \u2013 \u00a07.45h<\/strong><\/p>\n<p>Dal\u0161\u00ed provoz<strong> \u00a0\u00a0\u00a0\u00a0\u00a0\u00a0\u00a0\u00a0\u00a0\u00a0\u00a0\u00a0\u00a0\u00a0\u00a0\u00a0\u00a0\u00a0\u00a0\u00a0 11.40 \u2013 16.30h,\u00a0<\/strong>kdy se budova zamyk\u00e1<\/p>\n<p>V\u00a0p\u0159\u00edpad\u011b, \u017ee si d\u00edt\u011b neod\u010dipujete na syst\u00e9mu Bellhop v \u00a015 minutov\u00e9m p\u0159edstihu p\u0159ed ukon\u010den\u00edm provozu, bude slou\u017e\u00edc\u00ed vychovatelka kontaktovat z\u00e1konn\u00e9ho z\u00e1stupce.<\/p>\n<p><span style=\"color: #ff0000;\"><strong>Opat\u0159ete d\u00edt\u011bti na kl\u00ed\u010dek jednoduch\u00fd p\u0159\u00edv\u011bsek, nesm\u00ed b\u00fdt kombinovan\u00fd s\u00a0ostatn\u00edmi kl\u00ed\u010di, \u010dipy nebo pr\u016fkazkami na dopravu. B\u011bhem \u010dinnosti bude kl\u00ed\u010dek ulo\u017een u vychovatelky. \u00a0P\u0159\u00edpadn\u00e1 ztr\u00e1ta kl\u00ed\u010de bude zpoplatn\u011bna. D\u00edt\u011b si mus\u00ed kl\u00ed\u010dek denn\u011b nosit do \u0160D.<\/strong><\/span><\/p>\n<p><strong><u>Upozorn\u011bn\u00ed<\/u>: Sk\u0159\u00ed\u0148ka je prostor va\u0161eho d\u00edt\u011bte, kter\u00e9 si jej dle pou\u010den\u00ed mus\u00ed udr\u017eovat v\u00a0\u010distot\u011b. Sk\u0159\u00ed\u0148ka slou\u017e\u00ed k\u00a0ulo\u017een\u00ed aktovky, oble\u010den\u00ed, obuvi a p\u0159evle\u010den\u00ed na volno\u010dasov\u00e9 aktivity nebo n\u00e1hradn\u00edho oble\u010den\u00ed. \u00a0Kl\u00ed\u010de i prostor sk\u0159\u00ed\u0148ky se bude na konci \u0161koln\u00edho roku p\u0159ed\u00e1vat v\u00a0p\u016fvodn\u00edm stavu. <\/strong><\/p>\n<p>D\u011bti obdr\u017e\u00ed dru\u017einov\u00e9 den\u00ed\u010dky, kter\u00e9 slou\u017e\u00ed pro na\u0161i vz\u00e1jemnou komunikaci, info o akc\u00edch, va\u0161e zpr\u00e1vy pro vychovatelku.<\/p>\n<p><strong>Pravideln\u011b dru\u017e\u00ednky kontrolujte, a\u0165 V\u00e1m neuniknou d\u016fle\u017eit\u00e9 informace. <\/strong><\/p>\n<p><strong>Na z\u00e1klad\u011b odevzdan\u00e9 \u00a0\u017d\u00e1danky na oran\u017eov\u00e9 \u00a0\u010dipy pro \u00fa\u010dely \u00a0vyzved\u00e1v\u00e1n\u00ed d\u00edt\u011bte z\u00a0\u0160D, budeme nav\u00e1d\u011bt \u010dipy do syst\u00e9mu a postupn\u011b prod\u00e1vat v\u00a0prvn\u00edm \u0161koln\u00edm t\u00fddnu. Pozd\u011bji po domluv\u011b.<\/strong><\/p>\n<p><u>Do dru\u017einy budou d\u011bti pot\u0159ebovat:<\/u><\/p>\n<p>&#8211; p\u0159evle\u010den\u00ed na pobyt venku a do t\u011blocvi\u010dny<\/p>\n<p><strong>Pitn\u00fd re\u017eim je zaji\u0161t\u011bn v\u00a0dru\u017ein\u011b do vlastn\u00edch l\u00e1hv\u00ed d\u011bt\u00ed.<\/strong><\/p>\n<p><strong>Rodi\u010de pros\u00edme, neopom\u00edjejte d\u011btem d\u00e1vat odpoledn\u00ed sva\u010dinku.<\/strong><\/p>\n<p><strong>Vychovatelka kmenov\u00e9ho odd\u011blen\u00ed V\u00e1s zpr\u00e1vou do dru\u017e\u00ednku bude informovat o dal\u0161\u00edch provozn\u00edch pot\u0159eb\u00e1ch.<\/strong><\/p>\n<p>Pozn: Platba \u0161koln\u00ed dru\u017einy prob\u00edh\u00e1 ve dvou term\u00ednech.<\/p>\n<p>Splatnost k:<\/p>\n<ul>\n<li>30. 11. z\u00e1\u0159\u00ed \u2013 prosinec<\/li>\n<li>31. 5.\u00a0 leden \u2013 \u010derven<\/li>\n<\/ul>\n<p><span style=\"color: #ff0000;\"><strong>K platb\u011b \u0160D budete s p\u0159edstihem vyzv\u00e1ni informac\u00ed v den\u00ed\u010dku. P\u0159id\u011blen\u00edm variabiln\u00edho symbolu s uveden\u00edm platebn\u00edch \u00fadaj\u016f. M\u011bs\u00ed\u010dn\u00ed poplatek za \u0160D \u010din\u00ed 350,- K\u010d\/d\u00edt\u011b.<\/strong><\/span><\/p>\n<p>Seznamte se s\u00a0Vnit\u0159n\u00edm \u0159\u00e1dem provozu \u0160D a \u0160koln\u00edm \u0159\u00e1dem. K\u00a0nahl\u00e9dnut\u00ed na str\u00e1nk\u00e1ch \u0161koly.<\/p>\n<p>\u00dasp\u011b\u0161n\u00fd \u0161koln\u00ed rok 2025\/26 va\u0161im d\u011btem p\u0159eje kolektiv vychovatelek \u0160D Vyhl\u00eddka.<\/p>\n","protected":false},"excerpt":{"rendered":"<p>V\u00e1\u017een\u00ed rodi\u010de, v\u00edt\u00e1me va\u0161e d\u011bti v\u00a0na\u0161\u00ed dru\u017ein\u011b a tady je n\u011bkolik informac\u00ed pro V\u00e1s, pro na\u0161i vz\u00e1jemnou spolupr\u00e1ci: Provozn\u00ed doba \u0160D Rann\u00ed dru\u017eina od \u00a0\u00a0\u00a0\u00a0\u00a0\u00a0\u00a0\u00a0\u00a0\u00a0\u00a0 \u00a06.15 \u2013 \u00a07.45h Dal\u0161\u00ed provoz \u00a0\u00a0\u00a0\u00a0\u00a0\u00a0\u00a0\u00a0\u00a0\u00a0\u00a0\u00a0\u00a0\u00a0\u00a0\u00a0\u00a0\u00a0\u00a0\u00a0 11.40 \u2013 16.30h,\u00a0kdy se budova zamyk\u00e1 V\u00a0p\u0159\u00edpad\u011b, \u017ee si <a href=\"https:\/\/www.zsvyhlidka.cz\/?page_id=15808\" class=\"read-more\">Zobrazit v\u00edce&#8230;<\/a><\/p>\n","protected":false},"author":2,"featured_media":0,"parent":0,"menu_order":0,"comment_status":"closed","ping_status":"closed","template":"","meta":[],"_links":{"self":[{"href":"https:\/\/www.zsvyhlidka.cz\/index.php?rest_route=\/wp\/v2\/pages\/15808"}],"collection":[{"href":"https:\/\/www.zsvyhlidka.cz\/index.php?rest_route=\/wp\/v2\/pages"}],"about":[{"href":"https:\/\/www.zsvyhlidka.cz\/index.php?rest_route=\/wp\/v2\/types\/page"}],"author":[{"embeddable":true,"href":"https:\/\/www.zsvyhlidka.cz\/index.php?rest_route=\/wp\/v2\/users\/2"}],"replies":[{"embeddable":true,"href":"https:\/\/www.zsvyhlidka.cz\/index.php?rest_route=%2Fwp%2Fv2%2Fcomments&post=15808"}],"version-history":[{"count":36,"href":"https:\/\/www.zsvyhlidka.cz\/index.php?rest_route=\/wp\/v2\/pages\/15808\/revisions"}],"predecessor-version":[{"id":35274,"href":"https:\/\/www.zsvyhlidka.cz\/index.php?rest_route=\/wp\/v2\/pages\/15808\/revisions\/35274"}],"wp:attachment":[{"href":"https:\/\/www.zsvyhlidka.cz\/index.php?rest_route=%2Fwp%2Fv2%2Fmedia&parent=15808"}],"curies":[{"name":"wp","href":"https:\/\/api.w.org\/{rel}","templated":true}]}}