{"id":15875,"date":"2016-09-13T12:28:12","date_gmt":"2016-09-13T10:28:12","guid":{"rendered":"http:\/\/www.zsvyhlidka.cz\/?page_id=15875"},"modified":"2025-11-25T22:16:04","modified_gmt":"2025-11-25T21:16:04","slug":"krouzky-2","status":"publish","type":"page","link":"https:\/\/www.zsvyhlidka.cz\/?page_id=15875","title":{"rendered":""},"content":{"rendered":"<h2 style=\"text-align: center;\"><strong>Nab\u00eddka krou\u017ek\u016f na \u0161koln\u00ed rok 2025\/2026<\/strong><\/h2>\n<hr \/>\n<h3><strong><span style=\"text-decoration: underline;\">Nab\u00eddka krou\u017ek\u016f pro 1. stupe\u0148<\/span><\/strong><\/h3>\n<p><strong><span style=\"color: #000000;\">\u0160ikula &#8211; <a href=\"http:\/\/www.zsvyhlidka.cz\/wp-content\/uploads\/2025\/09\/2509_krouzky_sikula.pdf\">v\u00edce informac\u00ed ZDE<\/a><\/span><\/strong><\/p>\n<p><span style=\"color: #000000;\">Po 13:00 &#8211; 14:00\u00a0 \u00a0 \u00a0 \u00a0 \u00a0 \u00a0 \u00a0 \u00a0 \u00a0 \u00a0 \u00a0Mgr. Mark\u00e9ta Novosadov\u00e1\u00a0 \u00a0 \u00a0 \u00a0 \u00a0 \u00a0marketa.novosadova@zsvyhlidka.cz\u00a0<\/span><\/p>\n<p><span style=\"color: #000000;\"><strong>\u0160achov\u00fd krou\u017eek<\/strong><\/span><\/p>\n<p><span style=\"color: #000000;\">\u00dat 13:00 &#8211; 14:00\u00a0 \u00a0 \u00a0 \u00a0 \u00a0 \u00a0 \u00a0 \u00a0 \u00a0 \u00a0 \u00a0Mgr. Vojt\u011bch Ba\u010da\u00a0 \u00a0 \u00a0 \u00a0 \u00a0 \u00a0 \u00a0 \u00a0 \u00a0 \u00a0 \u00a0 \u00a0 \u00a0vojtech.baca@zsvyhlidka.cz<\/span><\/p>\n<p><span style=\"color: #000000;\"><strong>Logik &#8211; <a href=\"http:\/\/www.zsvyhlidka.cz\/wp-content\/uploads\/2025\/09\/2509_krouzky_logik.pdf\">v\u00edce informac\u00ed ZDE<\/a><\/strong><\/span><\/p>\n<p><span style=\"color: #000000;\">St 13:00 &#8211; 14:00\u00a0 \u00a0 \u00a0 \u00a0 \u00a0 \u00a0 \u00a0 \u00a0 \u00a0 \u00a0 \u00a0 Mgr. Radka Myna\u0159\u00edkov\u00e1\u00a0 \u00a0 \u00a0 \u00a0 \u00a0 \u00a0 \u00a0 \u00a0radka.mynarikova@zsvyhlidka.cz<\/span><\/p>\n<p><span style=\"color: #000000;\">Deskov\u00e9 hry, tangramy, \u0161ifrov\u00e1n\u00ed, logick\u00e9 slovn\u00ed \u00falohy.<\/span><\/p>\n<hr \/>\n<h3><span style=\"text-decoration: underline;\"><strong>Nab\u00eddka krou\u017ek\u016f pro 2. stupe\u0148<\/strong><\/span><\/h3>\n<p><span style=\"color: #000000;\"><strong>Krou\u017eek n\u011bmeck\u00e9ho jazyka (7. &#8211; 9. ro\u010dn\u00edk)<\/strong><\/span><\/p>\n<p><span style=\"color: #000000;\">\u00dat 14:00 &#8211; 15:00\u00a0 \u00a0 \u00a0 \u00a0 \u00a0 \u00a0 \u00a0 \u00a0 \u00a0 \u00a0 \u00a0 \u00a0Mgr. Michaela Zimkov\u00e1<\/span><span style=\"color: #000000;\">\u00a0 \u00a0 \u00a0 \u00a0 \u00a0 \u00a0 \u00a0 \u00a0michaela.zimkova@zsvyhlidka.cz<\/span><\/p>\n<p style=\"text-align: center;\">\u00a0 \u00a0 \u00a0 \u00a0<span style=\"color: #000000;\">Mgr. Lenka Bajerov\u00e1\u00a0 \u00a0 \u00a0 \u00a0 \u00a0 \u00a0 \u00a0 \u00a0 \u00a0 \u00a0lenka.bajerova@zsvyhlidka.cz<\/span><\/p>\n<p><span style=\"color: #000000;\"><strong>Turistick\u00fd krou\u017eek &#8211;<a href=\"http:\/\/www.zsvyhlidka.cz\/wp-content\/uploads\/2025\/09\/2509_krouzky_turisticky.pdf\"> v\u00edce informac\u00ed ZDE<\/a><\/strong><\/span><\/p>\n<p><span style=\"color: #000000;\">\u00a0 \u00a0 \u00a0 \u00a0 \u00a0 \u00a0 \u00a0 \u00a0 \u00a0 \u00a0 \u00a0 \u00a0 \u00a0 \u00a0 \u00a0 \u00a0 \u00a0 \u00a0 \u00a0 \u00a0 \u00a0 \u00a0 \u00a0 \u00a0 \u00a0Mgr. Lucie Chvat\u00edkov\u00e1\u00a0 \u00a0 \u00a0 \u00a0 \u00a0 \u00a0 \u00a0 \u00a0 lucie.chvatikova@zsvyhlidka.cz<\/span><\/p>\n<p><span style=\"color: #000000;\"><strong>Sportovn\u00ed hry<\/strong><\/span><\/p>\n<p><span style=\"color: #000000;\">\u00dat 7:00 &#8211; 7:45\u00a0 \u00a0 \u00a0 \u00a0 \u00a0 \u00a0 \u00a0 \u00a0 \u00a0 \u00a0 \u00a0 \u00a0 \u00a0 \u00a0Mgr. Ji\u0159\u00ed Kadla\u00a0 \u00a0 \u00a0 \u00a0 \u00a0 \u00a0 \u00a0 \u00a0 \u00a0 \u00a0 \u00a0 \u00a0 \u00a0 \u00a0 \u00a0jiri.kadla@zsvyhlidka.cz<\/span><\/p>\n<p><span style=\"color: #000000;\"><strong>Florbal\u00a0<\/strong><\/span><\/p>\n<p><span style=\"color: #000000;\">\u010ct 7:00 &#8211; 7:45\u00a0 \u00a0 \u00a0 \u00a0 \u00a0 \u00a0 \u00a0 \u00a0 \u00a0 \u00a0 \u00a0 \u00a0 \u00a0 \u00a0Mgr. Martina Krut\u00edlkov\u00e1\u00a0 \u00a0 \u00a0 \u00a0 \u00a0 \u00a0 \u00a0 \u00a0martina.krutilkova@zsvyhlidka.cz<\/span><\/p>\n<p><span style=\"color: #000000;\"><strong>P\u0159\u00edprava na p\u0159ij\u00edmac\u00ed zkou\u0161ky z matematiky (9. ro\u010dn\u00edk)<\/strong><\/span><\/p>\n<p><span style=\"color: #000000;\">\u00a0 \u00a0 \u00a0 \u00a0 \u00a0 \u00a0 \u00a0 \u00a0 \u00a0 \u00a0 \u00a0 \u00a0 \u00a0 \u00a0 \u00a0 \u00a0 \u00a0 \u00a0 \u00a0 \u00a0 \u00a0 \u00a0 \u00a0 \u00a0 \u00a0Mgr. Jakub \u0160kulav\u00edk\u00a0 \u00a0 \u00a0 \u00a0 \u00a0 \u00a0 \u00a0 \u00a0 \u00a0 \u00a0jakub.skulavik@zsvyhlidka.cz<\/span><\/p>\n","protected":false},"excerpt":{"rendered":"<p>Nab\u00eddka krou\u017ek\u016f na \u0161koln\u00ed rok 2025\/2026 Nab\u00eddka krou\u017ek\u016f pro 1. stupe\u0148 \u0160ikula &#8211; v\u00edce informac\u00ed ZDE Po 13:00 &#8211; 14:00\u00a0 \u00a0 \u00a0 \u00a0 \u00a0 \u00a0 \u00a0 \u00a0 \u00a0 \u00a0 \u00a0Mgr. Mark\u00e9ta Novosadov\u00e1\u00a0 \u00a0 \u00a0 \u00a0 \u00a0 \u00a0marketa.novosadova@zsvyhlidka.cz\u00a0 \u0160achov\u00fd krou\u017eek \u00dat <a href=\"https:\/\/www.zsvyhlidka.cz\/?page_id=15875\" class=\"read-more\">Zobrazit v\u00edce&#8230;<\/a><\/p>\n","protected":false},"author":2,"featured_media":0,"parent":0,"menu_order":0,"comment_status":"closed","ping_status":"closed","template":"","meta":[],"_links":{"self":[{"href":"https:\/\/www.zsvyhlidka.cz\/index.php?rest_route=\/wp\/v2\/pages\/15875"}],"collection":[{"href":"https:\/\/www.zsvyhlidka.cz\/index.php?rest_route=\/wp\/v2\/pages"}],"about":[{"href":"https:\/\/www.zsvyhlidka.cz\/index.php?rest_route=\/wp\/v2\/types\/page"}],"author":[{"embeddable":true,"href":"https:\/\/www.zsvyhlidka.cz\/index.php?rest_route=\/wp\/v2\/users\/2"}],"replies":[{"embeddable":true,"href":"https:\/\/www.zsvyhlidka.cz\/index.php?rest_route=%2Fwp%2Fv2%2Fcomments&post=15875"}],"version-history":[{"count":77,"href":"https:\/\/www.zsvyhlidka.cz\/index.php?rest_route=\/wp\/v2\/pages\/15875\/revisions"}],"predecessor-version":[{"id":35850,"href":"https:\/\/www.zsvyhlidka.cz\/index.php?rest_route=\/wp\/v2\/pages\/15875\/revisions\/35850"}],"wp:attachment":[{"href":"https:\/\/www.zsvyhlidka.cz\/index.php?rest_route=%2Fwp%2Fv2%2Fmedia&parent=15875"}],"curies":[{"name":"wp","href":"https:\/\/api.w.org\/{rel}","templated":true}]}}