{"id":18421,"date":"2017-11-15T10:44:54","date_gmt":"2017-11-15T09:44:54","guid":{"rendered":"http:\/\/www.zsvyhlidka.cz\/?page_id=18421"},"modified":"2025-12-15T07:00:49","modified_gmt":"2025-12-15T06:00:49","slug":"navrhy-rozpoctu","status":"publish","type":"page","link":"https:\/\/www.zsvyhlidka.cz\/?page_id=18421","title":{"rendered":"Rozpo\u010dty \u0161koly"},"content":{"rendered":"<h5><strong>Rozpo\u010det\u00a0 \u0161koly<\/strong><strong>\u00a0<\/strong><\/h5>\n<ul>\n<li><a href=\"http:\/\/www.zsvyhlidka.cz\/wp-content\/uploads\/2025\/12\/2512_rozpocet_bezpodpisu.pdf\">Rozpo\u010det p\u0159\u00edsp\u011bvkov\u00e9 organizace Z\u0160 Vyhl\u00eddka pro rok 2026<\/a><\/li>\n<\/ul>\n<h5><strong>St\u0159edn\u011bdob\u00e9 v\u00fdhledy rozpo\u010dtu \u0161koly<\/strong><\/h5>\n<ul>\n<li><a href=\"http:\/\/www.zsvyhlidka.cz\/wp-content\/uploads\/2025\/12\/2512_vyhled_rozpoctu_bezpodpisu.pdf\">St\u0159edn\u011bdob\u00fd v\u00fdhled rozpo\u010dtu Z\u0160 Vyhl\u00eddka 2027-2028<\/a><\/li>\n<\/ul>\n\n\n<p><\/p>\n","protected":false},"excerpt":{"rendered":"<p>Rozpo\u010det\u00a0 \u0161koly\u00a0 Rozpo\u010det p\u0159\u00edsp\u011bvkov\u00e9 organizace Z\u0160 Vyhl\u00eddka pro rok 2026 St\u0159edn\u011bdob\u00e9 v\u00fdhledy rozpo\u010dtu \u0161koly St\u0159edn\u011bdob\u00fd v\u00fdhled rozpo\u010dtu Z\u0160 Vyhl\u00eddka 2027-2028<\/p>\n","protected":false},"author":4,"featured_media":0,"parent":0,"menu_order":0,"comment_status":"closed","ping_status":"closed","template":"","meta":[],"_links":{"self":[{"href":"https:\/\/www.zsvyhlidka.cz\/index.php?rest_route=\/wp\/v2\/pages\/18421"}],"collection":[{"href":"https:\/\/www.zsvyhlidka.cz\/index.php?rest_route=\/wp\/v2\/pages"}],"about":[{"href":"https:\/\/www.zsvyhlidka.cz\/index.php?rest_route=\/wp\/v2\/types\/page"}],"author":[{"embeddable":true,"href":"https:\/\/www.zsvyhlidka.cz\/index.php?rest_route=\/wp\/v2\/users\/4"}],"replies":[{"embeddable":true,"href":"https:\/\/www.zsvyhlidka.cz\/index.php?rest_route=%2Fwp%2Fv2%2Fcomments&post=18421"}],"version-history":[{"count":40,"href":"https:\/\/www.zsvyhlidka.cz\/index.php?rest_route=\/wp\/v2\/pages\/18421\/revisions"}],"predecessor-version":[{"id":36011,"href":"https:\/\/www.zsvyhlidka.cz\/index.php?rest_route=\/wp\/v2\/pages\/18421\/revisions\/36011"}],"wp:attachment":[{"href":"https:\/\/www.zsvyhlidka.cz\/index.php?rest_route=%2Fwp%2Fv2%2Fmedia&parent=18421"}],"curies":[{"name":"wp","href":"https:\/\/api.w.org\/{rel}","templated":true}]}}