{"id":192,"date":"2016-09-13T15:29:14","date_gmt":"2016-09-13T13:29:14","guid":{"rendered":"http:\/\/www.zsvyhlidka.cz\/?page_id=192"},"modified":"2025-09-15T21:50:20","modified_gmt":"2025-09-15T19:50:20","slug":"tridni-schuzky","status":"publish","type":"page","link":"https:\/\/www.zsvyhlidka.cz\/?page_id=192","title":{"rendered":"T\u0159\u00eddn\u00ed sch\u016fzky"},"content":{"rendered":"<h5><span style=\"text-decoration: underline;\"><strong>Term\u00edny t\u0159\u00eddn\u00edch sch\u016fzek a konzulta\u010dn\u00edch dn\u016f o prosp\u011bchu a chov\u00e1n\u00ed ve \u0161koln\u00edm roce 2024\/2025:<\/strong><\/span><\/h5>\n<div><\/div>\n<div><strong><span style=\"color: black; font-weight: normal;\"><span style=\"color: #ffffff;\">.<\/span><br \/>\n<\/span><\/strong><\/div>\n<div>\n<table style=\"height: 259px;\" border=\"0\" width=\"500\" cellspacing=\"0\" cellpadding=\"0\">\n<tbody>\n<tr>\n<td style=\"text-align: center;\" width=\"64\" height=\"20\">\u00davodn\u00ed<\/td>\n<td style=\"text-align: center;\" width=\"230\">2. z\u00e1\u0159\u00ed 2024<\/td>\n<\/tr>\n<tr>\n<td style=\"text-align: center;\" width=\"64\" height=\"20\">1. \u010dtvrtlet\u00ed<\/td>\n<td style=\"text-align: center;\" width=\"230\">5. \u2013 11. 11. 2025 (tri\u00e1dy)<\/td>\n<\/tr>\n<tr>\n<td style=\"text-align: center;\" height=\"20\">1. pololet\u00ed<\/td>\n<td style=\"text-align: center;\">13. 1. 2026 (konzulta\u010dn\u00ed den)<\/td>\n<\/tr>\n<tr>\n<td style=\"text-align: center;\" height=\"20\">3. \u010dtvrtlet\u00ed<\/td>\n<td style=\"text-align: center;\">13. \u2013 17. 4. 2026 (tri\u00e1dy)<\/td>\n<\/tr>\n<tr>\n<td style=\"text-align: center;\" height=\"20\">2. pololet\u00ed<\/td>\n<td style=\"text-align: center;\">2. 6. 2026\u00a0(konzulta\u010dn\u00ed den)<\/td>\n<\/tr>\n<\/tbody>\n<\/table>\n<\/div>\n<p><span style=\"color: #ccffff;\">.<\/span><\/p>\n","protected":false},"excerpt":{"rendered":"<p>Term\u00edny t\u0159\u00eddn\u00edch sch\u016fzek a konzulta\u010dn\u00edch dn\u016f o prosp\u011bchu a chov\u00e1n\u00ed ve \u0161koln\u00edm roce 2024\/2025: . \u00davodn\u00ed 2. z\u00e1\u0159\u00ed 2024 1. \u010dtvrtlet\u00ed 5. \u2013 11. 11. 2025 (tri\u00e1dy) 1. pololet\u00ed 13. 1. 2026 (konzulta\u010dn\u00ed den) 3. \u010dtvrtlet\u00ed 13. \u2013 17. 4. <a href=\"https:\/\/www.zsvyhlidka.cz\/?page_id=192\" class=\"read-more\">Zobrazit v\u00edce&#8230;<\/a><\/p>\n","protected":false},"author":1,"featured_media":0,"parent":0,"menu_order":38,"comment_status":"closed","ping_status":"closed","template":"","meta":[],"_links":{"self":[{"href":"https:\/\/www.zsvyhlidka.cz\/index.php?rest_route=\/wp\/v2\/pages\/192"}],"collection":[{"href":"https:\/\/www.zsvyhlidka.cz\/index.php?rest_route=\/wp\/v2\/pages"}],"about":[{"href":"https:\/\/www.zsvyhlidka.cz\/index.php?rest_route=\/wp\/v2\/types\/page"}],"author":[{"embeddable":true,"href":"https:\/\/www.zsvyhlidka.cz\/index.php?rest_route=\/wp\/v2\/users\/1"}],"replies":[{"embeddable":true,"href":"https:\/\/www.zsvyhlidka.cz\/index.php?rest_route=%2Fwp%2Fv2%2Fcomments&post=192"}],"version-history":[{"count":29,"href":"https:\/\/www.zsvyhlidka.cz\/index.php?rest_route=\/wp\/v2\/pages\/192\/revisions"}],"predecessor-version":[{"id":35389,"href":"https:\/\/www.zsvyhlidka.cz\/index.php?rest_route=\/wp\/v2\/pages\/192\/revisions\/35389"}],"wp:attachment":[{"href":"https:\/\/www.zsvyhlidka.cz\/index.php?rest_route=%2Fwp%2Fv2%2Fmedia&parent=192"}],"curies":[{"name":"wp","href":"https:\/\/api.w.org\/{rel}","templated":true}]}}