{"id":194,"date":"2016-09-13T15:31:41","date_gmt":"2016-09-13T13:31:41","guid":{"rendered":"http:\/\/www.zsvyhlidka.cz\/?page_id=194"},"modified":"2025-08-28T23:13:47","modified_gmt":"2025-08-28T21:13:47","slug":"metodicke-organy","status":"publish","type":"page","link":"https:\/\/www.zsvyhlidka.cz\/?page_id=194","title":{"rendered":"Metodick\u00e9 org\u00e1ny"},"content":{"rendered":"<p>Metodick\u00e9 sdru\u017een\u00ed I. stupn\u011b: <strong>Mgr. Radka Myna\u0159\u00edkov\u00e1<\/strong><\/p>\n<p><span style=\"text-decoration: underline;\">P\u0159edm\u011btov\u00e9 komise:\u00a0<\/span><\/p>\n<ul>\n<li>p\u0159\u00edrodn\u00ed v\u011bdy:\u00a0<strong>Mgr. Radka Nedv\u011bd Marjakov\u00e1<\/strong><\/li>\n<li>matematika a informatika: <strong>Mgr. Jakub \u0160kulav\u00edk<\/strong><\/li>\n<li>\u010desk\u00fd jazyk:\u00a0<strong>Mgr. Michaela Zimkov\u00e1<\/strong><\/li>\n<li>ciz\u00ed jazyky:\u00a0<strong>Mgr. Zuzana Topi\u010dov\u00e1<\/strong><\/li>\n<li>t\u011blesn\u00e1, v\u00fdtvarn\u00e1, hudebn\u00ed v\u00fdchova, pracovn\u00ed \u010dinnosti: <strong>Mgr. Jana Ad\u00e1mkov\u00e1<\/strong><\/li>\n<li>v\u00fdchova k ob\u010danstv\u00ed, v\u00fdchova ke zdrav\u00ed, d\u011bjepis: <strong>Mgr. Lenka Bajerov\u00e1<\/strong><\/li>\n<li>\u010dten\u00e1\u0159sk\u00e1 gramotnost: <strong>Mgr. Andrea Trochtov\u00e1<\/strong><\/li>\n<\/ul>\n","protected":false},"excerpt":{"rendered":"<p>Metodick\u00e9 sdru\u017een\u00ed I. stupn\u011b: Mgr. Radka Myna\u0159\u00edkov\u00e1 P\u0159edm\u011btov\u00e9 komise:\u00a0 p\u0159\u00edrodn\u00ed v\u011bdy:\u00a0Mgr. Radka Nedv\u011bd Marjakov\u00e1 matematika a informatika: Mgr. Jakub \u0160kulav\u00edk \u010desk\u00fd jazyk:\u00a0Mgr. Michaela Zimkov\u00e1 ciz\u00ed jazyky:\u00a0Mgr. Zuzana Topi\u010dov\u00e1 t\u011blesn\u00e1, v\u00fdtvarn\u00e1, hudebn\u00ed v\u00fdchova, pracovn\u00ed \u010dinnosti: Mgr. Jana Ad\u00e1mkov\u00e1 v\u00fdchova k ob\u010danstv\u00ed, <a href=\"https:\/\/www.zsvyhlidka.cz\/?page_id=194\" class=\"read-more\">Zobrazit v\u00edce&#8230;<\/a><\/p>\n","protected":false},"author":1,"featured_media":0,"parent":0,"menu_order":45,"comment_status":"closed","ping_status":"closed","template":"","meta":[],"_links":{"self":[{"href":"https:\/\/www.zsvyhlidka.cz\/index.php?rest_route=\/wp\/v2\/pages\/194"}],"collection":[{"href":"https:\/\/www.zsvyhlidka.cz\/index.php?rest_route=\/wp\/v2\/pages"}],"about":[{"href":"https:\/\/www.zsvyhlidka.cz\/index.php?rest_route=\/wp\/v2\/types\/page"}],"author":[{"embeddable":true,"href":"https:\/\/www.zsvyhlidka.cz\/index.php?rest_route=\/wp\/v2\/users\/1"}],"replies":[{"embeddable":true,"href":"https:\/\/www.zsvyhlidka.cz\/index.php?rest_route=%2Fwp%2Fv2%2Fcomments&post=194"}],"version-history":[{"count":18,"href":"https:\/\/www.zsvyhlidka.cz\/index.php?rest_route=\/wp\/v2\/pages\/194\/revisions"}],"predecessor-version":[{"id":35297,"href":"https:\/\/www.zsvyhlidka.cz\/index.php?rest_route=\/wp\/v2\/pages\/194\/revisions\/35297"}],"wp:attachment":[{"href":"https:\/\/www.zsvyhlidka.cz\/index.php?rest_route=%2Fwp%2Fv2%2Fmedia&parent=194"}],"curies":[{"name":"wp","href":"https:\/\/api.w.org\/{rel}","templated":true}]}}