{"id":19401,"date":"2018-05-24T13:13:35","date_gmt":"2018-05-24T11:13:35","guid":{"rendered":"http:\/\/www.zsvyhlidka.cz\/?page_id=19401"},"modified":"2024-11-22T17:47:16","modified_gmt":"2024-11-22T16:47:16","slug":"informace-o-porizovani-fotografii-obrazovych-a-zvukovych-zaznamu-z-akci","status":"publish","type":"page","link":"https:\/\/www.zsvyhlidka.cz\/?page_id=19401","title":{"rendered":"Informace o po\u0159izov\u00e1n\u00ed fotografi\u00ed, obrazov\u00fdch a zvukov\u00fdch z\u00e1znam\u016f z akc\u00ed"},"content":{"rendered":"<p>V r\u00e1mci akc\u00ed, po\u0159\u00e1dan\u00fdch Z\u00e1kladn\u00ed \u0161kolou Vala\u0161sk\u00e9 Mezi\u0159\u00ed\u010d\u00ed, Vyhl\u00eddka 380, okres Vset\u00edn, p\u0159\u00edsp\u011bvkovou organizac\u00ed, budou po\u0159izov\u00e1ny obrazov\u00e9 a zvukov\u00e9 z\u00e1znamy za \u00fa\u010delem prezentace organiz\u00e1tora akc\u00ed. Z\u00e1kladn\u00ed \u0161kola Vala\u0161sk\u00e9 Mezi\u0159\u00ed\u010d\u00ed, Vyhl\u00eddka 380, okres Vset\u00edn, p\u0159\u00edsp\u011bvkov\u00e1 organizace nenese odpov\u011bdnost za z\u00e1znamy po\u0159\u00edzen\u00e9 a zve\u0159ejn\u011bn\u00e9 jin\u00fdmi subjekty.<\/p>\n","protected":false},"excerpt":{"rendered":"<p>V r\u00e1mci akc\u00ed, po\u0159\u00e1dan\u00fdch Z\u00e1kladn\u00ed \u0161kolou Vala\u0161sk\u00e9 Mezi\u0159\u00ed\u010d\u00ed, Vyhl\u00eddka 380, okres Vset\u00edn, p\u0159\u00edsp\u011bvkovou organizac\u00ed, budou po\u0159izov\u00e1ny obrazov\u00e9 a zvukov\u00e9 z\u00e1znamy za \u00fa\u010delem prezentace organiz\u00e1tora akc\u00ed. Z\u00e1kladn\u00ed \u0161kola Vala\u0161sk\u00e9 Mezi\u0159\u00ed\u010d\u00ed, Vyhl\u00eddka 380, okres Vset\u00edn, p\u0159\u00edsp\u011bvkov\u00e1 organizace nenese odpov\u011bdnost za z\u00e1znamy po\u0159\u00edzen\u00e9 <a href=\"https:\/\/www.zsvyhlidka.cz\/?page_id=19401\" class=\"read-more\">Zobrazit v\u00edce&#8230;<\/a><\/p>\n","protected":false},"author":2,"featured_media":0,"parent":0,"menu_order":0,"comment_status":"closed","ping_status":"closed","template":"","meta":[],"_links":{"self":[{"href":"https:\/\/www.zsvyhlidka.cz\/index.php?rest_route=\/wp\/v2\/pages\/19401"}],"collection":[{"href":"https:\/\/www.zsvyhlidka.cz\/index.php?rest_route=\/wp\/v2\/pages"}],"about":[{"href":"https:\/\/www.zsvyhlidka.cz\/index.php?rest_route=\/wp\/v2\/types\/page"}],"author":[{"embeddable":true,"href":"https:\/\/www.zsvyhlidka.cz\/index.php?rest_route=\/wp\/v2\/users\/2"}],"replies":[{"embeddable":true,"href":"https:\/\/www.zsvyhlidka.cz\/index.php?rest_route=%2Fwp%2Fv2%2Fcomments&post=19401"}],"version-history":[{"count":3,"href":"https:\/\/www.zsvyhlidka.cz\/index.php?rest_route=\/wp\/v2\/pages\/19401\/revisions"}],"predecessor-version":[{"id":33677,"href":"https:\/\/www.zsvyhlidka.cz\/index.php?rest_route=\/wp\/v2\/pages\/19401\/revisions\/33677"}],"wp:attachment":[{"href":"https:\/\/www.zsvyhlidka.cz\/index.php?rest_route=%2Fwp%2Fv2%2Fmedia&parent=19401"}],"curies":[{"name":"wp","href":"https:\/\/api.w.org\/{rel}","templated":true}]}}