{"id":196,"date":"2011-09-12T21:00:33","date_gmt":"2011-09-12T19:00:33","guid":{"rendered":"http:\/\/www.zsvyhlidka.cz\/?page_id=196"},"modified":"2025-08-28T23:14:19","modified_gmt":"2025-08-28T21:14:19","slug":"volitelne-predmety","status":"publish","type":"page","link":"https:\/\/www.zsvyhlidka.cz\/?page_id=196","title":{"rendered":"Voliteln\u00e9 p\u0159edm\u011bty"},"content":{"rendered":"<h5><span style=\"text-decoration: underline;\"><strong>Voliteln\u00e9 p\u0159edm\u011bty ve \u0161koln\u00edm roce 2025\/2026<\/strong><\/span><\/h5>\n<p><strong>7. ro\u010dn\u00edk<\/strong><\/p>\n<p>Tane\u010dn\u00ed a pohybov\u00e1 v\u00fdchova<\/p>\n","protected":false},"excerpt":{"rendered":"<p>Voliteln\u00e9 p\u0159edm\u011bty ve \u0161koln\u00edm roce 2025\/2026 7. ro\u010dn\u00edk Tane\u010dn\u00ed a pohybov\u00e1 v\u00fdchova<\/p>\n","protected":false},"author":1,"featured_media":0,"parent":0,"menu_order":50,"comment_status":"closed","ping_status":"closed","template":"","meta":[],"_links":{"self":[{"href":"https:\/\/www.zsvyhlidka.cz\/index.php?rest_route=\/wp\/v2\/pages\/196"}],"collection":[{"href":"https:\/\/www.zsvyhlidka.cz\/index.php?rest_route=\/wp\/v2\/pages"}],"about":[{"href":"https:\/\/www.zsvyhlidka.cz\/index.php?rest_route=\/wp\/v2\/types\/page"}],"author":[{"embeddable":true,"href":"https:\/\/www.zsvyhlidka.cz\/index.php?rest_route=\/wp\/v2\/users\/1"}],"replies":[{"embeddable":true,"href":"https:\/\/www.zsvyhlidka.cz\/index.php?rest_route=%2Fwp%2Fv2%2Fcomments&post=196"}],"version-history":[{"count":24,"href":"https:\/\/www.zsvyhlidka.cz\/index.php?rest_route=\/wp\/v2\/pages\/196\/revisions"}],"predecessor-version":[{"id":35298,"href":"https:\/\/www.zsvyhlidka.cz\/index.php?rest_route=\/wp\/v2\/pages\/196\/revisions\/35298"}],"wp:attachment":[{"href":"https:\/\/www.zsvyhlidka.cz\/index.php?rest_route=%2Fwp%2Fv2%2Fmedia&parent=196"}],"curies":[{"name":"wp","href":"https:\/\/api.w.org\/{rel}","templated":true}]}}