{"id":19834,"date":"2018-09-21T20:48:28","date_gmt":"2018-09-21T18:48:28","guid":{"rendered":"http:\/\/www.zsvyhlidka.cz\/?page_id=19834"},"modified":"2022-04-25T11:32:56","modified_gmt":"2022-04-25T09:32:56","slug":"deni-ve-skolni-druzine-2018-2019","status":"publish","type":"page","link":"https:\/\/www.zsvyhlidka.cz\/?page_id=19834","title":{"rendered":"D\u011bn\u00ed ve \u0161koln\u00ed dru\u017ein\u011b"},"content":{"rendered":"<h5><strong>D\u011bn\u00ed ve \u0161koln\u00ed dru\u017ein\u011b 2021 &#8211; 2022<\/strong><\/h5>\n<p><span style=\"color: #ff0000;\"><strong>Upozorn\u011bn\u00ed: od poloviny dubna 2022 zpr\u00e1vi\u010dky z na\u0161\u00ed \u0161koln\u00ed dru\u017einy budou zve\u0159ej\u0148ov\u00e1ny v sekci Aktuality&#8230;<\/strong><\/span><\/p>\n<ul>\n<li><a href=\"https:\/\/www.zsvyhlidka.cz\/?page_id=29568\">Kv\u00edz Kr\u00e1lovny kolob\u011b\u017eky<\/a><\/li>\n<li><a href=\"https:\/\/www.zsvyhlidka.cz\/?page_id=29506\">Velikonoce v muzeu<\/a><\/li>\n<li><a href=\"https:\/\/www.zsvyhlidka.cz\/?page_id=29477\">Den zdrav\u00ed ve \u0161koln\u00ed dru\u017ein\u011b<\/a><\/li>\n<li><a href=\"https:\/\/www.zsvyhlidka.cz\/?page_id=29488\">Karnevalov\u00e9 odpoledne<\/a><\/li>\n<li><a href=\"https:\/\/www.zsvyhlidka.cz\/?page_id=29433\">V\u00edt\u00e1n\u00ed jara<\/a><\/li>\n<li><a href=\"https:\/\/www.zsvyhlidka.cz\/?page_id=29424\">\u017d\u00e1ci \u0160D p\u0159ed\u010d\u00edtaj\u00ed budouc\u00edm prv\u0148\u00e1\u010dk\u016fm poh\u00e1dky<\/a><\/li>\n<li><a href=\"https:\/\/www.zsvyhlidka.cz\/?page_id=29416\">Pono\u017ekov\u00fd den<\/a><\/li>\n<li><a href=\"https:\/\/www.zsvyhlidka.cz\/?page_id=29278\">Archeologie Vala\u0161ska<\/a><\/li>\n<li><a href=\"https:\/\/www.zsvyhlidka.cz\/?page_id=29086\">D\u011bti ze \u0160D p\u0159ikrmovali pt\u00e1\u010dky<\/a><\/li>\n<li><a href=\"https:\/\/www.zsvyhlidka.cz\/?page_id=28998\">Advent ve \u0161koln\u00ed dru\u017ein\u011b<\/a><\/li>\n<li><a href=\"https:\/\/www.zsvyhlidka.cz\/?page_id=28950\">\u017d\u00e1kovsk\u00fd parlament ve \u0161koln\u00ed dru\u017ein\u011b<\/a><\/li>\n<li><a href=\"https:\/\/www.zsvyhlidka.cz\/?page_id=28899\">N\u00e1v\u0161t\u011bva Muzea stra\u0161idel<\/a><\/li>\n<li><a href=\"https:\/\/www.zsvyhlidka.cz\/?page_id=28823\">Den strom\u016f ve \u0161koln\u00ed dru\u017ein\u011b<\/a><\/li>\n<li><a href=\"https:\/\/www.zsvyhlidka.cz\/?page_id=28815\">Halloween ve \u0161koln\u00ed dru\u017ein\u011b<\/a><\/li>\n<li><a href=\"https:\/\/www.zsvyhlidka.cz\/?page_id=28783\">Projekt &#8222;Kv\u011btnat\u00e9 louky na Vala\u0161sku a v Kysuc\u00e1ch&#8220;<\/a><\/li>\n<li><a href=\"http:\/\/www.zsvyhlidka.cz\/?page_id=28727\">Dr\u00e1\u010dkov\u00fd t\u00fdden<\/a><\/li>\n<li><a href=\"https:\/\/www.zsvyhlidka.cz\/?page_id=28665\">Podzimn\u00ed proch\u00e1zka do minizoo<\/a><\/li>\n<li><a href=\"https:\/\/www.zsvyhlidka.cz\/?page_id=28675\">N\u00e1v\u0161t\u011bva dopravn\u00edho h\u0159i\u0161t\u011b<\/a><\/li>\n<li><a href=\"https:\/\/www.zsvyhlidka.cz\/?page_id=28621\">Kompletn\u00ed v\u00fdcvik superhrdiny<\/a><\/li>\n<li><a href=\"http:\/\/www.zsvyhlidka.cz\/?page_id=28608\">Za\u010d\u00e1tek \u0161koln\u00edho roku v \u0160D<\/a><\/li>\n<\/ul>\n<h5><strong>D\u011bn\u00ed ve \u0161koln\u00ed dru\u017ein\u011b 2020 &#8211; 2021<\/strong><\/h5>\n<ul>\n<li><a href=\"https:\/\/www.zsvyhlidka.cz\/?page_id=28360\">Kompletn\u00ed v\u00fdcvik Superhrdiny<\/a><\/li>\n<li><a href=\"https:\/\/www.zsvyhlidka.cz\/?page_id=28307\">Dopravn\u00ed v\u00fdchova v \u0160D a n\u00e1v\u0161t\u011bva dopravn\u00edho h\u0159i\u0161t\u011b<\/a><\/li>\n<li><a href=\"https:\/\/www.zsvyhlidka.cz\/?page_id=28290\">\u017d\u00e1ci virtu\u00e1ln\u011b adoptovali pandu \u010dernou ze ZOO Zl\u00edn<\/a><\/li>\n<\/ul>\n<h5><\/h5>\n<h5><\/h5>\n","protected":false},"excerpt":{"rendered":"<p>D\u011bn\u00ed ve \u0161koln\u00ed dru\u017ein\u011b 2021 &#8211; 2022 Upozorn\u011bn\u00ed: od poloviny dubna 2022 zpr\u00e1vi\u010dky z na\u0161\u00ed \u0161koln\u00ed dru\u017einy budou zve\u0159ej\u0148ov\u00e1ny v sekci Aktuality&#8230; Kv\u00edz Kr\u00e1lovny kolob\u011b\u017eky Velikonoce v muzeu Den zdrav\u00ed ve \u0161koln\u00ed dru\u017ein\u011b Karnevalov\u00e9 odpoledne V\u00edt\u00e1n\u00ed jara \u017d\u00e1ci \u0160D p\u0159ed\u010d\u00edtaj\u00ed <a href=\"https:\/\/www.zsvyhlidka.cz\/?page_id=19834\" class=\"read-more\">Zobrazit v\u00edce&#8230;<\/a><\/p>\n","protected":false},"author":4,"featured_media":0,"parent":0,"menu_order":0,"comment_status":"closed","ping_status":"closed","template":"","meta":[],"_links":{"self":[{"href":"https:\/\/www.zsvyhlidka.cz\/index.php?rest_route=\/wp\/v2\/pages\/19834"}],"collection":[{"href":"https:\/\/www.zsvyhlidka.cz\/index.php?rest_route=\/wp\/v2\/pages"}],"about":[{"href":"https:\/\/www.zsvyhlidka.cz\/index.php?rest_route=\/wp\/v2\/types\/page"}],"author":[{"embeddable":true,"href":"https:\/\/www.zsvyhlidka.cz\/index.php?rest_route=\/wp\/v2\/users\/4"}],"replies":[{"embeddable":true,"href":"https:\/\/www.zsvyhlidka.cz\/index.php?rest_route=%2Fwp%2Fv2%2Fcomments&post=19834"}],"version-history":[{"count":74,"href":"https:\/\/www.zsvyhlidka.cz\/index.php?rest_route=\/wp\/v2\/pages\/19834\/revisions"}],"predecessor-version":[{"id":29631,"href":"https:\/\/www.zsvyhlidka.cz\/index.php?rest_route=\/wp\/v2\/pages\/19834\/revisions\/29631"}],"wp:attachment":[{"href":"https:\/\/www.zsvyhlidka.cz\/index.php?rest_route=%2Fwp%2Fv2%2Fmedia&parent=19834"}],"curies":[{"name":"wp","href":"https:\/\/api.w.org\/{rel}","templated":true}]}}