{"id":201,"date":"2017-08-29T14:40:07","date_gmt":"2017-08-29T12:40:07","guid":{"rendered":"http:\/\/www.zsvyhlidka.cz\/?page_id=201"},"modified":"2026-04-07T06:21:32","modified_gmt":"2026-04-07T04:21:32","slug":"rocni-plan-skoly","status":"publish","type":"page","link":"https:\/\/www.zsvyhlidka.cz\/?page_id=201","title":{"rendered":"Ro\u010dn\u00ed pl\u00e1n \u0161koly"},"content":{"rendered":"<h5><\/h5>\n<table style=\"height: 297px;\" border=\"0\" width=\"510\" cellspacing=\"0\" cellpadding=\"0\">\n<tbody>\n<tr>\n<td width=\"150\" height=\"20\">1.pololet\u00ed<\/td>\n<td width=\"210\">1. z\u00e1\u0159\u00ed 2025 &#8211; 29. ledna 2026<\/td>\n<\/tr>\n<tr>\n<td height=\"20\">2.pololet\u00ed<\/td>\n<td>2. \u00fanora 2026 &#8211; 26. \u010dervna 2026<\/td>\n<\/tr>\n<tr>\n<td height=\"20\">Podzimn\u00ed pr\u00e1zdniny<\/td>\n<td>27. \u0159\u00edjna 2025 a 29. \u0159\u00edjna 2025<\/td>\n<\/tr>\n<tr>\n<td height=\"20\">V\u00e1no\u010dn\u00ed pr\u00e1zdniny<\/td>\n<td>22. prosince 2025 &#8211; 3. ledna 2026<\/td>\n<\/tr>\n<tr>\n<td height=\"20\">Pololetn\u00ed pr\u00e1zdniny<\/td>\n<td>30. ledna 2026<\/td>\n<\/tr>\n<tr>\n<td height=\"20\">Jarn\u00ed pr\u00e1zdniny<\/td>\n<td>2. b\u0159ezna 2026 &#8211; 8. b\u0159ezna 2026<\/td>\n<\/tr>\n<tr>\n<td height=\"20\">Velikono\u010dn\u00ed pr\u00e1zdniny<\/td>\n<td>2. dubna 2026<\/td>\n<\/tr>\n<tr>\n<td height=\"20\">Hlavn\u00ed pr\u00e1zdniny<\/td>\n<td>29. \u010dervna 2026 &#8211; 31. srpna 2026<\/td>\n<\/tr>\n<\/tbody>\n<\/table>\n<div><span style=\"color: #ffffff;\">\u00a0.<\/span><\/div>\n<div>\n<div><strong><span style=\"color: black;\">Pl\u00e1n pedag<\/span><\/strong><strong><span style=\"color: black;\">ogick\u00fdch a klasifika\u010dn\u00edch porad<\/span><\/strong><strong><span style=\"color: black; font-weight: normal;\"> :<\/span><\/strong><\/div>\n<\/div>\n<div>\n<div><strong><span style=\"color: black; font-weight: normal;\"><span style=\"color: #ffffff;\">.<\/span><br \/>\n<\/span><\/strong><\/div>\n<\/div>\n<div>\n<table style=\"height: 259px;\" border=\"0\" width=\"500\" cellspacing=\"0\" cellpadding=\"0\">\n<tbody>\n<tr>\n<td width=\"64\" height=\"20\">1. \u010dtvrtlet\u00ed<\/td>\n<td width=\"230\">18. 11. 2025<\/td>\n<\/tr>\n<tr>\n<td height=\"20\">1. pololet\u00ed<\/td>\n<td>22. 1. 2026<\/td>\n<\/tr>\n<tr>\n<td height=\"20\">3. \u010dtvrtlet\u00ed<\/td>\n<td>7. 4. 2026<\/td>\n<\/tr>\n<tr>\n<td height=\"20\">2. pololet\u00ed<\/td>\n<td>18. 6. 2026<\/td>\n<\/tr>\n<\/tbody>\n<\/table>\n<div><\/div>\n<div><strong><span style=\"color: black;\">T\u0159\u00eddn\u00ed sch\u016fzky<\/span><\/strong><strong><span style=\"color: black; font-weight: normal;\"> :<\/span><\/strong><\/div>\n<div><strong><span style=\"color: black; font-weight: normal;\"><span style=\"color: #ffffff;\">.<\/span><br \/>\n<\/span><\/strong><\/div>\n<div>\n<table style=\"height: 259px;\" border=\"0\" width=\"500\" cellspacing=\"0\" cellpadding=\"0\">\n<tbody>\n<tr>\n<td width=\"120\" height=\"20\">\u00davodn\u00ed t\u0159\u00eddn\u00ed sch\u016fzka<\/td>\n<td width=\"230\">2. 9. 2025<\/td>\n<\/tr>\n<tr>\n<td width=\"64\" height=\"20\">1. \u010dtvrtlet\u00ed<\/td>\n<td width=\"230\">5. &#8211; 11. 11. 2025 Tri\u00e1dy<\/td>\n<\/tr>\n<tr>\n<td height=\"20\">1. pololet\u00ed<\/td>\n<td>13. 1. 2026 Konzulta\u010dn\u00ed den<\/td>\n<\/tr>\n<tr>\n<td height=\"20\">3. \u010dtvrtlet\u00ed<\/td>\n<td>13. &#8211; 17. 4. 2026 Tri\u00e1dy<\/td>\n<\/tr>\n<tr>\n<td height=\"20\">2. pololet\u00ed<\/td>\n<td>2. 6. 2026 Konzulta\u010dn\u00ed den<\/td>\n<\/tr>\n<\/tbody>\n<\/table>\n<\/div>\n<div>\n<div class=\"MsoNormal\" style=\"text-align: center;\">\n<hr size=\"2\" \/>\n<\/div>\n<p class=\"MsoNormal\"><strong>Term\u00edn z\u00e1pisu do I. t\u0159\u00edd: <\/strong><\/p>\n<p>viz informace &#8222;Z\u00e1pis do 1. t\u0159\u00edd.&#8220;<\/p>\n<p class=\"MsoNormal\"><strong><br \/>\n<strong>Term\u00edn p\u0159ij\u00edmac\u00edch zkou\u0161ek na st\u0159edn\u00ed \u0161koly: <\/strong><\/strong><\/p>\n<p class=\"MsoNormal\">viz informace V\u00fdchovn\u00e9ho poradce<\/p>\n<\/div>\n<\/div>\n","protected":false},"excerpt":{"rendered":"<p>1.pololet\u00ed 1. z\u00e1\u0159\u00ed 2025 &#8211; 29. ledna 2026 2.pololet\u00ed 2. \u00fanora 2026 &#8211; 26. \u010dervna 2026 Podzimn\u00ed pr\u00e1zdniny 27. \u0159\u00edjna 2025 a 29. \u0159\u00edjna 2025 V\u00e1no\u010dn\u00ed pr\u00e1zdniny 22. prosince 2025 &#8211; 3. ledna 2026 Pololetn\u00ed pr\u00e1zdniny 30. ledna 2026 Jarn\u00ed <a href=\"https:\/\/www.zsvyhlidka.cz\/?page_id=201\" class=\"read-more\">Zobrazit v\u00edce&#8230;<\/a><\/p>\n","protected":false},"author":1,"featured_media":0,"parent":0,"menu_order":55,"comment_status":"closed","ping_status":"closed","template":"","meta":[],"_links":{"self":[{"href":"https:\/\/www.zsvyhlidka.cz\/index.php?rest_route=\/wp\/v2\/pages\/201"}],"collection":[{"href":"https:\/\/www.zsvyhlidka.cz\/index.php?rest_route=\/wp\/v2\/pages"}],"about":[{"href":"https:\/\/www.zsvyhlidka.cz\/index.php?rest_route=\/wp\/v2\/types\/page"}],"author":[{"embeddable":true,"href":"https:\/\/www.zsvyhlidka.cz\/index.php?rest_route=\/wp\/v2\/users\/1"}],"replies":[{"embeddable":true,"href":"https:\/\/www.zsvyhlidka.cz\/index.php?rest_route=%2Fwp%2Fv2%2Fcomments&post=201"}],"version-history":[{"count":56,"href":"https:\/\/www.zsvyhlidka.cz\/index.php?rest_route=\/wp\/v2\/pages\/201\/revisions"}],"predecessor-version":[{"id":36479,"href":"https:\/\/www.zsvyhlidka.cz\/index.php?rest_route=\/wp\/v2\/pages\/201\/revisions\/36479"}],"wp:attachment":[{"href":"https:\/\/www.zsvyhlidka.cz\/index.php?rest_route=%2Fwp%2Fv2%2Fmedia&parent=201"}],"curies":[{"name":"wp","href":"https:\/\/api.w.org\/{rel}","templated":true}]}}