{"id":203,"date":"2016-09-13T15:18:38","date_gmt":"2016-09-13T13:18:38","guid":{"rendered":"http:\/\/www.zsvyhlidka.cz\/?page_id=203"},"modified":"2025-09-11T23:44:41","modified_gmt":"2025-09-11T21:44:41","slug":"skolska-rada","status":"publish","type":"page","link":"https:\/\/www.zsvyhlidka.cz\/?page_id=203","title":{"rendered":"\u0160kolsk\u00e1 rada"},"content":{"rendered":"<p><span style=\"line-height: 22px;\">\u0160kolsk\u00e1 rada umo\u017e\u0148uje z\u00e1konn\u00fdm z\u00e1stupc\u016fm nezletil\u00fdch \u017e\u00e1k\u016f (d\u00e1le u\u010ditel\u016fm a z\u0159izovateli) pod\u00edlet se na spr\u00e1v\u011b \u0161koly.<\/span><\/p>\n<p>Z\u00e1kladn\u00ed informace o \u0160kolsk\u00e9 rad\u011b najdete <a href=\"http:\/\/www.zsvyhlidka.cz\/wp-content\/uploads\/2024\/11\/Informace-o-Skolske-rade.pdf\"><strong>ZDE<\/strong><\/a>.<\/p>\n<ul>\n<li><a href=\"http:\/\/www.zsvyhlidka.cz\/wp-content\/uploads\/2025\/09\/29.8.2025.pdf\">Z\u00e1pis z jedn\u00e1n\u00ed \u0161kolsk\u00e9 rady ze dne 29.8.2025<\/a><\/li>\n<li><a href=\"http:\/\/www.zsvyhlidka.cz\/wp-content\/uploads\/2025\/09\/30.5.2025.pdf\">Z\u00e1pis z jedn\u00e1n\u00ed \u0161kolsk\u00e9 rady ze dne 30.5.2025<\/a><\/li>\n<li><a href=\"http:\/\/www.zsvyhlidka.cz\/wp-content\/uploads\/2024\/12\/13.12.2024.pdf\">Z\u00e1pis z jedn\u00e1n\u00ed \u0161kolsk\u00e9 rady ze dne 13.12.2024<\/a><\/li>\n<li><a href=\"http:\/\/www.zsvyhlidka.cz\/wp-content\/uploads\/2024\/08\/29.8.2024.pdf\">Z\u00e1pis z jedn\u00e1n\u00ed \u0161kolsk\u00e9 rady ze dne 29.8.2024<\/a><\/li>\n<li><a href=\"http:\/\/www.zsvyhlidka.cz\/wp-content\/uploads\/2024\/08\/0003_240830135936_001.pdf\">Z\u00e1pis z jedn\u00e1n\u00ed \u0161kolsk\u00e9 rady ze dne 27.6.2024<\/a><\/li>\n<li><a href=\"http:\/\/www.zsvyhlidka.cz\/wp-content\/uploads\/2023\/11\/Zapis-z-voleb-do-Skolske-rady-zakonny-zastupce-_23.pdf\">Z\u00e1pis z jedn\u00e1n\u00ed \u0161kolsk\u00e9 rady ze dne 14.11.2023<\/a><\/li>\n<li><a href=\"http:\/\/www.zsvyhlidka.cz\/wp-content\/uploads\/2023\/08\/Skolska-rada_29.8.2023.pdf\">Z\u00e1pis z jedn\u00e1n\u00ed \u0161kolsk\u00e9 rady ze dne 29.8.2023<\/a><\/li>\n<li><a href=\"http:\/\/www.zsvyhlidka.cz\/wp-content\/uploads\/2022\/08\/zapis_ze_dne_29.8.2022.doc\"><span style=\"color: #003366;\">Z\u00e1pis z jedn\u00e1n\u00ed \u0161kolsk\u00e9 rady ze dne<\/span> <span style=\"color: #003366;\">29.8.2022<\/span><\/a><\/li>\n<li><a href=\"http:\/\/www.zsvyhlidka.cz\/wp-content\/uploads\/2022\/08\/Zapis-ze-dne-2.6.2022.pdf\">Z\u00e1pis z jedn\u00e1n\u00ed \u0161kolsk\u00e9 rady ze dne 2.6.2022<\/a><\/li>\n<li><a href=\"http:\/\/www.zsvyhlidka.cz\/wp-content\/uploads\/2022\/09\/Volby-do-skolske-rady_2022_pedagog.pdf\">Volby do \u0161kolsk\u00e9 rady 2022 \u2013 z\u00e1stupce pro pedagogick\u00e9 pracovn\u00edky<\/a><\/li>\n<li><a href=\"http:\/\/www.zsvyhlidka.cz\/wp-content\/uploads\/2022\/09\/21.9.2021.pdf\">Z\u00e1pis z jedn\u00e1n\u00ed \u0161kolsk\u00e9 rady ze dne 21.9.2021<\/a><\/li>\n<li><a href=\"http:\/\/www.zsvyhlidka.cz\/wp-content\/uploads\/2020\/09\/Z\u00e1pis-ze-dne-15.9.2020.pdf\">Z\u00e1pis z jedn\u00e1n\u00ed \u0161kolsk\u00e9 rady ze dne 15.9.2020<\/a><\/li>\n<li><a href=\"http:\/\/www.zsvyhlidka.cz\/wp-content\/uploads\/2020\/06\/Z\u00e1pis-ze-dne-4.6.2020.pdf\">Z\u00e1pis z jedn\u00e1n\u00ed \u0161kolsk\u00e9 rady ze dne 4.6.2020<\/a><\/li>\n<li><a href=\"http:\/\/www.zsvyhlidka.cz\/wp-content\/uploads\/2019\/09\/Z\u00e1pis-ze-\u0161kolsk\u00e9-rady-dne-5.9.2019.pdf\">Z\u00e1pis z jedn\u00e1n\u00ed \u0161kolsk\u00e9 rady ze dne 5.9.2019<\/a><\/li>\n<li><a href=\"http:\/\/www.zsvyhlidka.cz\/wp-content\/uploads\/2019\/06\/\u0160koln\u00ed-rada-18.6.2019.pdf\">Z\u00e1pis z\u00a0jedn\u00e1n\u00ed \u0161kolsk\u00e9 rady ze dne 18.6.2019<\/a><\/li>\n<li><a href=\"http:\/\/www.zsvyhlidka.cz\/wp-content\/uploads\/2019\/03\/Z\u00e1pis-z-jedn\u00e1n\u00ed-\u0160R-ze-dne-11.03.2019.pdf\">Z\u00e1pis z jedn\u00e1n\u00ed \u0161kolsk\u00e9 rady ze dne 11.3.2019<\/a><\/li>\n<li><a href=\"http:\/\/www.zsvyhlidka.cz\/wp-content\/uploads\/2018\/09\/Z\u00e1pis-ze-\u0161kolsk\u00e9-rady-6.9.2018.pdf\">Z\u00e1pis z jedn\u00e1n\u00ed \u0161kolsk\u00e9 rady ze dne 6.9.2018<\/a><\/li>\n<li><a href=\"http:\/\/www.zsvyhlidka.cz\/wp-content\/uploads\/2016\/09\/Z\u00e1pis-ze-\u0161kolsk\u00e9-rady-ze-dne-6.9.2017.jpg\">Z\u00e1pis z jedn\u00e1n\u00ed \u0160kolsk\u00e9 rady ze dne 6.9.2017<\/a><\/li>\n<\/ul>\n","protected":false},"excerpt":{"rendered":"<p>\u0160kolsk\u00e1 rada umo\u017e\u0148uje z\u00e1konn\u00fdm z\u00e1stupc\u016fm nezletil\u00fdch \u017e\u00e1k\u016f (d\u00e1le u\u010ditel\u016fm a z\u0159izovateli) pod\u00edlet se na spr\u00e1v\u011b \u0161koly. Z\u00e1kladn\u00ed informace o \u0160kolsk\u00e9 rad\u011b najdete ZDE. Z\u00e1pis z jedn\u00e1n\u00ed \u0161kolsk\u00e9 rady ze dne 29.8.2025 Z\u00e1pis z jedn\u00e1n\u00ed \u0161kolsk\u00e9 rady ze dne 30.5.2025 Z\u00e1pis <a href=\"https:\/\/www.zsvyhlidka.cz\/?page_id=203\" class=\"read-more\">Zobrazit v\u00edce&#8230;<\/a><\/p>\n","protected":false},"author":1,"featured_media":0,"parent":0,"menu_order":59,"comment_status":"closed","ping_status":"closed","template":"","meta":[],"_links":{"self":[{"href":"https:\/\/www.zsvyhlidka.cz\/index.php?rest_route=\/wp\/v2\/pages\/203"}],"collection":[{"href":"https:\/\/www.zsvyhlidka.cz\/index.php?rest_route=\/wp\/v2\/pages"}],"about":[{"href":"https:\/\/www.zsvyhlidka.cz\/index.php?rest_route=\/wp\/v2\/types\/page"}],"author":[{"embeddable":true,"href":"https:\/\/www.zsvyhlidka.cz\/index.php?rest_route=\/wp\/v2\/users\/1"}],"replies":[{"embeddable":true,"href":"https:\/\/www.zsvyhlidka.cz\/index.php?rest_route=%2Fwp%2Fv2%2Fcomments&post=203"}],"version-history":[{"count":41,"href":"https:\/\/www.zsvyhlidka.cz\/index.php?rest_route=\/wp\/v2\/pages\/203\/revisions"}],"predecessor-version":[{"id":35377,"href":"https:\/\/www.zsvyhlidka.cz\/index.php?rest_route=\/wp\/v2\/pages\/203\/revisions\/35377"}],"wp:attachment":[{"href":"https:\/\/www.zsvyhlidka.cz\/index.php?rest_route=%2Fwp%2Fv2%2Fmedia&parent=203"}],"curies":[{"name":"wp","href":"https:\/\/api.w.org\/{rel}","templated":true}]}}