{"id":20849,"date":"2019-04-25T08:37:46","date_gmt":"2019-04-25T06:37:46","guid":{"rendered":"http:\/\/www.zsvyhlidka.cz\/?page_id=20849"},"modified":"2026-03-10T14:38:33","modified_gmt":"2026-03-10T13:38:33","slug":"povinne-zverejnovane-informace-dle-zakona-106-1999-sb","status":"publish","type":"page","link":"https:\/\/www.zsvyhlidka.cz\/?page_id=20849","title":{"rendered":"Povinn\u011b zve\u0159ej\u0148ovan\u00e9 informace dle z\u00e1kona 106\/1999 Sb."},"content":{"rendered":"<h5><strong>Povinn\u011b zve\u0159ej\u0148ovan\u00e9 informace dle z\u00e1kona 106\/1999 Sb.<\/strong><\/h5>\n<ul>\n<li><a href=\"http:\/\/www.zsvyhlidka.cz\/wp-content\/uploads\/2019\/04\/Odpov\u011b\u010f-na-\u017e\u00e1dost-o-poskytnut\u00ed-informace_01.pdf\">Odpov\u011b\u010f na \u017e\u00e1dost o poskytnut\u00ed informace_01<\/a><\/li>\n<li><a href=\"http:\/\/www.zsvyhlidka.cz\/wp-content\/uploads\/2022\/03\/Poskytovani_informaci_2022.pdf\">Sm\u011brnice pro poskytov\u00e1n\u00ed informac\u00ed<\/a><\/li>\n<li><a href=\"http:\/\/www.zsvyhlidka.cz\/wp-content\/uploads\/2022\/06\/Struktura-informaci-zverejnovanych-o-povinnem-subjektu.pdf\">Struktura informac\u00ed zve\u0159ej\u0148ovan\u00fdch o povinn\u00e9m subjektu<\/a><\/li>\n<li><a href=\"https:\/\/www.zsvyhlidka.cz\/?page_id=29257\">V\u00fdro\u010dn\u00ed zpr\u00e1vy o \u010dinnosti v\u00a0oblasti poskytov\u00e1n\u00ed informac\u00ed podle z\u00e1kona \u010d 106\/1999Sb<\/a><\/li>\n<li><a href=\"http:\/\/www.zsvyhlidka.cz\/wp-content\/uploads\/2026\/03\/2603_VZ-informace-2025.pdf\">V\u00fdro\u010dn\u00ed zpr\u00e1va o poskytov\u00e1n\u00ed informac\u00ed za rok 2025<\/a><\/li>\n<\/ul>\n<p>.<\/p>\n<div dir=\"ltr\">\n<div><\/div>\n<\/div>\n","protected":false},"excerpt":{"rendered":"<p>Povinn\u011b zve\u0159ej\u0148ovan\u00e9 informace dle z\u00e1kona 106\/1999 Sb. Odpov\u011b\u010f na \u017e\u00e1dost o poskytnut\u00ed informace_01 Sm\u011brnice pro poskytov\u00e1n\u00ed informac\u00ed Struktura informac\u00ed zve\u0159ej\u0148ovan\u00fdch o povinn\u00e9m subjektu V\u00fdro\u010dn\u00ed zpr\u00e1vy o \u010dinnosti v\u00a0oblasti poskytov\u00e1n\u00ed informac\u00ed podle z\u00e1kona \u010d 106\/1999Sb V\u00fdro\u010dn\u00ed zpr\u00e1va o poskytov\u00e1n\u00ed informac\u00ed za <a href=\"https:\/\/www.zsvyhlidka.cz\/?page_id=20849\" class=\"read-more\">Zobrazit v\u00edce&#8230;<\/a><\/p>\n","protected":false},"author":2,"featured_media":0,"parent":0,"menu_order":0,"comment_status":"closed","ping_status":"closed","template":"","meta":[],"_links":{"self":[{"href":"https:\/\/www.zsvyhlidka.cz\/index.php?rest_route=\/wp\/v2\/pages\/20849"}],"collection":[{"href":"https:\/\/www.zsvyhlidka.cz\/index.php?rest_route=\/wp\/v2\/pages"}],"about":[{"href":"https:\/\/www.zsvyhlidka.cz\/index.php?rest_route=\/wp\/v2\/types\/page"}],"author":[{"embeddable":true,"href":"https:\/\/www.zsvyhlidka.cz\/index.php?rest_route=\/wp\/v2\/users\/2"}],"replies":[{"embeddable":true,"href":"https:\/\/www.zsvyhlidka.cz\/index.php?rest_route=%2Fwp%2Fv2%2Fcomments&post=20849"}],"version-history":[{"count":13,"href":"https:\/\/www.zsvyhlidka.cz\/index.php?rest_route=\/wp\/v2\/pages\/20849\/revisions"}],"predecessor-version":[{"id":36277,"href":"https:\/\/www.zsvyhlidka.cz\/index.php?rest_route=\/wp\/v2\/pages\/20849\/revisions\/36277"}],"wp:attachment":[{"href":"https:\/\/www.zsvyhlidka.cz\/index.php?rest_route=%2Fwp%2Fv2%2Fmedia&parent=20849"}],"curies":[{"name":"wp","href":"https:\/\/api.w.org\/{rel}","templated":true}]}}