{"id":211,"date":"2016-09-13T15:35:23","date_gmt":"2016-09-13T13:35:23","guid":{"rendered":"http:\/\/www.zsvyhlidka.cz\/?page_id=211"},"modified":"2025-03-19T13:12:52","modified_gmt":"2025-03-19T12:12:52","slug":"projekty","status":"publish","type":"page","link":"https:\/\/www.zsvyhlidka.cz\/?page_id=211","title":{"rendered":"Projekty"},"content":{"rendered":"<h5><span style=\"text-decoration: underline;\"><strong><a href=\"http:\/\/www.zsvyhlidka.cz\/wp-content\/uploads\/2016\/09\/Logolink_OP_VVV_hor_barva_cz.jpg\"><br \/>\n<\/a>Projekty, jich\u017e se \u00fa\u010dastn\u00edme:<\/strong><\/span><\/h5>\n<ul>\n<li>projekt\u00a0<a href=\"http:\/\/www.zsvyhlidka.cz\/wp-content\/uploads\/2025\/03\/ZS-Vyhlidka_ZPRAVA.pdf\"><strong>PODPORA Z\u0160 VYHL\u00cdDKA FORMOU \u0160ABLON II OPJAK<\/strong><\/a><\/li>\n<\/ul>\n<p><a href=\"http:\/\/www.zsvyhlidka.cz\/wp-content\/uploads\/2025\/03\/ZS-Vyhlidka_PLAKAT-1.jpg\"><img loading=\"lazy\" class=\"aligncenter  wp-image-34384\" src=\"http:\/\/www.zsvyhlidka.cz\/wp-content\/uploads\/2025\/03\/ZS-Vyhlidka_PLAKAT-1-1024x768.jpg\" alt=\"\" width=\"267\" height=\"200\" srcset=\"https:\/\/www.zsvyhlidka.cz\/wp-content\/uploads\/2025\/03\/ZS-Vyhlidka_PLAKAT-1-1024x768.jpg 1024w, https:\/\/www.zsvyhlidka.cz\/wp-content\/uploads\/2025\/03\/ZS-Vyhlidka_PLAKAT-1-300x225.jpg 300w, https:\/\/www.zsvyhlidka.cz\/wp-content\/uploads\/2025\/03\/ZS-Vyhlidka_PLAKAT-1-768x576.jpg 768w, https:\/\/www.zsvyhlidka.cz\/wp-content\/uploads\/2025\/03\/ZS-Vyhlidka_PLAKAT-1-1536x1152.jpg 1536w, https:\/\/www.zsvyhlidka.cz\/wp-content\/uploads\/2025\/03\/ZS-Vyhlidka_PLAKAT-1-2048x1536.jpg 2048w, https:\/\/www.zsvyhlidka.cz\/wp-content\/uploads\/2025\/03\/ZS-Vyhlidka_PLAKAT-1-360x270.jpg 360w\" sizes=\"(max-width: 267px) 100vw, 267px\" \/><\/a><\/p>\n<ul>\n<li>projekt\u00a0<a href=\"http:\/\/www.zsvyhlidka.cz\/wp-content\/uploads\/2024\/03\/vzor-MSMT-Letak-pro-publicitu-NPO_soucasne_173-174_2022-2023.pdf\"><strong>DIGITALIZUJEME \u0160KOLU 2022-2023<\/strong><\/a><\/li>\n<li>projekt\u00a0<a href=\"http:\/\/www.zsvyhlidka.cz\/wp-content\/uploads\/2024\/03\/vzor-MSMT-Letak-pro-publicitu-NPO_172_Distanc_vyuka-2020.pdf\"><strong>DIGITALIZUJEME \u0160KOLU 2020<\/strong><\/a><\/li>\n<li>projekt <strong><a href=\"http:\/\/www.zsvyhlidka.cz\/wp-content\/uploads\/2023\/10\/Plakat-A3_page-0001-1.jpg\"><span style=\"color: #003366;\">OB\u011aDY DO \u0160KOL<\/span><\/a><\/strong><\/li>\n<li>projekt <span style=\"color: #003366;\"><strong>PODPORA Z\u0160 VYHL\u00cdDKA FORMOU \u0160ABLON I OPJAK<\/strong><\/span><\/li>\n<\/ul>\n<p><a href=\"http:\/\/www.zsvyhlidka.cz\/wp-content\/uploads\/2023\/06\/plakat-scaled.jpg\"><img loading=\"lazy\" class=\"size-medium wp-image-31220 aligncenter\" src=\"http:\/\/www.zsvyhlidka.cz\/wp-content\/uploads\/2023\/06\/plakat-212x300.jpg\" alt=\"\" width=\"212\" height=\"300\" srcset=\"https:\/\/www.zsvyhlidka.cz\/wp-content\/uploads\/2023\/06\/plakat-212x300.jpg 212w, https:\/\/www.zsvyhlidka.cz\/wp-content\/uploads\/2023\/06\/plakat-724x1024.jpg 724w, https:\/\/www.zsvyhlidka.cz\/wp-content\/uploads\/2023\/06\/plakat-768x1086.jpg 768w, https:\/\/www.zsvyhlidka.cz\/wp-content\/uploads\/2023\/06\/plakat-1086x1536.jpg 1086w, https:\/\/www.zsvyhlidka.cz\/wp-content\/uploads\/2023\/06\/plakat-1448x2048.jpg 1448w, https:\/\/www.zsvyhlidka.cz\/wp-content\/uploads\/2023\/06\/plakat-191x270.jpg 191w, https:\/\/www.zsvyhlidka.cz\/wp-content\/uploads\/2023\/06\/plakat-scaled.jpg 1810w\" sizes=\"(max-width: 212px) 100vw, 212px\" \/><\/a><\/p>\n<ul>\n<li>projekt\u00a0<a href=\"http:\/\/www.zsvyhlidka.cz\/wp-content\/uploads\/2019\/11\/NENECH-TO-B\u00ddT.pdf\"><strong><u>NENECH TO B\u00ddT<\/u><\/strong><\/a><\/li>\n<li>projekt<strong><span style=\"text-decoration: underline;\"><a href=\"http:\/\/www.zsvyhlidka.cz\/?page_id=5993\">\u00a0OVOCE A ZELENINA DO \u0160KOL<\/a><\/span><a href=\"http:\/\/vu2016.virt6.inext.cz\/wordpress\/wp-content\/uploads\/2012\/10\/Ovoce-z-Ovocentra.pdf\"><br \/>\n<\/a><\/strong><\/li>\n<li>projekt\u00a0 <span style=\"color: #000000;\"><strong>AKTIVN\u00cd \u0160KOLA <\/strong><\/span>&#8211; <a href=\"http:\/\/www.zsvyhlidka.cz\/wp-content\/uploads\/2019\/11\/Certifik\u00e1t-Aktivn\u00ed-\u0161kola.pdf\"><span style=\"text-decoration: underline;\">certifik\u00e1t<\/span><\/a>.<\/li>\n<li><span style=\"color: #000000;\"><strong>\u00a0OPVKEU<\/strong><\/span> &#8211; v\u00edce informac\u00ed v <span style=\"text-decoration: underline;\"><a href=\"http:\/\/www.zsvyhlidka.cz\/?page_id=213\">rubrice<\/a><\/span>.<\/li>\n<\/ul>\n<p><a href=\"http:\/\/www.zsvyhlidka.cz\/?attachment_id=423\" rel=\"attachment wp-att-423\"><img loading=\"lazy\" class=\"size-full wp-image-423 aligncenter\" src=\"http:\/\/www.zsvyhlidka.cz\/wp-content\/uploads\/index_clip_image002.gif\" alt=\"\" width=\"276\" height=\"60\" \/><\/a><\/p>\n<ul>\n<li><a href=\"https:\/\/www.disfrystak.cz\/projekt-programy-pro-skoly\/\"><strong><u>PROJEKT PRO \u0160KOLY \u2013 ROZVOJ KOMPETENC\u00cd PRO DEMOKRATICKOU KULTURU<\/u><\/strong><\/a><\/li>\n<li><span style=\"text-decoration: underline;\"><a href=\"http:\/\/www.zsvyhlidka.cz\/?page_id=13185\"><strong>RECYKLOHRAN\u00cd<\/strong><\/a><\/span><\/li>\n<li><span style=\"text-decoration: underline;\"><a href=\"http:\/\/www.hasik.cz\"><strong>HAS\u00cdK<\/strong><\/a><\/span><u><\/u><\/li>\n<li><a href=\"https:\/\/www.hasiciproskoly.cz\/uvod\"><strong><u>HASI\u010cI PRO \u0160KOLY<\/u><\/strong><\/a><\/li>\n<li><span style=\"text-decoration: underline;\"><a href=\"http:\/\/www.ferovaskola.cz\"><strong>F\u00c9ROV\u00c1 \u0160KOLA<\/strong><\/a><\/span><\/li>\n<li><span style=\"color: #000000;\"><strong>ROP St\u0159edn\u00ed Morava <\/strong>&#8211; v\u00edce informac\u00ed <span style=\"text-decoration: underline;\"><a href=\"http:\/\/www.zsvyhlidka.cz\/?page_id=6848\">zde<\/a><\/span>.\u00a0<\/span><\/li>\n<\/ul>\n<p><span style=\"color: #000000;\"> <a href=\"http:\/\/vu2016.virt6.inext.cz\/wordpress\/wp-content\/uploads\/2013\/09\/ROP-logolink.jpg\"><img loading=\"lazy\" class=\"size-medium wp-image-6846 aligncenter\" src=\"http:\/\/vu2016.virt6.inext.cz\/wordpress\/wp-content\/uploads\/2013\/09\/ROP-logolink-300x47.jpg\" alt=\"ROP - logolink\" width=\"300\" height=\"47\" srcset=\"https:\/\/www.zsvyhlidka.cz\/wp-content\/uploads\/2013\/09\/ROP-logolink-300x47.jpg 300w, https:\/\/www.zsvyhlidka.cz\/wp-content\/uploads\/2013\/09\/ROP-logolink-1024x160.jpg 1024w, https:\/\/www.zsvyhlidka.cz\/wp-content\/uploads\/2013\/09\/ROP-logolink.jpg 1742w\" sizes=\"(max-width: 300px) 100vw, 300px\" \/><\/a><\/span><\/p>\n<ul>\n<li><span style=\"text-decoration: underline;\"><a href=\"http:\/\/www.zsvyhlidka.cz\/wp-content\/uploads\/2011\/07\/op_vk_plakat.pdf\"><strong>V\u00fdzva \u010d. 56 &#8211; Rozvoj jazykov\u00fdch dovednost\u00ed Z\u0160 Vyhl\u00eddka<\/strong><\/a><\/span><\/li>\n<li><span style=\"text-decoration: underline;\"><strong><a href=\"http:\/\/www.zsvyhlidka.cz\/wp-content\/uploads\/2011\/07\/op_vk_plakat.pdf\">V\u00fdzva \u010d. 57 &#8211; Rozvoj technick\u00fdch dovednost\u00ed \u017e\u00e1k\u016f na druh\u00e9m stupni z\u00e1kladn\u00ed \u0161koly<\/a><\/strong><\/span><\/li>\n<li>\n<div dir=\"ltr\">\n<div>\n<div><strong>V\u00fdzva \u010d.02_16_022 Podpora \u0161kol formou projekt\u016f zjednodu\u0161en\u00e9ho vykazov\u00e1n\u00ed\u00a0<\/strong> &#8211; v\u00edce informac\u00ed <a href=\"http:\/\/www.zsvyhlidka.cz\/wp-content\/uploads\/2016\/09\/publicita_2017.pdf\"><strong><span style=\"text-decoration: underline;\">ZDE<\/span><\/strong><\/a>.<\/div>\n<\/div>\n<\/div>\n<\/li>\n<li><strong><u><a href=\"http:\/\/www.zsvyhlidka.cz\/?page_id=20479\">Projekt \u2013 Rozvojov\u00fd program \u201e Podpora vzd\u011bl\u00e1v\u00e1n\u00ed cizinc\u016f ve \u0161kol\u00e1ch\u201c<\/a><\/u><\/strong><\/li>\n<li><strong>V\u00fdzva \u010d. 02_18_063 \u2013 Podpora \u0161kol formou projekt\u016f zjednodu\u0161en\u00e9ho vykazov\u00e1n\u00ed<\/strong>\u00a0&#8211; v\u00edce informac\u00ed najdete <a href=\"http:\/\/www.zsvyhlidka.cz\/?page_id=21487\"><strong>ZDE<\/strong><\/a>.<\/li>\n<li><strong>Podpora Z\u0160 Vyhl\u00eddka formou projektu \u0160ablony III<\/strong> &#8211; v\u00edce informac\u00ed najdete\u00a0<strong><a href=\"http:\/\/www.zsvyhlidka.cz\/wp-content\/uploads\/2021\/10\/3.II-ZS-Vyhlidka.pdf\">ZDE<\/a>.<\/strong><\/li>\n<li><a href=\"http:\/\/www.zsvyhlidka.cz\/wp-content\/uploads\/2022\/02\/publicita_projekt-doucovani.pdf\"><strong>Projekt Dou\u010dov\u00e1n\u00ed \u017e\u00e1k\u016f \u0161kol<\/strong><\/a><\/li>\n<\/ul>\n<p>.<\/p>\n<div dir=\"ltr\"><\/div>\n<div dir=\"ltr\"><\/div>\n<div dir=\"ltr\"><\/div>\n<div dir=\"ltr\"><\/div>\n<div dir=\"ltr\"><\/div>\n<div dir=\"ltr\"><\/div>\n<div dir=\"ltr\"><\/div>\n<div dir=\"ltr\"><\/div>\n<div dir=\"ltr\"><\/div>\n<div dir=\"ltr\"><\/div>\n","protected":false},"excerpt":{"rendered":"<p>Projekty, jich\u017e se \u00fa\u010dastn\u00edme: projekt\u00a0PODPORA Z\u0160 VYHL\u00cdDKA FORMOU \u0160ABLON II OPJAK projekt\u00a0DIGITALIZUJEME \u0160KOLU 2022-2023 projekt\u00a0DIGITALIZUJEME \u0160KOLU 2020 projekt OB\u011aDY DO \u0160KOL projekt PODPORA Z\u0160 VYHL\u00cdDKA FORMOU \u0160ABLON I OPJAK projekt\u00a0NENECH TO B\u00ddT projekt\u00a0OVOCE A ZELENINA DO \u0160KOL projekt\u00a0 AKTIVN\u00cd \u0160KOLA <a href=\"https:\/\/www.zsvyhlidka.cz\/?page_id=211\" class=\"read-more\">Zobrazit v\u00edce&#8230;<\/a><\/p>\n","protected":false},"author":1,"featured_media":0,"parent":0,"menu_order":71,"comment_status":"closed","ping_status":"closed","template":"","meta":[],"_links":{"self":[{"href":"https:\/\/www.zsvyhlidka.cz\/index.php?rest_route=\/wp\/v2\/pages\/211"}],"collection":[{"href":"https:\/\/www.zsvyhlidka.cz\/index.php?rest_route=\/wp\/v2\/pages"}],"about":[{"href":"https:\/\/www.zsvyhlidka.cz\/index.php?rest_route=\/wp\/v2\/types\/page"}],"author":[{"embeddable":true,"href":"https:\/\/www.zsvyhlidka.cz\/index.php?rest_route=\/wp\/v2\/users\/1"}],"replies":[{"embeddable":true,"href":"https:\/\/www.zsvyhlidka.cz\/index.php?rest_route=%2Fwp%2Fv2%2Fcomments&post=211"}],"version-history":[{"count":75,"href":"https:\/\/www.zsvyhlidka.cz\/index.php?rest_route=\/wp\/v2\/pages\/211\/revisions"}],"predecessor-version":[{"id":34389,"href":"https:\/\/www.zsvyhlidka.cz\/index.php?rest_route=\/wp\/v2\/pages\/211\/revisions\/34389"}],"wp:attachment":[{"href":"https:\/\/www.zsvyhlidka.cz\/index.php?rest_route=%2Fwp%2Fv2%2Fmedia&parent=211"}],"curies":[{"name":"wp","href":"https:\/\/api.w.org\/{rel}","templated":true}]}}