{"id":213,"date":"2011-07-29T20:23:09","date_gmt":"2011-07-29T19:23:09","guid":{"rendered":"http:\/\/www.zsvyhlidka.cz\/?page_id=213"},"modified":"2016-09-17T15:50:08","modified_gmt":"2016-09-17T13:50:08","slug":"opvkeu-penize-do-skol","status":"publish","type":"page","link":"https:\/\/www.zsvyhlidka.cz\/?page_id=213","title":{"rendered":"OPVKEU &#8211; Pen\u00edze do \u0161kol"},"content":{"rendered":"<h5><span style=\"text-decoration: underline;\"><strong>OPVKEU &#8211; Pen\u00edze do \u0161kol<\/strong><\/span><\/h5>\n<p><a href=\"http:\/\/vu2016.virt6.inext.cz\/wordpress\/wp-content\/uploads\/2013\/09\/Dostupnost-v\u00fdukov\u00fdch-materi\u00e1l\u016f.doc\">Dostupnost v\u00fdukov\u00fdch materi\u00e1l\u016f<\/a><\/p>\n<p>&nbsp;<\/p>\n<p>&nbsp;<\/p>\n<p>&nbsp;<\/p>\n<p>&nbsp;<\/p>\n<p>&nbsp;<\/p>\n<p>&nbsp;<\/p>\n<p><span style=\"color: #ccffcc;\">.<\/span><\/p>\n","protected":false},"excerpt":{"rendered":"<p>OPVKEU &#8211; Pen\u00edze do \u0161kol Dostupnost v\u00fdukov\u00fdch materi\u00e1l\u016f &nbsp; &nbsp; &nbsp; &nbsp; &nbsp; &nbsp; .<\/p>\n","protected":false},"author":1,"featured_media":0,"parent":0,"menu_order":239,"comment_status":"closed","ping_status":"closed","template":"page-fullwidth.php","meta":[],"_links":{"self":[{"href":"https:\/\/www.zsvyhlidka.cz\/index.php?rest_route=\/wp\/v2\/pages\/213"}],"collection":[{"href":"https:\/\/www.zsvyhlidka.cz\/index.php?rest_route=\/wp\/v2\/pages"}],"about":[{"href":"https:\/\/www.zsvyhlidka.cz\/index.php?rest_route=\/wp\/v2\/types\/page"}],"author":[{"embeddable":true,"href":"https:\/\/www.zsvyhlidka.cz\/index.php?rest_route=\/wp\/v2\/users\/1"}],"replies":[{"embeddable":true,"href":"https:\/\/www.zsvyhlidka.cz\/index.php?rest_route=%2Fwp%2Fv2%2Fcomments&post=213"}],"version-history":[{"count":3,"href":"https:\/\/www.zsvyhlidka.cz\/index.php?rest_route=\/wp\/v2\/pages\/213\/revisions"}],"predecessor-version":[{"id":16054,"href":"https:\/\/www.zsvyhlidka.cz\/index.php?rest_route=\/wp\/v2\/pages\/213\/revisions\/16054"}],"wp:attachment":[{"href":"https:\/\/www.zsvyhlidka.cz\/index.php?rest_route=%2Fwp%2Fv2%2Fmedia&parent=213"}],"curies":[{"name":"wp","href":"https:\/\/api.w.org\/{rel}","templated":true}]}}