{"id":21430,"date":"2019-10-04T09:28:19","date_gmt":"2019-10-04T07:28:19","guid":{"rendered":"http:\/\/www.zsvyhlidka.cz\/?page_id=21430"},"modified":"2024-11-22T18:23:27","modified_gmt":"2024-11-22T17:23:27","slug":"zakladni-listina","status":"publish","type":"page","link":"https:\/\/www.zsvyhlidka.cz\/?page_id=21430","title":{"rendered":"Z\u00e1kladn\u00ed listina"},"content":{"rendered":"<ul>\n<li><a href=\"http:\/\/www.zsvyhlidka.cz\/wp-content\/uploads\/2019\/10\/Statut-nada\u010dn\u00edho-fondu-Nada\u010dn\u00ed-fond-p\u0159i-Z\u0160-Vyhl\u00eddka.doc.pdf\">Statut nada\u010dn\u00edho fondu\u00a0\u201eNada\u010dn\u00ed fond p\u0159i Z\u0160 Vyhl\u00eddka\u201c<\/a><\/li>\n<li><a href=\"http:\/\/www.zsvyhlidka.cz\/wp-content\/uploads\/2019\/10\/Statut-nada\u010dn\u00edho-fondu-p\u0159i-Z\u00e1kladn\u00ed-\u0161kole-Vyhl\u00eddka-dodatek-\u010d.1.pdf\">Status nada\u010dn\u00edho fondu &#8211; dodatek \u010d. 1<\/a><\/li>\n<\/ul>\n<p>.<\/p>\n","protected":false},"excerpt":{"rendered":"<p>Statut nada\u010dn\u00edho fondu\u00a0\u201eNada\u010dn\u00ed fond p\u0159i Z\u0160 Vyhl\u00eddka\u201c Status nada\u010dn\u00edho fondu &#8211; dodatek \u010d. 1 .<\/p>\n","protected":false},"author":2,"featured_media":0,"parent":0,"menu_order":0,"comment_status":"closed","ping_status":"closed","template":"","meta":[],"_links":{"self":[{"href":"https:\/\/www.zsvyhlidka.cz\/index.php?rest_route=\/wp\/v2\/pages\/21430"}],"collection":[{"href":"https:\/\/www.zsvyhlidka.cz\/index.php?rest_route=\/wp\/v2\/pages"}],"about":[{"href":"https:\/\/www.zsvyhlidka.cz\/index.php?rest_route=\/wp\/v2\/types\/page"}],"author":[{"embeddable":true,"href":"https:\/\/www.zsvyhlidka.cz\/index.php?rest_route=\/wp\/v2\/users\/2"}],"replies":[{"embeddable":true,"href":"https:\/\/www.zsvyhlidka.cz\/index.php?rest_route=%2Fwp%2Fv2%2Fcomments&post=21430"}],"version-history":[{"count":4,"href":"https:\/\/www.zsvyhlidka.cz\/index.php?rest_route=\/wp\/v2\/pages\/21430\/revisions"}],"predecessor-version":[{"id":33687,"href":"https:\/\/www.zsvyhlidka.cz\/index.php?rest_route=\/wp\/v2\/pages\/21430\/revisions\/33687"}],"wp:attachment":[{"href":"https:\/\/www.zsvyhlidka.cz\/index.php?rest_route=%2Fwp%2Fv2%2Fmedia&parent=21430"}],"curies":[{"name":"wp","href":"https:\/\/api.w.org\/{rel}","templated":true}]}}