{"id":21487,"date":"2019-10-10T09:29:43","date_gmt":"2019-10-10T07:29:43","guid":{"rendered":"http:\/\/www.zsvyhlidka.cz\/?page_id=21487"},"modified":"2019-10-10T09:35:22","modified_gmt":"2019-10-10T07:35:22","slug":"vyzva-c-02_18_063-podpora-skol-formou-projektu-zjednoduseneho-vykazovani-sablony-ii","status":"publish","type":"page","link":"https:\/\/www.zsvyhlidka.cz\/?page_id=21487","title":{"rendered":"V\u00fdzva \u010d. 02_18_063 \u2013 Podpora \u0161kol formou projekt\u016f zjednodu\u0161en\u00e9ho vykazov\u00e1n\u00ed &#8211; \u0160ablony II"},"content":{"rendered":"<h5><strong>V\u00fdzva \u010d. 02_18_063 \u2013 Podpora \u0161kol formou projekt\u016f zjednodu\u0161en\u00e9ho vykazov\u00e1n\u00ed\u00a0<\/strong><\/h5>\n<p>Z\u00e1kladn\u00ed \u0161kola Vyhl\u00eddka ve Vala\u0161sk\u00e9m Mezi\u0159\u00ed\u010d\u00ed op\u011btovn\u011b z\u00edskala z\u00a0rozpo\u010dtu Evropsk\u00e9 unie a n\u00e1rodn\u00edch ve\u0159ejn\u00fdch zdroj\u016f dotaci na realizaci projektu \u201ePodpora Z\u0160 Vyhl\u00eddka formou projektu \u0161ablon II\u201c (reg. \u010d. projektu: CZ.02.3.68\/0.0\/0.0\/18_063\/0011171). Podpora byla z\u00edsk\u00e1na v\u00a0r\u00e1mci Opera\u010dn\u00edho programu V\u00fdzkum, v\u00fdvoj a vzd\u011bl\u00e1v\u00e1n\u00ed, v\u00fdzvy s\u00a0n\u00e1zvem Podpora \u0161kol formou projekt\u016f zjednodu\u0161en\u00e9ho vykazov\u00e1n\u00ed \u2013 v\u00fdzva \u010d. 02_18_063 \u2013 \u0160ablony II \u2013 mimo hlavn\u00ed m\u011bsta Praha a navazuje tak na projekt realizovan\u00fd v\u00a0minul\u00fdch dvou letech \u2013 \u201ePodpora Z\u0160 Vyhl\u00eddka formou projektu \u0161ablon\u201c (\u0161ablony I).<\/p>\n<p>Projekt je realizov\u00e1n v\u00a0obdob\u00ed od 1.2.2019 do 31.1.2021. C\u00edlem projektu je rozvoj v oblastech, kter\u00e9 si \u0161kola ur\u010dila jako prioritn\u00ed pro sv\u016fj rozvoj a budouc\u00ed sm\u011b\u0159ov\u00e1n\u00ed. Zaji\u0161t\u011bna tak bude person\u00e1ln\u00ed podpora Z\u0160 v\u00a0podob\u011b \u0161koln\u00edho asistenta a \u0161koln\u00edho karierov\u00e9ho poradce, jeho\u017e \u00fakolem je pomoci pedagog\u016fm zejm\u00e9na p\u0159i podpo\u0159e \u017e\u00e1k\u016f ohro\u017een\u00fdch \u0161koln\u00edm ne\u00fasp\u011bchem, respektive podpora \u017e\u00e1k\u016f p\u0159i hled\u00e1n\u00ed budouc\u00edho zam\u011b\u0159en\u00ed vzd\u011bl\u00e1v\u00e1n\u00ed a profesn\u00ed orientace. Z\u00a0projektu bude d\u00e1le hrazeno osobnostn\u011b soci\u00e1ln\u00ed a profesn\u00ed rozvoj pedagog\u016f Z\u0160 formou vzd\u011bl\u00e1v\u00e1n\u00ed DVPP v\u00a0r\u016fzn\u00fdch oblastech nap\u0159. ciz\u00ed jazyky, polytechnick\u00e9 vzd\u011bl\u00e1v\u00e1n\u00ed, \u010dten\u00e1\u0159sk\u00e1 gramotnost, ICT a dal\u0161\u00ed, sd\u00edlen\u00ed zku\u0161enost\u00ed pedagog\u016f z\u00a0r\u016fzn\u00fdch \u0161kol, tandemov\u00e1 v\u00fduka.<\/p>\n<p>V\u00a0nov\u00e9m dvoulet\u00e9m obdob\u00ed bude tak\u00e9 na Z\u0160 prob\u00edhat aktivity rozv\u00edjej\u00edc\u00ed ICT a to zapojen\u00edm odborn\u00edka v\u00a0t\u00e9to oblasti p\u0159\u00edmo do v\u00fduky.<\/p>\n<p>Novinkou je za\u0159azen\u00ed extrakurikul\u00e1rn\u00edch a rozvojov\u00fdch aktivit nap\u0159. formou projektov\u00fdch dn\u016f ve \u0161kole \u010di mimo \u0161kolu \u010di otev\u0159en\u00ed badatelsk\u00e9ho klubu a klubu komunikace v\u00a0ciz\u00edm jazyce. V\u00a0projektu je nad\u00e1le po\u010d\u00edt\u00e1no s\u00a0realizac\u00ed klubu \u010dten\u00e1\u0159sk\u00e9ho a klubu z\u00e1bavn\u00e9 logiky a deskov\u00fdch her.<\/p>\n<p>Realizace projektu povede ke zv\u00fd\u0161en\u00ed kvality \u0161koln\u00edho a z\u00e1jmov\u00e9ho vzd\u011bl\u00e1v\u00e1n\u00ed na na\u0161\u00ed \u0161kole.<\/p>\n<p>&nbsp;<\/p>\n<p><em>Tento projekt je spolufinancov\u00e1n Evropskou uni\u00ed &#8211; v\u00edce <a href=\"http:\/\/www.zsvyhlidka.cz\/wp-content\/uploads\/2019\/10\/Publicita-plak\u00e1t-A3.pdf\">ZDE<\/a>.<\/em><\/p>\n<p><strong>Mgr. Daniela Miklov\u00e1<\/strong><\/p>\n<p>&nbsp;<\/p>\n","protected":false},"excerpt":{"rendered":"<p>V\u00fdzva \u010d. 02_18_063 \u2013 Podpora \u0161kol formou projekt\u016f zjednodu\u0161en\u00e9ho vykazov\u00e1n\u00ed\u00a0 Z\u00e1kladn\u00ed \u0161kola Vyhl\u00eddka ve Vala\u0161sk\u00e9m Mezi\u0159\u00ed\u010d\u00ed op\u011btovn\u011b z\u00edskala z\u00a0rozpo\u010dtu Evropsk\u00e9 unie a n\u00e1rodn\u00edch ve\u0159ejn\u00fdch zdroj\u016f dotaci na realizaci projektu \u201ePodpora Z\u0160 Vyhl\u00eddka formou projektu \u0161ablon II\u201c (reg. \u010d. projektu: CZ.02.3.68\/0.0\/0.0\/18_063\/0011171). <a href=\"https:\/\/www.zsvyhlidka.cz\/?page_id=21487\" class=\"read-more\">Zobrazit v\u00edce&#8230;<\/a><\/p>\n","protected":false},"author":2,"featured_media":0,"parent":0,"menu_order":0,"comment_status":"closed","ping_status":"closed","template":"page-fullwidth.php","meta":[],"_links":{"self":[{"href":"https:\/\/www.zsvyhlidka.cz\/index.php?rest_route=\/wp\/v2\/pages\/21487"}],"collection":[{"href":"https:\/\/www.zsvyhlidka.cz\/index.php?rest_route=\/wp\/v2\/pages"}],"about":[{"href":"https:\/\/www.zsvyhlidka.cz\/index.php?rest_route=\/wp\/v2\/types\/page"}],"author":[{"embeddable":true,"href":"https:\/\/www.zsvyhlidka.cz\/index.php?rest_route=\/wp\/v2\/users\/2"}],"replies":[{"embeddable":true,"href":"https:\/\/www.zsvyhlidka.cz\/index.php?rest_route=%2Fwp%2Fv2%2Fcomments&post=21487"}],"version-history":[{"count":3,"href":"https:\/\/www.zsvyhlidka.cz\/index.php?rest_route=\/wp\/v2\/pages\/21487\/revisions"}],"predecessor-version":[{"id":21496,"href":"https:\/\/www.zsvyhlidka.cz\/index.php?rest_route=\/wp\/v2\/pages\/21487\/revisions\/21496"}],"wp:attachment":[{"href":"https:\/\/www.zsvyhlidka.cz\/index.php?rest_route=%2Fwp%2Fv2%2Fmedia&parent=21487"}],"curies":[{"name":"wp","href":"https:\/\/api.w.org\/{rel}","templated":true}]}}