{"id":21529,"date":"2019-10-14T08:40:32","date_gmt":"2019-10-14T06:40:32","guid":{"rendered":"http:\/\/www.zsvyhlidka.cz\/?page_id=21529"},"modified":"2025-09-24T01:49:25","modified_gmt":"2025-09-23T23:49:25","slug":"metodik-prevence","status":"publish","type":"page","link":"https:\/\/www.zsvyhlidka.cz\/?page_id=21529","title":{"rendered":"Metodik prevence"},"content":{"rendered":"<p>\u0160koln\u00ed metodik prevence:\u00a0 <strong>Mgr. Alena E\u0161lerov\u00e1<\/strong><\/p>\n<p>Konzulta\u010dn\u00ed hodiny: <strong>p\u00e1tek 7:00 &#8211; 7:45 (t\u0159\u00edda 2.C, \u010d\u00edslo 210)<\/strong><\/p>\n<p>Okam\u017eit\u00e1 pomoc: p\u0159i neodkladn\u00fdch z\u00e1le\u017eitostech m\u011b najdete v 1. pat\u0159e &#8211; t\u0159\u00edda 2.C (\u010d. 210).<\/p>\n<p><strong>O mn\u011b:<\/strong><\/p>\n<ul>\n<li>pracuji na Z\u0160 Vyhl\u00eddka od roku 2002 jako u\u010ditelka na 1. stupni<\/li>\n<li>\u010dinnost spo\u010d\u00edv\u00e1 v \u0159e\u0161en\u00ed rizikov\u00e9ho chov\u00e1n\u00ed \u017e\u00e1k\u016f jak na 1., tak na 2. stupni, jeho p\u0159edch\u00e1zen\u00ed prevenc\u00ed rizikov\u00fdch jev\u016f \u2013 zaji\u0161\u0165ov\u00e1n\u00ed besed, p\u0159edn\u00e1\u0161ek na r\u016fzn\u00e1 t\u00e9mata, konzultac\u00ed se \u017e\u00e1ky, prov\u00e1d\u011bn\u00ed dotazn\u00edkov\u00fdch \u0161et\u0159en\u00ed ve t\u0159\u00edd\u00e1ch, doporu\u010dov\u00e1n\u00ed za\u0159azov\u00e1n\u00ed vhodn\u00fdch her na rozvoj vtah\u016f ve t\u0159\u00edd\u011b (\u010di her s\u00a0jin\u00fdm zam\u011b\u0159en\u00edm), v\u0161e po konzultaci s\u00a0t\u0159\u00eddn\u00edm u\u010ditelem<\/li>\n<li>konzultuji s\u00a0veden\u00edm \u0161koly, \u00fazce spolupracuji s\u00a0t\u0159\u00eddn\u00edmi u\u010diteli a z\u00e1konn\u00fdmi z\u00e1stupci<\/li>\n<li>kontakty: alena.eslerova@zsvyhlidka.cz, telefon: 571 478 212<\/li>\n<\/ul>\n<p>Kompletn\u00ed popis pr\u00e1ce metodika prevence najdete <a href=\"http:\/\/www.zsvyhlidka.cz\/wp-content\/uploads\/2020\/09\/\u0160KOLN\u00cd-METODIK-PREVENCE-.docx.pdf\"><strong>ZDE<\/strong><\/a>.<\/p>\n<p><strong>Dokumenty prevence:<\/strong><\/p>\n<ul>\n<li><a href=\"http:\/\/www.zsvyhlidka.cz\/wp-content\/uploads\/2019\/11\/\u0160koln\u00ed-strategie-2019-2027.pdf\">\u0160koln\u00ed preventivn\u00ed strategie Z\u0160 Vyhl\u00eddky 2019-2024<\/a><\/li>\n<li><a href=\"http:\/\/www.zsvyhlidka.cz\/wp-content\/uploads\/2025\/03\/SKOLNI-PREVENTIVNI-STRATEGIE-2024-2027.pdf\">\u0160koln\u00ed preventivn\u00ed strategie Z\u0160 Vyhl\u00eddky 2024-2027<\/a><\/li>\n<li><a href=\"http:\/\/www.zsvyhlidka.cz\/wp-content\/uploads\/2025\/03\/SCAN0004.pdf\">Minim\u00e1ln\u00ed preventivn\u00ed program<\/a><\/li>\n<li><a href=\"http:\/\/www.zsvyhlidka.cz\/wp-content\/uploads\/2025\/03\/SCAN0005.pdf\">Program \u0161koly proti \u0161ikanov\u00e1n\u00ed<\/a><\/li>\n<\/ul>\n","protected":false},"excerpt":{"rendered":"<p>\u0160koln\u00ed metodik prevence:\u00a0 Mgr. Alena E\u0161lerov\u00e1 Konzulta\u010dn\u00ed hodiny: p\u00e1tek 7:00 &#8211; 7:45 (t\u0159\u00edda 2.C, \u010d\u00edslo 210) Okam\u017eit\u00e1 pomoc: p\u0159i neodkladn\u00fdch z\u00e1le\u017eitostech m\u011b najdete v 1. pat\u0159e &#8211; t\u0159\u00edda 2.C (\u010d. 210). O mn\u011b: pracuji na Z\u0160 Vyhl\u00eddka od roku 2002 <a href=\"https:\/\/www.zsvyhlidka.cz\/?page_id=21529\" class=\"read-more\">Zobrazit v\u00edce&#8230;<\/a><\/p>\n","protected":false},"author":4,"featured_media":0,"parent":0,"menu_order":0,"comment_status":"closed","ping_status":"closed","template":"","meta":[],"_links":{"self":[{"href":"https:\/\/www.zsvyhlidka.cz\/index.php?rest_route=\/wp\/v2\/pages\/21529"}],"collection":[{"href":"https:\/\/www.zsvyhlidka.cz\/index.php?rest_route=\/wp\/v2\/pages"}],"about":[{"href":"https:\/\/www.zsvyhlidka.cz\/index.php?rest_route=\/wp\/v2\/types\/page"}],"author":[{"embeddable":true,"href":"https:\/\/www.zsvyhlidka.cz\/index.php?rest_route=\/wp\/v2\/users\/4"}],"replies":[{"embeddable":true,"href":"https:\/\/www.zsvyhlidka.cz\/index.php?rest_route=%2Fwp%2Fv2%2Fcomments&post=21529"}],"version-history":[{"count":35,"href":"https:\/\/www.zsvyhlidka.cz\/index.php?rest_route=\/wp\/v2\/pages\/21529\/revisions"}],"predecessor-version":[{"id":35417,"href":"https:\/\/www.zsvyhlidka.cz\/index.php?rest_route=\/wp\/v2\/pages\/21529\/revisions\/35417"}],"wp:attachment":[{"href":"https:\/\/www.zsvyhlidka.cz\/index.php?rest_route=%2Fwp%2Fv2%2Fmedia&parent=21529"}],"curies":[{"name":"wp","href":"https:\/\/api.w.org\/{rel}","templated":true}]}}