{"id":22462,"date":"2020-03-11T09:27:42","date_gmt":"2020-03-11T08:27:42","guid":{"rendered":"http:\/\/www.zsvyhlidka.cz\/?page_id=22462"},"modified":"2020-06-15T09:17:39","modified_gmt":"2020-06-15T07:17:39","slug":"trida-iv-a","status":"publish","type":"page","link":"https:\/\/www.zsvyhlidka.cz\/?page_id=22462","title":{"rendered":"T\u0159\u00edda IV.A &#8211; Mgr. Bohdana Jirglov\u00e1"},"content":{"rendered":"<h5><strong>T\u0159\u00edda IV.A<\/strong><\/h5>\n<p>T\u0159\u00eddn\u00ed u\u010ditelka:\u00a0<strong>Mgr. Bohdana Jirglov\u00e1<\/strong><\/p>\n<p>Pracovn\u00ed email: jirglova@zsvyhlidka.cz<\/p>\n<p>Dom\u00e1c\u00ed p\u0159\u00edprava:<\/p>\n<ul>\n<li><a href=\"http:\/\/www.zsvyhlidka.cz\/wp-content\/uploads\/2020\/03\/D\u00fa-4.A-11.-13.3.pdf\">Dom\u00e1c\u00ed p\u0159\u00edprava 11.3.-13.3.2020<\/a><\/li>\n<li><a href=\"http:\/\/www.zsvyhlidka.cz\/wp-content\/uploads\/2020\/03\/D\u00fa-16.-20.3.2020.pdf\">Dom\u00e1c\u00ed p\u0159\u00edprava 16.3.-20.3.2020<\/a><\/li>\n<li><a href=\"http:\/\/www.zsvyhlidka.cz\/wp-content\/uploads\/2020\/03\/Dom\u00e1c\u00ed-p\u0159\u00edprava-4.A-23.-27.3.pdf\">Dom\u00e1c\u00ed p\u0159\u00edprava 23.3.-27.3.2020\u00a0<\/a><\/li>\n<li><a href=\"http:\/\/www.zsvyhlidka.cz\/?page_id=23662\">Dom\u00e1c\u00ed p\u0159\u00edprava 30.3.-3.4.2020<\/a><\/li>\n<li><a href=\"http:\/\/www.zsvyhlidka.cz\/wp-content\/uploads\/2020\/04\/D\u00fa-6.-8.4-4A.pdf\">Dom\u00e1c\u00ed p\u0159\u00edprava 6.4.-8.4.2020<\/a><\/li>\n<li><a href=\"http:\/\/www.zsvyhlidka.cz\/wp-content\/uploads\/2020\/04\/D\u00fa-14.-17.4-4A.pdf\">Dom\u00e1c\u00ed p\u0159\u00edprava 14.4.-17.4.2020<\/a><\/li>\n<li><a href=\"http:\/\/www.zsvyhlidka.cz\/wp-content\/uploads\/2020\/04\/D\u00fa-20.-24.4.-4A.pdf\">Dom\u00e1c\u00ed p\u0159\u00edprava 20.4.-24.4.2020<\/a><\/li>\n<li><a href=\"http:\/\/www.zsvyhlidka.cz\/wp-content\/uploads\/2020\/04\/D\u00fa-27.-30.4-4A.docx.pdf\">Dom\u00e1c\u00ed p\u0159\u00edprava 27.4.-30.4.2020<\/a><\/li>\n<li><a href=\"http:\/\/www.zsvyhlidka.cz\/wp-content\/uploads\/2020\/04\/D\u00fa-4.-7.5.-4A.pdf\">Dom\u00e1c\u00ed p\u0159\u00edprava 4.5.-7.5.2020<\/a><\/li>\n<li><a href=\"http:\/\/www.zsvyhlidka.cz\/?page_id=25441\">Dom\u00e1c\u00ed p\u0159\u00edprava 11.5.-15.5.2020<\/a><\/li>\n<li><a href=\"http:\/\/www.zsvyhlidka.cz\/?page_id=25687\">Dom\u00e1c\u00ed p\u0159\u00edprava 18.5.-22.5.2020<\/a><\/li>\n<li><a href=\"http:\/\/www.zsvyhlidka.cz\/wp-content\/uploads\/2020\/05\/4.A_25.-29.kv\u011btna.docx.pdf\">Dom\u00e1c\u00ed p\u0159\u00edprava 25.5. &#8211; 29.5.2020<\/a><\/li>\n<li><a href=\"http:\/\/www.zsvyhlidka.cz\/wp-content\/uploads\/2020\/05\/Dom\u00e1c\u00ed-p\u0159\u00edprava-4.A-1.6.-5.6.2020.pdf\">Dom\u00e1c\u00ed p\u0159\u00edprava 1.6. &#8211; 5.6.2020<\/a><\/li>\n<li><a href=\"http:\/\/www.zsvyhlidka.cz\/wp-content\/uploads\/2020\/06\/Dom\u00e1c\u00ed-p\u0159\u00edprava-4.A-8.6.-12.6.-2020.pdf\">Dom\u00e1c\u00ed p\u0159\u00edprava 8.6. &#8211; 12.6. 2020<\/a><\/li>\n<li><a href=\"http:\/\/www.zsvyhlidka.cz\/wp-content\/uploads\/2020\/06\/Dom\u00e1c\u00ed-p\u0159\u00edprava-4.A-15.6.-23.6.2020.pdf\">Dom\u00e1c\u00ed p\u0159\u00edprava 15.6. &#8211; 23.6.2020<\/a><\/li>\n<li><a href=\"http:\/\/www.zsvyhlidka.cz\/wp-content\/uploads\/2020\/05\/Dopis_rodi\u010d\u016fm-4A.docx.pdf\">Dopis rodi\u010d\u016fm<\/a><\/li>\n<li><a href=\"http:\/\/www.zsvyhlidka.cz\/wp-content\/uploads\/2020\/05\/Dopis-rodi\u010d\u016fm-2.docx.pdf\">Dopis rodi\u010d\u016fm 2<\/a><\/li>\n<li><a href=\"http:\/\/www.zsvyhlidka.cz\/?page_id=25952\">Zah\u00e1jen\u00ed \u0161koly<\/a><\/li>\n<\/ul>\n<p><strong>V\u00fduka Anglick\u00e9ho jazyka<\/strong>, vyu\u010duj\u00edc\u00ed:\u00a0<strong>Mgr. Helena Vojk\u016fvkov\u00e1<\/strong>, email:\u00a0<strong>vojkuvkova@zsvyhlidka.cz<\/strong><\/p>\n<ul>\n<li><a href=\"http:\/\/www.zsvyhlidka.cz\/wp-content\/uploads\/2020\/03\/Pokyny-pro-dom\u00e1c\u00ed-p\u0159\u00edpravu-16.-3.-20.-3.-4.ABC_AJ.pdf\">Dom\u00e1c\u00ed p\u0159\u00edprava Aj 16. 3. &#8211; 20. 3.2020<\/a><\/li>\n<li><a href=\"http:\/\/www.zsvyhlidka.cz\/wp-content\/uploads\/2020\/03\/Anglick\u00fd-jazyk-4.-A-B-C-23.-3.-27.-3..docx.pdf\">Dom\u00e1c\u00ed p\u0159\u00edprava Aj 23. 3. &#8211; 27. 3.2020<\/a><\/li>\n<li><a href=\"http:\/\/www.zsvyhlidka.cz\/wp-content\/uploads\/2020\/03\/Anglick\u00fd-jazyk-4.-A-B-C-p\u0159\u00edprava-30.-3.-3.-4.-2020.docx.pdf\">Dom\u00e1c\u00ed p\u0159\u00edprava Aj 30. 3. &#8211; 3. 4. 2020<\/a><\/li>\n<li><a href=\"http:\/\/www.zsvyhlidka.cz\/wp-content\/uploads\/2020\/04\/Anglick\u00fd-jazyk-4.-A-B-C-dom\u00e1c\u00ed-p\u0159\u00edprava-6.-4.-8.-4.-2020.docx.pdf\">Dom\u00e1c\u00ed p\u0159\u00edprava Aj 6. 4. &#8211; 8. 4. 2020<\/a><\/li>\n<li><a href=\"http:\/\/www.zsvyhlidka.cz\/wp-content\/uploads\/2020\/04\/Anglick\u00fd-jazyk-4.-A-B-C-dom\u00e1c\u00ed-p\u0159\u00edprava-14.-4.-17.-4.-2020.pdf\">Dom\u00e1c\u00ed p\u0159\u00edprava Aj 14. 4. &#8211; 17. 4. 2020<\/a><\/li>\n<li><a href=\"http:\/\/www.zsvyhlidka.cz\/wp-content\/uploads\/2020\/04\/Anglick\u00fd-jazyk-4.-A-B-C-p\u0159\u00edprava-20.-4.-24.-2020.docx.pdf\">Dom\u00e1c\u00ed p\u0159\u00edprava Aj 20. 4. &#8211; 24. 4. 2020<\/a><\/li>\n<li><a href=\"http:\/\/www.zsvyhlidka.cz\/wp-content\/uploads\/2020\/04\/Anglick\u00fd-jazyk-4.-A-B-C-dom\u00e1c\u00ed-p\u0159\u00edprava-27.-4.-30.-4.-2020.pdf\">Dom\u00e1c\u00ed p\u0159\u00edprava Aj 27. 4. &#8211; 30. 4. 2020<\/a><\/li>\n<li><a href=\"http:\/\/www.zsvyhlidka.cz\/wp-content\/uploads\/2020\/05\/Anglick\u00fd-jazyk-4.-A-B-C-dom\u00e1c\u00ed-p\u0159\u00edprava-4.-5.-7.-5.-2020.pdf\">Dom\u00e1c\u00ed p\u0159\u00edprava Aj 4. 5. &#8211; 7. 5. 2020<\/a><\/li>\n<li><a href=\"http:\/\/www.zsvyhlidka.cz\/wp-content\/uploads\/2020\/05\/Anglick\u00fd-jazyk-4.-A-dom\u00e1c\u00ed-p\u0159\u00edprava-11.-5.-15.-5.-2020.pdf\">Dom\u00e1c\u00ed p\u0159\u00edprava Aj 11. 5. &#8211; 15. 5. 2020<\/a><\/li>\n<li><a href=\"http:\/\/www.zsvyhlidka.cz\/wp-content\/uploads\/2020\/05\/Anglick\u00fd-jazyk-4.-A-B-C-dom\u00e1c\u00ed-p\u0159\u00edprava-18.-5.-22.-5.-2020.pdf\">Dom\u00e1c\u00ed p\u0159\u00edprava Aj 18. 5. &#8211; 22. 5. 2020<\/a><\/li>\n<li><a href=\"http:\/\/www.zsvyhlidka.cz\/wp-content\/uploads\/2020\/05\/Anglick\u00fd-jazyk-4.-A-B-C-dom\u00e1c\u00ed-p\u0159\u00edprava-25.-5.-29.-5.-2020.pdf\">Dom\u00e1c\u00ed p\u0159\u00edprava Aj 25. 5. &#8211; 29. 5. 2020<\/a><\/li>\n<li><a href=\"http:\/\/www.zsvyhlidka.cz\/wp-content\/uploads\/2020\/05\/Anglick\u00fd-jazyk-4.ABC-dom\u00e1c\u00ed-p\u0159\u00edprava-1.6.-5.6.2020.pdf\">Dom\u00e1c\u00ed p\u0159\u00edprava Aj 1.6. &#8211; 5.6.2020<\/a><\/li>\n<li><a href=\"http:\/\/www.zsvyhlidka.cz\/wp-content\/uploads\/2020\/06\/Anglick\u00fd-jazyk-4.ABC-dom\u00e1c\u00ed-p\u0159\u00edprava-8.6.-12.6.2020.pdf\">Dom\u00e1c\u00ed p\u0159\u00edprava Aj 8. 6. &#8211; 12. 6. 2020<\/a><\/li>\n<li><a href=\"http:\/\/www.zsvyhlidka.cz\/wp-content\/uploads\/2020\/06\/Anglick\u00fd-jazyk-4.A-B-C-dom\u00e1c\u00ed-p\u0159\u00edprava-15.6.-23.6.2020.pdf\">Dom\u00e1c\u00ed p\u0159\u00edprava Aj 15. 6. &#8211; 23. 6. 2020<\/a><\/li>\n<li><a href=\"http:\/\/www.zsvyhlidka.cz\/wp-content\/uploads\/2020\/03\/Pracovn\u00ed-list.pdf\">Pracovn\u00ed list Aj 4. ro\u010dn\u00edk<\/a><\/li>\n<li><a href=\"http:\/\/www.zsvyhlidka.cz\/wp-content\/uploads\/2020\/03\/Dopis-rodi\u010d\u016fm.docx.pdf\">Dopis rodi\u010d\u016fm<\/a><\/li>\n<\/ul>\n","protected":false},"excerpt":{"rendered":"<p>T\u0159\u00edda IV.A T\u0159\u00eddn\u00ed u\u010ditelka:\u00a0Mgr. Bohdana Jirglov\u00e1 Pracovn\u00ed email: jirglova@zsvyhlidka.cz Dom\u00e1c\u00ed p\u0159\u00edprava: Dom\u00e1c\u00ed p\u0159\u00edprava 11.3.-13.3.2020 Dom\u00e1c\u00ed p\u0159\u00edprava 16.3.-20.3.2020 Dom\u00e1c\u00ed p\u0159\u00edprava 23.3.-27.3.2020\u00a0 Dom\u00e1c\u00ed p\u0159\u00edprava 30.3.-3.4.2020 Dom\u00e1c\u00ed p\u0159\u00edprava 6.4.-8.4.2020 Dom\u00e1c\u00ed p\u0159\u00edprava 14.4.-17.4.2020 Dom\u00e1c\u00ed p\u0159\u00edprava 20.4.-24.4.2020 Dom\u00e1c\u00ed p\u0159\u00edprava 27.4.-30.4.2020 Dom\u00e1c\u00ed p\u0159\u00edprava 4.5.-7.5.2020 Dom\u00e1c\u00ed p\u0159\u00edprava <a href=\"https:\/\/www.zsvyhlidka.cz\/?page_id=22462\" class=\"read-more\">Zobrazit v\u00edce&#8230;<\/a><\/p>\n","protected":false},"author":4,"featured_media":0,"parent":0,"menu_order":0,"comment_status":"closed","ping_status":"closed","template":"page-fullwidth.php","meta":[],"_links":{"self":[{"href":"https:\/\/www.zsvyhlidka.cz\/index.php?rest_route=\/wp\/v2\/pages\/22462"}],"collection":[{"href":"https:\/\/www.zsvyhlidka.cz\/index.php?rest_route=\/wp\/v2\/pages"}],"about":[{"href":"https:\/\/www.zsvyhlidka.cz\/index.php?rest_route=\/wp\/v2\/types\/page"}],"author":[{"embeddable":true,"href":"https:\/\/www.zsvyhlidka.cz\/index.php?rest_route=\/wp\/v2\/users\/4"}],"replies":[{"embeddable":true,"href":"https:\/\/www.zsvyhlidka.cz\/index.php?rest_route=%2Fwp%2Fv2%2Fcomments&post=22462"}],"version-history":[{"count":42,"href":"https:\/\/www.zsvyhlidka.cz\/index.php?rest_route=\/wp\/v2\/pages\/22462\/revisions"}],"predecessor-version":[{"id":27044,"href":"https:\/\/www.zsvyhlidka.cz\/index.php?rest_route=\/wp\/v2\/pages\/22462\/revisions\/27044"}],"wp:attachment":[{"href":"https:\/\/www.zsvyhlidka.cz\/index.php?rest_route=%2Fwp%2Fv2%2Fmedia&parent=22462"}],"curies":[{"name":"wp","href":"https:\/\/api.w.org\/{rel}","templated":true}]}}