{"id":23484,"date":"2020-03-24T14:18:26","date_gmt":"2020-03-24T13:18:26","guid":{"rendered":"http:\/\/www.zsvyhlidka.cz\/?page_id=23484"},"modified":"2020-06-21T18:24:52","modified_gmt":"2020-06-21T16:24:52","slug":"pracovni-listy-aj-9-rocnik-mgr-zuzana-topicova","status":"publish","type":"page","link":"https:\/\/www.zsvyhlidka.cz\/?page_id=23484","title":{"rendered":"Pracovn\u00ed listy Aj 9. ro\u010dn\u00edk &#8211; Mgr. Zuzana Topi\u010dov\u00e1"},"content":{"rendered":"<h5><strong>Pracovn\u00ed listy Aj 9. ro\u010dn\u00edk &#8211; Mgr. Zuzana Topi\u010dov\u00e1<\/strong><\/h5>\n<p>&nbsp;<\/p>\n<ul>\n<li><a href=\"http:\/\/www.zsvyhlidka.cz\/wp-content\/uploads\/2020\/03\/AJ-pracovn\u00ed-list-\u010d.-1-9.-ro\u010dn\u00edk-past-tenses-23.-3.-27.-3..pdf\">Pracovn\u00ed list \u010d. 1 &#8211; past tenses (23. 3. &#8211; 27. 3.)<\/a><\/li>\n<li><a href=\"http:\/\/www.zsvyhlidka.cz\/wp-content\/uploads\/2020\/03\/AJ-pracovn\u00ed-list-\u010d.-2-9.-ro\u010dn\u00edk-short-stories-Shakespeare-23.-3.-27.-3..pdf\">Pracovn\u00ed list \u010d. 2 &#8211; short stories &#8211; Shakespeare (23. 3. &#8211; 27. 3.)<\/a><\/li>\n<li><a href=\"http:\/\/www.zsvyhlidka.cz\/wp-content\/uploads\/2020\/03\/pracovn\u00ed-list-\u010d.-3-9.-ro\u010dn\u00edk-past-tenses-30.-3.-3.-4..pdf\">Pracovn\u00ed list \u010d. 3 &#8211; 9. ro\u010dn\u00edk past tenses (30. 3. &#8211; 3. 4.)<\/a><\/li>\n<li><a href=\"http:\/\/www.zsvyhlidka.cz\/wp-content\/uploads\/2020\/03\/pracovn\u00ed-list-\u010d.-4-poslech-9.-ro\u010dn\u00edk-30.-4.-3.-4..pdf\">Pracovn\u00ed list \u010d. 4 &#8211; poslech 9. ro\u010dn\u00edk (30. 4. &#8211; 3. 4.)<\/a><\/li>\n<li><a href=\"http:\/\/www.zsvyhlidka.cz\/wp-content\/uploads\/2020\/03\/pracovn\u00ed-list-\u010d.-5-poslech-\u00fakoly-9.-ro\u010dn\u00edk-30.-4.-3.-4..pdf\">Pracovn\u00ed list \u010d. 5 &#8211; poslech (\u00fakoly) 9. ro\u010dn\u00edk (30. 4. &#8211; 3. 4.)<\/a><\/li>\n<li><a href=\"http:\/\/www.zsvyhlidka.cz\/wp-content\/uploads\/2020\/04\/AJ-pracovn\u00ed-list-\u010d.-6-tour-of-London-9.-ro\u010dn\u00edk-6.-4.-10.-4.pdf\">Pracovn\u00ed list \u010d. 6 &#8211; tour of London &#8211; 9. ro\u010dn\u00edk (6. 4. &#8211; 10. 4)<\/a><\/li>\n<li><a href=\"http:\/\/www.zsvyhlidka.cz\/wp-content\/uploads\/2020\/04\/AJ-pracovn\u00ed-list-\u010d.-7-Bob-Dylan-Blowin\u00b4-in-the-wind-9.-ro\u010dn\u00edk-20.-4.-24.-4..pdf\">Pracovn\u00ed list \u010d. 7 &#8211; Bob Dylan &#8211; Blowin\u00b4 in the wind (20. 4. &#8211; 24. 4.)<\/a><\/li>\n<li><a href=\"http:\/\/www.zsvyhlidka.cz\/wp-content\/uploads\/2020\/04\/AJ-pracovn\u00ed-list-\u010d.-8-past-simple-x-present-perfect-9.-ro\u010dn\u00edk-20.-4.-24.-4..pdf\">Pracovn\u00ed list \u010d. 8 &#8211; past simple x present perfect (20. 4. &#8211; 24. 4.)<\/a><\/li>\n<li><a href=\"http:\/\/www.zsvyhlidka.cz\/wp-content\/uploads\/2020\/04\/AJ-pracovn\u00ed-list-\u010d.-9-Christina-Perri-A-thousand-years-9.-ro\u010dn\u00edk-27.-4.-1.-5..pdf\">Pracovn\u00ed list \u010d. 9 &#8211; Christina Perri &#8211; A thousand years &#8211; (27. 4. &#8211; 1. 5.)<\/a><\/li>\n<li><a href=\"http:\/\/www.zsvyhlidka.cz\/wp-content\/uploads\/2020\/05\/AJ-pracovn\u00ed-list-\u010d.-10-Roxette-How-do-you-do-9.-ro\u010dn\u00edk-4.-5.-8.-5..pdf\">Pracovn\u00ed list \u010d. 10 &#8211; Roxette &#8211; How do you do &#8211; 9. ro\u010dn\u00edk (4. 5. &#8211; 8. 5.)<\/a><\/li>\n<li><a href=\"http:\/\/www.zsvyhlidka.cz\/wp-content\/uploads\/2020\/05\/AJ-pracovn\u00ed-list-\u010d.-11-Present-perfect-vs.-past-simple-9.-ro\u010dn\u00edk-4.-5.-8.-5..pdf\">Pracovn\u00ed list \u010d. 11 &#8211; Present perfect vs. past simple &#8211; 9. ro\u010dn\u00edk (4. 5. &#8211; 8. 5.)<\/a><\/li>\n<li><a href=\"http:\/\/www.zsvyhlidka.cz\/wp-content\/uploads\/2020\/05\/AJ-pracovn\u00ed-list-\u010d.-12-Avril-Lavigne-Sk8ter-boy-9.-t\u0159\u00edda-4.-5.-8.-5..pdf\">Pracovn\u00ed list \u010d. 12 &#8211; Avril Lavigne &#8211; Sk8ter boy &#8211; (11. 5. &#8211; 15. 5.)<\/a><\/li>\n<li><a href=\"http:\/\/www.zsvyhlidka.cz\/wp-content\/uploads\/2020\/05\/AJ-pracovn\u00ed-list-\u010d.-13-Pink-Give-me-the-reason-9.-t\u0159\u00edda-18.-5.-22.-5..pdf\">Pracovn\u00ed list \u010d. 13 &#8211; Pink &#8211; Give me the reason &#8211;\u00a0 (18. 5. &#8211; 22. 5.)<\/a><\/li>\n<li><a href=\"http:\/\/www.zsvyhlidka.cz\/wp-content\/uploads\/2020\/05\/AJ-pracovn\u00ed-list-\u010d.-14-will-be-going-to-present-cont.-9.-ro\u010dn\u00edk-18.-5.-22.-5..pdf\">Pracovn\u00ed list \u010d. 14 &#8211; will-be going to-present cont. &#8211; (18. 5. &#8211; 22. 5.)<\/a><\/li>\n<li><a href=\"http:\/\/www.zsvyhlidka.cz\/wp-content\/uploads\/2020\/05\/AJ-pracovn\u00ed-list-\u010d.-15-Demi-Lovato-Tell-me-you-love-me-9.-t\u0159\u00edda-25.-5.-29.-5..pdf\">Pracovn\u00ed list \u010d. 15 &#8211; Demi Lovato &#8211; Tell me you love me &#8211; (25. 5. &#8211; 29. 5.)<\/a><\/li>\n<li><a href=\"http:\/\/www.zsvyhlidka.cz\/wp-content\/uploads\/2020\/05\/AJ-pracovn\u00ed-list-\u010d.-16-CONDITIONALS-9.-ro\u010dn\u00edk-1.-6.-5.-6..pdf\">Pracovn\u00ed list \u010d. 16 &#8211; CONDITIONALS &#8211; (1. 6. &#8211; 5. 6.)<\/a><\/li>\n<li><a href=\"http:\/\/www.zsvyhlidka.cz\/wp-content\/uploads\/2020\/05\/AJ-pracovn\u00ed-list-\u010d.-17-One-direction-What-makes-you-beautiful-9.-ro\u010dn\u00edk-1.-6.-5.-6..pdf\">Pracovn\u00ed list \u010d. 17 &#8211; One direction &#8211; What makes you beautiful &#8211; (1. 6. &#8211; 5. 6.)<\/a><\/li>\n<li><a href=\"http:\/\/www.zsvyhlidka.cz\/wp-content\/uploads\/2020\/06\/AJ-pracovn\u00ed-list-\u010d.-18-Wish-clauses-9.-ro\u010dn\u00edk-8.-6.-12.-6..pdf\">Pracovn\u00ed list \u010d. 18 &#8211; Wish clauses &#8211; (8. 6. &#8211; 12. 6.)<\/a><\/li>\n<li><a href=\"http:\/\/www.zsvyhlidka.cz\/wp-content\/uploads\/2020\/06\/AJ-pracovn\u00ed-list-\u010d.-19-Revision-9.-ro\u010dn\u00edk-8.-6.-12.-6..pdf\">Pracovn\u00ed list \u010d. 19 &#8211; Revision &#8211; (8. 6. &#8211; 12. 6.)<\/a><\/li>\n<li><a href=\"http:\/\/www.zsvyhlidka.cz\/wp-content\/uploads\/2020\/06\/AJ-pracovn\u00ed-list-\u010d.-20-Alec-Benjamin-Don\u00b4t-let-me-down-9.-ro\u010dn\u00edk-22.-6.-23.-6..pdf\">Pracovn\u00ed list \u010d. 20 &#8211; Alec Benjamin &#8211; Don\u00b4t let me down &#8211; (22. 6. &#8211; 23. 6.)<\/a><\/li>\n<\/ul>\n<p>&nbsp;<\/p>\n<p>&nbsp;<\/p>\n<p>&nbsp;<\/p>\n<p>&nbsp;<\/p>\n<p>&nbsp;<\/p>\n<p>&nbsp;<\/p>\n<p>&nbsp;<\/p>\n<p><span style=\"color: #ffffff;\">.<\/span><\/p>\n","protected":false},"excerpt":{"rendered":"<p>Pracovn\u00ed listy Aj 9. ro\u010dn\u00edk &#8211; Mgr. Zuzana Topi\u010dov\u00e1 &nbsp; Pracovn\u00ed list \u010d. 1 &#8211; past tenses (23. 3. &#8211; 27. 3.) Pracovn\u00ed list \u010d. 2 &#8211; short stories &#8211; Shakespeare (23. 3. &#8211; 27. 3.) Pracovn\u00ed list \u010d. 3 <a href=\"https:\/\/www.zsvyhlidka.cz\/?page_id=23484\" class=\"read-more\">Zobrazit v\u00edce&#8230;<\/a><\/p>\n","protected":false},"author":4,"featured_media":0,"parent":0,"menu_order":0,"comment_status":"closed","ping_status":"closed","template":"page-fullwidth.php","meta":[],"_links":{"self":[{"href":"https:\/\/www.zsvyhlidka.cz\/index.php?rest_route=\/wp\/v2\/pages\/23484"}],"collection":[{"href":"https:\/\/www.zsvyhlidka.cz\/index.php?rest_route=\/wp\/v2\/pages"}],"about":[{"href":"https:\/\/www.zsvyhlidka.cz\/index.php?rest_route=\/wp\/v2\/types\/page"}],"author":[{"embeddable":true,"href":"https:\/\/www.zsvyhlidka.cz\/index.php?rest_route=\/wp\/v2\/users\/4"}],"replies":[{"embeddable":true,"href":"https:\/\/www.zsvyhlidka.cz\/index.php?rest_route=%2Fwp%2Fv2%2Fcomments&post=23484"}],"version-history":[{"count":16,"href":"https:\/\/www.zsvyhlidka.cz\/index.php?rest_route=\/wp\/v2\/pages\/23484\/revisions"}],"predecessor-version":[{"id":27130,"href":"https:\/\/www.zsvyhlidka.cz\/index.php?rest_route=\/wp\/v2\/pages\/23484\/revisions\/27130"}],"wp:attachment":[{"href":"https:\/\/www.zsvyhlidka.cz\/index.php?rest_route=%2Fwp%2Fv2%2Fmedia&parent=23484"}],"curies":[{"name":"wp","href":"https:\/\/api.w.org\/{rel}","templated":true}]}}