{"id":23662,"date":"2020-03-27T21:28:04","date_gmt":"2020-03-27T20:28:04","guid":{"rendered":"http:\/\/www.zsvyhlidka.cz\/?page_id=23662"},"modified":"2020-03-27T21:28:04","modified_gmt":"2020-03-27T20:28:04","slug":"domaci-priprava-30-3-3-4-2020","status":"publish","type":"page","link":"https:\/\/www.zsvyhlidka.cz\/?page_id=23662","title":{"rendered":"Dom\u00e1c\u00ed p\u0159\u00edprava 30.3.-3.4.2020"},"content":{"rendered":"<h5><strong>Dom\u00e1c\u00ed p\u0159\u00edprava 30.3.-3.4.2020<\/strong><\/h5>\n<ul>\n<li><a href=\"http:\/\/www.zsvyhlidka.cz\/wp-content\/uploads\/2020\/03\/D\u00fa-30.3.-3.4-4A.pdf\">Dom\u00e1c\u00ed p\u0159\u00edprava 30.3.-3.4.2020<\/a><\/li>\n<li><a href=\"http:\/\/www.zsvyhlidka.cz\/wp-content\/uploads\/2020\/03\/LOUKA-\u017eiv-4A.pptx\">Prezentace &#8211; louka, \u017eivo\u010dichov\u00e9<\/a><\/li>\n<\/ul>\n","protected":false},"excerpt":{"rendered":"<p>Dom\u00e1c\u00ed p\u0159\u00edprava 30.3.-3.4.2020 Dom\u00e1c\u00ed p\u0159\u00edprava 30.3.-3.4.2020 Prezentace &#8211; louka, \u017eivo\u010dichov\u00e9<\/p>\n","protected":false},"author":2,"featured_media":0,"parent":0,"menu_order":0,"comment_status":"closed","ping_status":"closed","template":"page-fullwidth.php","meta":[],"_links":{"self":[{"href":"https:\/\/www.zsvyhlidka.cz\/index.php?rest_route=\/wp\/v2\/pages\/23662"}],"collection":[{"href":"https:\/\/www.zsvyhlidka.cz\/index.php?rest_route=\/wp\/v2\/pages"}],"about":[{"href":"https:\/\/www.zsvyhlidka.cz\/index.php?rest_route=\/wp\/v2\/types\/page"}],"author":[{"embeddable":true,"href":"https:\/\/www.zsvyhlidka.cz\/index.php?rest_route=\/wp\/v2\/users\/2"}],"replies":[{"embeddable":true,"href":"https:\/\/www.zsvyhlidka.cz\/index.php?rest_route=%2Fwp%2Fv2%2Fcomments&post=23662"}],"version-history":[{"count":1,"href":"https:\/\/www.zsvyhlidka.cz\/index.php?rest_route=\/wp\/v2\/pages\/23662\/revisions"}],"predecessor-version":[{"id":23666,"href":"https:\/\/www.zsvyhlidka.cz\/index.php?rest_route=\/wp\/v2\/pages\/23662\/revisions\/23666"}],"wp:attachment":[{"href":"https:\/\/www.zsvyhlidka.cz\/index.php?rest_route=%2Fwp%2Fv2%2Fmedia&parent=23662"}],"curies":[{"name":"wp","href":"https:\/\/api.w.org\/{rel}","templated":true}]}}