{"id":23697,"date":"2020-03-29T19:54:32","date_gmt":"2020-03-29T17:54:32","guid":{"rendered":"http:\/\/www.zsvyhlidka.cz\/?page_id=23697"},"modified":"2020-04-01T17:21:33","modified_gmt":"2020-04-01T15:21:33","slug":"domaci-priprava-cj-ma-vl-pr-23-3-27-3-2020","status":"publish","type":"page","link":"https:\/\/www.zsvyhlidka.cz\/?page_id=23697","title":{"rendered":"Dom\u00e1c\u00ed p\u0159\u00edprava \u010cj, Ma, Vl, P\u0159 30. 3. &#8211; 3. 4. 2020"},"content":{"rendered":"<h5><strong>Dom\u00e1c\u00ed p\u0159\u00edprava \u010cj, Ma, Vl, P\u0159 30. 3. &#8211; 3. 4. 2020<\/strong><\/h5>\n<ul>\n<li><a href=\"http:\/\/www.zsvyhlidka.cz\/wp-content\/uploads\/2020\/04\/dom\u00e1c\u00ed-\u00fakoly-\u010dj-m-vl-p\u0159-30.-3.-3.-4.-2020-5B.pdf\">Zad\u00e1n\u00ed<\/a><\/li>\n<li><a href=\"http:\/\/www.zsvyhlidka.cz\/?page_id=23708\">Desetinn\u00e9 zlomky, desetinn\u00e1 \u010d\u00edsla<\/a><\/li>\n<\/ul>\n","protected":false},"excerpt":{"rendered":"<p>Dom\u00e1c\u00ed p\u0159\u00edprava \u010cj, Ma, Vl, P\u0159 30. 3. &#8211; 3. 4. 2020 Zad\u00e1n\u00ed Desetinn\u00e9 zlomky, desetinn\u00e1 \u010d\u00edsla<\/p>\n","protected":false},"author":2,"featured_media":0,"parent":0,"menu_order":0,"comment_status":"closed","ping_status":"closed","template":"page-fullwidth.php","meta":[],"_links":{"self":[{"href":"https:\/\/www.zsvyhlidka.cz\/index.php?rest_route=\/wp\/v2\/pages\/23697"}],"collection":[{"href":"https:\/\/www.zsvyhlidka.cz\/index.php?rest_route=\/wp\/v2\/pages"}],"about":[{"href":"https:\/\/www.zsvyhlidka.cz\/index.php?rest_route=\/wp\/v2\/types\/page"}],"author":[{"embeddable":true,"href":"https:\/\/www.zsvyhlidka.cz\/index.php?rest_route=\/wp\/v2\/users\/2"}],"replies":[{"embeddable":true,"href":"https:\/\/www.zsvyhlidka.cz\/index.php?rest_route=%2Fwp%2Fv2%2Fcomments&post=23697"}],"version-history":[{"count":17,"href":"https:\/\/www.zsvyhlidka.cz\/index.php?rest_route=\/wp\/v2\/pages\/23697\/revisions"}],"predecessor-version":[{"id":24043,"href":"https:\/\/www.zsvyhlidka.cz\/index.php?rest_route=\/wp\/v2\/pages\/23697\/revisions\/24043"}],"wp:attachment":[{"href":"https:\/\/www.zsvyhlidka.cz\/index.php?rest_route=%2Fwp%2Fv2%2Fmedia&parent=23697"}],"curies":[{"name":"wp","href":"https:\/\/api.w.org\/{rel}","templated":true}]}}