{"id":23708,"date":"2020-03-29T20:13:41","date_gmt":"2020-03-29T18:13:41","guid":{"rendered":"http:\/\/www.zsvyhlidka.cz\/?page_id=23708"},"modified":"2020-03-29T20:16:00","modified_gmt":"2020-03-29T18:16:00","slug":"desetinne-zlomky-desetinna-cisla","status":"publish","type":"page","link":"https:\/\/www.zsvyhlidka.cz\/?page_id=23708","title":{"rendered":"Desetinn\u00e9 zlomky, desetinn\u00e1 \u010d\u00edsla"},"content":{"rendered":"<h5><strong>Desetinn\u00e9 zlomky, desetinn\u00e1 \u010d\u00edsla<\/strong><\/h5>\n<ul>\n<li><a href=\"http:\/\/www.zsvyhlidka.cz\/wp-content\/uploads\/2020\/03\/Desetinn\u00e9-zlomky-d.-\u010d._1-5AB.pdf\">Vysv\u011btlen\u00ed \u010d. 1<\/a><\/li>\n<li><a href=\"http:\/\/www.zsvyhlidka.cz\/wp-content\/uploads\/2020\/03\/Desetinn\u00e9-zlomky-d.-\u010d._2-5AB.pdf\">Vysv\u011btlen\u00ed \u010d. 2<\/a><\/li>\n<li><a href=\"http:\/\/www.zsvyhlidka.cz\/wp-content\/uploads\/2020\/03\/Desetinn\u00e9-zlomky-d.-\u010d._3-5AB.pdf\">Vysv\u011btlen\u00ed \u010d. 3<\/a><\/li>\n<li><a href=\"http:\/\/www.zsvyhlidka.cz\/wp-content\/uploads\/2020\/03\/Desetinn\u00e9-zlomky-d.-\u010d._4-5AB.pdf\">Vysv\u011btlen\u00ed \u010d. 4<\/a><\/li>\n<\/ul>\n","protected":false},"excerpt":{"rendered":"<p>Desetinn\u00e9 zlomky, desetinn\u00e1 \u010d\u00edsla Vysv\u011btlen\u00ed \u010d. 1 Vysv\u011btlen\u00ed \u010d. 2 Vysv\u011btlen\u00ed \u010d. 3 Vysv\u011btlen\u00ed \u010d. 4<\/p>\n","protected":false},"author":2,"featured_media":0,"parent":0,"menu_order":0,"comment_status":"closed","ping_status":"closed","template":"page-fullwidth.php","meta":[],"_links":{"self":[{"href":"https:\/\/www.zsvyhlidka.cz\/index.php?rest_route=\/wp\/v2\/pages\/23708"}],"collection":[{"href":"https:\/\/www.zsvyhlidka.cz\/index.php?rest_route=\/wp\/v2\/pages"}],"about":[{"href":"https:\/\/www.zsvyhlidka.cz\/index.php?rest_route=\/wp\/v2\/types\/page"}],"author":[{"embeddable":true,"href":"https:\/\/www.zsvyhlidka.cz\/index.php?rest_route=\/wp\/v2\/users\/2"}],"replies":[{"embeddable":true,"href":"https:\/\/www.zsvyhlidka.cz\/index.php?rest_route=%2Fwp%2Fv2%2Fcomments&post=23708"}],"version-history":[{"count":1,"href":"https:\/\/www.zsvyhlidka.cz\/index.php?rest_route=\/wp\/v2\/pages\/23708\/revisions"}],"predecessor-version":[{"id":23713,"href":"https:\/\/www.zsvyhlidka.cz\/index.php?rest_route=\/wp\/v2\/pages\/23708\/revisions\/23713"}],"wp:attachment":[{"href":"https:\/\/www.zsvyhlidka.cz\/index.php?rest_route=%2Fwp%2Fv2%2Fmedia&parent=23708"}],"curies":[{"name":"wp","href":"https:\/\/api.w.org\/{rel}","templated":true}]}}