{"id":238,"date":"2011-07-29T20:32:09","date_gmt":"2011-07-29T19:32:09","guid":{"rendered":"http:\/\/www.zsvyhlidka.cz\/?page_id=238"},"modified":"2026-01-22T09:46:15","modified_gmt":"2026-01-22T08:46:15","slug":"plan-ict","status":"publish","type":"page","link":"https:\/\/www.zsvyhlidka.cz\/?page_id=238","title":{"rendered":"Pl\u00e1n ICT"},"content":{"rendered":"<ul>\n<li><a href=\"http:\/\/www.zsvyhlidka.cz\/wp-content\/uploads\/2026\/01\/ICTplan_2526.pdf\">ICT pl\u00e1n 2025 &#8211; 2026<\/a><\/li>\n<li><a href=\"http:\/\/www.zsvyhlidka.cz\/wp-content\/uploads\/2024\/10\/ICTplan_2425.pdf\">ICT pl\u00e1n 2024 &#8211; 2025<\/a><\/li>\n<li><a href=\"http:\/\/www.zsvyhlidka.cz\/wp-content\/uploads\/2024\/03\/ICTplan_2324.pdf\">ICT pl\u00e1n 2023 &#8211; 2024<\/a><\/li>\n<li><a href=\"http:\/\/www.zsvyhlidka.cz\/wp-content\/uploads\/2022\/10\/ICT-plan-2022.pdf\">ICT pl\u00e1n 2022 &#8211; 2023<\/a><\/li>\n<li><a href=\"http:\/\/www.zsvyhlidka.cz\/wp-content\/uploads\/2021\/10\/ICT-plan-2021_22.pdf\">ICT pl\u00e1n 2021 &#8211; 2022<\/a><\/li>\n<\/ul>\n<p><span style=\"color: #ccffcc;\">.<\/span><\/p>\n","protected":false},"excerpt":{"rendered":"<p>ICT pl\u00e1n 2025 &#8211; 2026 ICT pl\u00e1n 2024 &#8211; 2025 ICT pl\u00e1n 2023 &#8211; 2024 ICT pl\u00e1n 2022 &#8211; 2023 ICT pl\u00e1n 2021 &#8211; 2022 .<\/p>\n","protected":false},"author":1,"featured_media":0,"parent":0,"menu_order":40,"comment_status":"closed","ping_status":"closed","template":"","meta":[],"_links":{"self":[{"href":"https:\/\/www.zsvyhlidka.cz\/index.php?rest_route=\/wp\/v2\/pages\/238"}],"collection":[{"href":"https:\/\/www.zsvyhlidka.cz\/index.php?rest_route=\/wp\/v2\/pages"}],"about":[{"href":"https:\/\/www.zsvyhlidka.cz\/index.php?rest_route=\/wp\/v2\/types\/page"}],"author":[{"embeddable":true,"href":"https:\/\/www.zsvyhlidka.cz\/index.php?rest_route=\/wp\/v2\/users\/1"}],"replies":[{"embeddable":true,"href":"https:\/\/www.zsvyhlidka.cz\/index.php?rest_route=%2Fwp%2Fv2%2Fcomments&post=238"}],"version-history":[{"count":21,"href":"https:\/\/www.zsvyhlidka.cz\/index.php?rest_route=\/wp\/v2\/pages\/238\/revisions"}],"predecessor-version":[{"id":36159,"href":"https:\/\/www.zsvyhlidka.cz\/index.php?rest_route=\/wp\/v2\/pages\/238\/revisions\/36159"}],"wp:attachment":[{"href":"https:\/\/www.zsvyhlidka.cz\/index.php?rest_route=%2Fwp%2Fv2%2Fmedia&parent=238"}],"curies":[{"name":"wp","href":"https:\/\/api.w.org\/{rel}","templated":true}]}}