{"id":24214,"date":"2020-04-05T20:36:52","date_gmt":"2020-04-05T18:36:52","guid":{"rendered":"http:\/\/www.zsvyhlidka.cz\/?page_id=24214"},"modified":"2020-06-14T21:06:27","modified_gmt":"2020-06-14T19:06:27","slug":"domaci-pripravy","status":"publish","type":"page","link":"https:\/\/www.zsvyhlidka.cz\/?page_id=24214","title":{"rendered":"Dom\u00e1c\u00ed p\u0159\u00edpravy"},"content":{"rendered":"<h5><strong>Dom\u00e1c\u00ed p\u0159\u00edpravy<\/strong><\/h5>\n<ul>\n<li><a href=\"http:\/\/www.zsvyhlidka.cz\/wp-content\/uploads\/2020\/03\/Dom\u00e1c\u00ed-\u00fakoly-AJ-5.ro\u010dn\u00edk-do-p\u00e1tku-13.3.2020.pdf\">Dom\u00e1c\u00ed p\u0159\u00edprava Aj p\u00e1tku 13.3.2020<\/a><\/li>\n<li><a href=\"http:\/\/www.zsvyhlidka.cz\/wp-content\/uploads\/2020\/03\/Dom\u00e1c\u00ed-\u00fakoly-Aj-16.-3.-20.-3.-2020.pdf\">Dom\u00e1c\u00ed p\u0159\u00edprava Aj 16. 3. &#8211; 20. 3. 2020<\/a><\/li>\n<li><a href=\"http:\/\/www.zsvyhlidka.cz\/wp-content\/uploads\/2020\/03\/Anglick\u00fd-jazyk-5.-A-5.-B-23.-3.-27.-3.-2020.docx.pdf\">Dom\u00e1c\u00ed p\u0159\u00edprava Aj 23. 3. &#8211; 27. 3. 2020<\/a><\/li>\n<li><a href=\"http:\/\/www.zsvyhlidka.cz\/wp-content\/uploads\/2020\/03\/Aj-od-30.-3.-do-3.-4.-2020-5.-A-B.docx.pdf\">Dom\u00e1c\u00ed p\u0159\u00edprava Aj 30. 3. &#8211; 3. 4. 2020<\/a><\/li>\n<li><a href=\"http:\/\/www.zsvyhlidka.cz\/wp-content\/uploads\/2020\/04\/Anglick\u00fd-jazyk-5.-A-B-dom\u00e1c\u00ed-p\u0159\u00edprava-6.-4.-8.-4.-2020.docx.pdf\">Dom\u00e1c\u00ed p\u0159\u00edprava Aj 6. 4. &#8211; 8. 4. 2020<\/a><\/li>\n<li><a href=\"http:\/\/www.zsvyhlidka.cz\/wp-content\/uploads\/2020\/04\/Dom\u00e1c\u00ed-\u00fakoly-AJ-5.-A-B-14.-4.-17.-4.-2020.docx.pdf\">Dom\u00e1c\u00ed p\u0159\u00edprava Aj 14. 4. &#8211; 17. 4. 2020<\/a><\/li>\n<li><a href=\"http:\/\/www.zsvyhlidka.cz\/wp-content\/uploads\/2020\/04\/Anglick\u00fd-jazyk-5.-A-B-dom\u00e1c\u00ed-p\u0159\u00edprava-20.-4.-24.-4.-2020.docx.pdf\">Dom\u00e1c\u00ed p\u0159\u00edprava Aj 20. 4. &#8211; 24. 4. 2020<\/a><\/li>\n<li><a href=\"http:\/\/www.zsvyhlidka.cz\/wp-content\/uploads\/2020\/04\/dom\u00e1c\u00ed-\u00fakoly-AJ-5.-A-B-27.-4.-1.-5.-2020.pdf\">Dom\u00e1c\u00ed p\u0159\u00edprava Aj 27. 4. &#8211; 30. 4. 2020<\/a><\/li>\n<li><a href=\"http:\/\/www.zsvyhlidka.cz\/wp-content\/uploads\/2020\/05\/Anglick\u00fd-jazyk-5.-A-B-dom\u00e1c\u00ed-p\u0159\u00edprava-4.-5.-7.-5.-2020.pdf\">Dom\u00e1c\u00ed p\u0159\u00edprava Aj 4. 5. &#8211; 7. 5. 2020<\/a><\/li>\n<li><a href=\"http:\/\/www.zsvyhlidka.cz\/wp-content\/uploads\/2020\/05\/Dom\u00e1c\u00ed-\u00fakoly-AJ-5.-A-B-11.-5-15.-5.-2020.pdf\">Dom\u00e1c\u00ed p\u0159\u00edprava Aj 11. 5. &#8211; 15. 5. 2020<\/a><\/li>\n<li><a href=\"http:\/\/www.zsvyhlidka.cz\/wp-content\/uploads\/2020\/05\/Anglick\u00fd-jazyk-5.-A-B-dom\u00e1c\u00ed-p\u0159\u00edprava-18.-5.-22.-5.-2020.docx.pdf\">Dom\u00e1c\u00ed p\u0159\u00edprava Aj 18. 5. &#8211; 22. 5. 2020<\/a><\/li>\n<li><a href=\"http:\/\/www.zsvyhlidka.cz\/?page_id=26254\">Dom\u00e1c\u00ed p\u0159\u00edprava Aj 25. 5. &#8211; 29. 5. 2020<\/a><\/li>\n<li><a href=\"http:\/\/www.zsvyhlidka.cz\/wp-content\/uploads\/2020\/05\/Dom\u00e1c\u00ed-\u00fakoly-AJ-1.-6.-5.-6.-2020-5A.docx.pdf\">Dom\u00e1c\u00ed p\u0159\u00edprava Aj 1. 6. &#8211; 5. 6. 2020<\/a><\/li>\n<li><a href=\"http:\/\/www.zsvyhlidka.cz\/?page_id=26775\">Dom\u00e1c\u00ed p\u0159\u00edprava Aj 8. 6. &#8211; 12. 6. 2020<\/a><\/li>\n<li><a href=\"http:\/\/www.zsvyhlidka.cz\/wp-content\/uploads\/2020\/06\/\u00fakol-AJ-19.-23.-6.-2020-5AB.pdf\">Dom\u00e1c\u00ed p\u0159\u00edprava Aj 15. 6. &#8211; 23. 6. 2020<\/a><\/li>\n<li><a href=\"http:\/\/www.zsvyhlidka.cz\/wp-content\/uploads\/2020\/03\/Lekce-4-1.-\u010d\u00e1st.pdf\">Slov\u00ed\u010dka Lekce 4 &#8211; 1. \u010d\u00e1st<\/a><\/li>\n<li><a href=\"http:\/\/www.zsvyhlidka.cz\/wp-content\/uploads\/2020\/03\/Lekce-4-2.\u010d\u00e1st.pdf\">Slov\u00ed\u010dka Lekce 4 &#8211; 2.\u010d\u00e1st<\/a><\/li>\n<li><a href=\"http:\/\/www.zsvyhlidka.cz\/wp-content\/uploads\/2020\/03\/Dopis-rodi\u010d\u016fm.docx.pdf\">Dopis rodi\u010d\u016fm<\/a><\/li>\n<\/ul>\n","protected":false},"excerpt":{"rendered":"<p>Dom\u00e1c\u00ed p\u0159\u00edpravy Dom\u00e1c\u00ed p\u0159\u00edprava Aj p\u00e1tku 13.3.2020 Dom\u00e1c\u00ed p\u0159\u00edprava Aj 16. 3. &#8211; 20. 3. 2020 Dom\u00e1c\u00ed p\u0159\u00edprava Aj 23. 3. &#8211; 27. 3. 2020 Dom\u00e1c\u00ed p\u0159\u00edprava Aj 30. 3. &#8211; 3. 4. 2020 Dom\u00e1c\u00ed p\u0159\u00edprava Aj 6. 4. &#8211; <a href=\"https:\/\/www.zsvyhlidka.cz\/?page_id=24214\" class=\"read-more\">Zobrazit v\u00edce&#8230;<\/a><\/p>\n","protected":false},"author":2,"featured_media":0,"parent":0,"menu_order":0,"comment_status":"closed","ping_status":"closed","template":"page-fullwidth.php","meta":[],"_links":{"self":[{"href":"https:\/\/www.zsvyhlidka.cz\/index.php?rest_route=\/wp\/v2\/pages\/24214"}],"collection":[{"href":"https:\/\/www.zsvyhlidka.cz\/index.php?rest_route=\/wp\/v2\/pages"}],"about":[{"href":"https:\/\/www.zsvyhlidka.cz\/index.php?rest_route=\/wp\/v2\/types\/page"}],"author":[{"embeddable":true,"href":"https:\/\/www.zsvyhlidka.cz\/index.php?rest_route=\/wp\/v2\/users\/2"}],"replies":[{"embeddable":true,"href":"https:\/\/www.zsvyhlidka.cz\/index.php?rest_route=%2Fwp%2Fv2%2Fcomments&post=24214"}],"version-history":[{"count":19,"href":"https:\/\/www.zsvyhlidka.cz\/index.php?rest_route=\/wp\/v2\/pages\/24214\/revisions"}],"predecessor-version":[{"id":27016,"href":"https:\/\/www.zsvyhlidka.cz\/index.php?rest_route=\/wp\/v2\/pages\/24214\/revisions\/27016"}],"wp:attachment":[{"href":"https:\/\/www.zsvyhlidka.cz\/index.php?rest_route=%2Fwp%2Fv2%2Fmedia&parent=24214"}],"curies":[{"name":"wp","href":"https:\/\/api.w.org\/{rel}","templated":true}]}}