{"id":24216,"date":"2020-04-05T20:38:08","date_gmt":"2020-04-05T18:38:08","guid":{"rendered":"http:\/\/www.zsvyhlidka.cz\/?page_id=24216"},"modified":"2020-06-15T10:25:22","modified_gmt":"2020-06-15T08:25:22","slug":"domaci-pripravy-2","status":"publish","type":"page","link":"https:\/\/www.zsvyhlidka.cz\/?page_id=24216","title":{"rendered":"Dom\u00e1c\u00ed p\u0159\u00edpravy"},"content":{"rendered":"<h5><strong>Dom\u00e1c\u00ed p\u0159\u00edpravy<\/strong><\/h5>\n<ul>\n<li><a href=\"http:\/\/www.zsvyhlidka.cz\/wp-content\/uploads\/2020\/03\/Dom\u00e1c\u00ed-p\u0159\u00edprava-anglick\u00fd-jazyk-5.-ro\u010dn\u00edk-p.u\u010d.-Rab\u0161tejnkov\u00e1.pdf\">Dom\u00e1c\u00ed p\u0159\u00edprava do p\u00e1tku 13.3.2020<\/a><\/li>\n<li><a href=\"http:\/\/www.zsvyhlidka.cz\/wp-content\/uploads\/2020\/03\/Angli\u010dtina-5.ro\u010dn\u00edk-do-20.3.2020.pdf\">Dom\u00e1c\u00ed p\u0159\u00edprava do p\u00e1tku 20.3.2020<\/a><\/li>\n<li><a href=\"http:\/\/www.zsvyhlidka.cz\/wp-content\/uploads\/2020\/03\/Anglick\u00fd-jazyk-5.B-23.-29.3.pdf\">Dom\u00e1c\u00ed p\u0159\u00edprava do p\u00e1tku 27.3.2020<\/a><\/li>\n<li><a href=\"http:\/\/www.zsvyhlidka.cz\/wp-content\/uploads\/2020\/03\/Dom\u00e1c\u00ed-p\u0159\u00edprava-Aj-5.B-30.3.-5.-4.-2020.pdf\">Dom\u00e1c\u00ed p\u0159\u00edprava do 5.4.2020<\/a><\/li>\n<li><a href=\"http:\/\/www.zsvyhlidka.cz\/wp-content\/uploads\/2020\/04\/Dom\u00e1c\u00ed-\u00fakoly-5.-B-6.4.-12.4.2020.pdf\">Dom\u00e1c\u00ed p\u0159\u00edprava do 12.4.2020<\/a><\/li>\n<li><a href=\"http:\/\/www.zsvyhlidka.cz\/wp-content\/uploads\/2020\/04\/Dom\u00e1c\u00ed-\u00fakoly-5.B-14.4.-17.4.-2020.pdf\">Dom\u00e1c\u00ed p\u0159\u00edprava do p\u00e1tku 17.4.2020<\/a><\/li>\n<li><a href=\"http:\/\/www.zsvyhlidka.cz\/wp-content\/uploads\/2020\/04\/Dom\u00e1c\u00ed-p\u0159\u00edprava-5.B-20.4.-24.4.2020.docx.pdf\">Dom\u00e1c\u00ed p\u0159\u00edprava do p\u00e1tku 24.4.2020<\/a><\/li>\n<li><a href=\"http:\/\/www.zsvyhlidka.cz\/wp-content\/uploads\/2020\/04\/Dom\u00e1c\u00ed-p\u0159\u00edprava-5.B-27.4.-1.5.2020.docx.pdf\">Dom\u00e1c\u00ed p\u0159\u00edprava do \u010dtvrtka 30.4.2020<\/a><\/li>\n<li><a href=\"http:\/\/www.zsvyhlidka.cz\/wp-content\/uploads\/2020\/05\/Dom\u00e1c\u00ed-p\u0159\u00edprava-5.B-4.5.-7.5.2020.pdf\">Dom\u00e1c\u00ed p\u0159\u00edprava do \u010dtvrtka 7.5.2020<\/a><\/li>\n<li><a href=\"http:\/\/www.zsvyhlidka.cz\/wp-content\/uploads\/2020\/05\/Dom\u00e1c\u00ed-p\u0159\u00edprava-5.-ro\u010dn\u00edk-11.-15.5.2020.docx.pdf\">Dom\u00e1c\u00ed p\u0159\u00edprava do p\u00e1tku 15.5.2020<\/a><\/li>\n<li><a href=\"http:\/\/www.zsvyhlidka.cz\/wp-content\/uploads\/2020\/05\/Dom\u00e1c\u00ed-p\u0159\u00edprava-5.-ro\u010dn\u00edk-18.-22.5.2020.docx.pdf\">Dom\u00e1c\u00ed p\u0159\u00edprava do p\u00e1tku 22.5.2020<\/a><\/li>\n<li><a href=\"http:\/\/www.zsvyhlidka.cz\/wp-content\/uploads\/2020\/05\/Dom\u00e1c\u00ed-p\u0159\u00edprava-5.B-25.5.-31.5.2020.docx.pdf\">Dom\u00e1c\u00ed p\u0159\u00edprava do 31.5.2020<\/a><\/li>\n<li><a href=\"http:\/\/www.zsvyhlidka.cz\/wp-content\/uploads\/2020\/06\/Dom\u00e1c\u00ed-p\u0159\u00edprava-5.B-1.6.-7.6.2020.docx.pdf\">Dom\u00e1c\u00ed p\u0159\u00edprava do 7.6.2020<\/a><\/li>\n<li><a href=\"http:\/\/www.zsvyhlidka.cz\/wp-content\/uploads\/2020\/06\/Dom\u00e1c\u00ed-p\u0159\u00edprava-5.B-8.6.-14.6.2020.pdf\">Dom\u00e1c\u00ed p\u0159\u00edprava do 14.6.2020<\/a><\/li>\n<li><a href=\"http:\/\/www.zsvyhlidka.cz\/wp-content\/uploads\/2020\/06\/Dom\u00e1c\u00ed-p\u0159\u00edprava-5.-ro\u010dn\u00edk-15.6.-19.6.2020.pdf\">Dom\u00e1c\u00ed p\u0159\u00edprava do p\u00e1tku 19.6.2020<\/a><\/li>\n<\/ul>\n<p>&nbsp;<\/p>\n<p>&nbsp;<\/p>\n<p>&nbsp;<\/p>\n","protected":false},"excerpt":{"rendered":"<p>Dom\u00e1c\u00ed p\u0159\u00edpravy Dom\u00e1c\u00ed p\u0159\u00edprava do p\u00e1tku 13.3.2020 Dom\u00e1c\u00ed p\u0159\u00edprava do p\u00e1tku 20.3.2020 Dom\u00e1c\u00ed p\u0159\u00edprava do p\u00e1tku 27.3.2020 Dom\u00e1c\u00ed p\u0159\u00edprava do 5.4.2020 Dom\u00e1c\u00ed p\u0159\u00edprava do 12.4.2020 Dom\u00e1c\u00ed p\u0159\u00edprava do p\u00e1tku 17.4.2020 Dom\u00e1c\u00ed p\u0159\u00edprava do p\u00e1tku 24.4.2020 Dom\u00e1c\u00ed p\u0159\u00edprava do \u010dtvrtka 30.4.2020 <a href=\"https:\/\/www.zsvyhlidka.cz\/?page_id=24216\" class=\"read-more\">Zobrazit v\u00edce&#8230;<\/a><\/p>\n","protected":false},"author":2,"featured_media":0,"parent":0,"menu_order":0,"comment_status":"closed","ping_status":"closed","template":"page-fullwidth.php","meta":[],"_links":{"self":[{"href":"https:\/\/www.zsvyhlidka.cz\/index.php?rest_route=\/wp\/v2\/pages\/24216"}],"collection":[{"href":"https:\/\/www.zsvyhlidka.cz\/index.php?rest_route=\/wp\/v2\/pages"}],"about":[{"href":"https:\/\/www.zsvyhlidka.cz\/index.php?rest_route=\/wp\/v2\/types\/page"}],"author":[{"embeddable":true,"href":"https:\/\/www.zsvyhlidka.cz\/index.php?rest_route=\/wp\/v2\/users\/2"}],"replies":[{"embeddable":true,"href":"https:\/\/www.zsvyhlidka.cz\/index.php?rest_route=%2Fwp%2Fv2%2Fcomments&post=24216"}],"version-history":[{"count":14,"href":"https:\/\/www.zsvyhlidka.cz\/index.php?rest_route=\/wp\/v2\/pages\/24216\/revisions"}],"predecessor-version":[{"id":27068,"href":"https:\/\/www.zsvyhlidka.cz\/index.php?rest_route=\/wp\/v2\/pages\/24216\/revisions\/27068"}],"wp:attachment":[{"href":"https:\/\/www.zsvyhlidka.cz\/index.php?rest_route=%2Fwp%2Fv2%2Fmedia&parent=24216"}],"curies":[{"name":"wp","href":"https:\/\/api.w.org\/{rel}","templated":true}]}}