{"id":25,"date":"2011-07-28T17:18:42","date_gmt":"2011-07-28T17:18:42","guid":{"rendered":"http:\/\/www.zsvyhlidka.cz\/?page_id=25"},"modified":"2024-08-19T18:58:48","modified_gmt":"2024-08-19T16:58:48","slug":"aktuality","status":"publish","type":"page","link":"https:\/\/www.zsvyhlidka.cz\/?page_id=25","title":{"rendered":"AKTUALITY"},"content":{"rendered":"<p>AKTUALITY<\/p>\n<p>\u00a0<\/p>\n\n<ul class=\"wp-block-latest-posts__list wp-block-latest-posts\"><li><a class=\"wp-block-latest-posts__post-title\" href=\"https:\/\/www.zsvyhlidka.cz\/?p=36553\">(bez n\u00e1zvu)<\/a><\/li>\n<li><a class=\"wp-block-latest-posts__post-title\" href=\"https:\/\/www.zsvyhlidka.cz\/?p=36527\">\u0160D ve VIDA! z\u00e1bavn\u00edm parku v\u00a0Brn\u011b<\/a><\/li>\n<li><a class=\"wp-block-latest-posts__post-title\" href=\"https:\/\/www.zsvyhlidka.cz\/?p=36523\">Projektov\u00fd den zam\u011b\u0159en\u00fd na rozvoj \u010dten\u00e1\u0159sk\u00e9 gramotnosti<\/a><\/li>\n<li><a class=\"wp-block-latest-posts__post-title\" href=\"https:\/\/www.zsvyhlidka.cz\/?p=36519\">Okresn\u00ed kolo biologick\u00e9 olympi\u00e1dy 2025\/2026 kategorie D<\/a><\/li>\n<li><a class=\"wp-block-latest-posts__post-title\" href=\"https:\/\/www.zsvyhlidka.cz\/?p=36517\">Okresn\u00ed kolo biologick\u00e9 olympi\u00e1dy 2025\/2026 kategorie C<\/a><\/li>\n<\/ul>","protected":false},"excerpt":{"rendered":"<p>AKTUALITY \u00a0<\/p>\n","protected":false},"author":1,"featured_media":0,"parent":0,"menu_order":280,"comment_status":"closed","ping_status":"closed","template":"","meta":[],"_links":{"self":[{"href":"https:\/\/www.zsvyhlidka.cz\/index.php?rest_route=\/wp\/v2\/pages\/25"}],"collection":[{"href":"https:\/\/www.zsvyhlidka.cz\/index.php?rest_route=\/wp\/v2\/pages"}],"about":[{"href":"https:\/\/www.zsvyhlidka.cz\/index.php?rest_route=\/wp\/v2\/types\/page"}],"author":[{"embeddable":true,"href":"https:\/\/www.zsvyhlidka.cz\/index.php?rest_route=\/wp\/v2\/users\/1"}],"replies":[{"embeddable":true,"href":"https:\/\/www.zsvyhlidka.cz\/index.php?rest_route=%2Fwp%2Fv2%2Fcomments&post=25"}],"version-history":[{"count":2,"href":"https:\/\/www.zsvyhlidka.cz\/index.php?rest_route=\/wp\/v2\/pages\/25\/revisions"}],"predecessor-version":[{"id":33068,"href":"https:\/\/www.zsvyhlidka.cz\/index.php?rest_route=\/wp\/v2\/pages\/25\/revisions\/33068"}],"wp:attachment":[{"href":"https:\/\/www.zsvyhlidka.cz\/index.php?rest_route=%2Fwp%2Fv2%2Fmedia&parent=25"}],"curies":[{"name":"wp","href":"https:\/\/api.w.org\/{rel}","templated":true}]}}