{"id":25365,"date":"2020-05-05T08:40:19","date_gmt":"2020-05-05T06:40:19","guid":{"rendered":"http:\/\/www.zsvyhlidka.cz\/?page_id=25365"},"modified":"2020-05-05T08:52:16","modified_gmt":"2020-05-05T06:52:16","slug":"obnoveni-vyuky-1-stupen-9-rocnik","status":"publish","type":"page","link":"https:\/\/www.zsvyhlidka.cz\/?page_id=25365","title":{"rendered":"Obnoven\u00ed v\u00fduky"},"content":{"rendered":"<h5><strong>Obnoven\u00ed v\u00fduky<\/strong><\/h5>\n<p>&nbsp;<\/p>\n","protected":false},"excerpt":{"rendered":"<p>Obnoven\u00ed v\u00fduky &nbsp;<\/p>\n","protected":false},"author":4,"featured_media":0,"parent":0,"menu_order":0,"comment_status":"closed","ping_status":"closed","template":"page-fullwidth.php","meta":[],"_links":{"self":[{"href":"https:\/\/www.zsvyhlidka.cz\/index.php?rest_route=\/wp\/v2\/pages\/25365"}],"collection":[{"href":"https:\/\/www.zsvyhlidka.cz\/index.php?rest_route=\/wp\/v2\/pages"}],"about":[{"href":"https:\/\/www.zsvyhlidka.cz\/index.php?rest_route=\/wp\/v2\/types\/page"}],"author":[{"embeddable":true,"href":"https:\/\/www.zsvyhlidka.cz\/index.php?rest_route=\/wp\/v2\/users\/4"}],"replies":[{"embeddable":true,"href":"https:\/\/www.zsvyhlidka.cz\/index.php?rest_route=%2Fwp%2Fv2%2Fcomments&post=25365"}],"version-history":[{"count":9,"href":"https:\/\/www.zsvyhlidka.cz\/index.php?rest_route=\/wp\/v2\/pages\/25365\/revisions"}],"predecessor-version":[{"id":25382,"href":"https:\/\/www.zsvyhlidka.cz\/index.php?rest_route=\/wp\/v2\/pages\/25365\/revisions\/25382"}],"wp:attachment":[{"href":"https:\/\/www.zsvyhlidka.cz\/index.php?rest_route=%2Fwp%2Fv2%2Fmedia&parent=25365"}],"curies":[{"name":"wp","href":"https:\/\/api.w.org\/{rel}","templated":true}]}}