{"id":25434,"date":"2020-05-07T14:34:43","date_gmt":"2020-05-07T12:34:43","guid":{"rendered":"http:\/\/www.zsvyhlidka.cz\/?page_id=25434"},"modified":"2020-05-10T17:24:18","modified_gmt":"2020-05-10T15:24:18","slug":"nastup-do-skoly","status":"publish","type":"page","link":"https:\/\/www.zsvyhlidka.cz\/?page_id=25434","title":{"rendered":"N\u00e1stup do \u0161koly"},"content":{"rendered":"<h5><strong>N\u00e1stup do \u0161koly<\/strong><\/h5>\n<ul>\n<li><a href=\"http:\/\/www.zsvyhlidka.cz\/wp-content\/uploads\/2020\/05\/N\u00c1STUP_INFO.docx.pdf\">Informace<\/a><\/li>\n<li><a href=\"http:\/\/www.zsvyhlidka.cz\/wp-content\/uploads\/2020\/05\/P\u0159ihl\u00e1\u0161ka.docx.pdf\">P\u0159ihl\u00e1\u0161ka<\/a><\/li>\n<\/ul>\n","protected":false},"excerpt":{"rendered":"<p>N\u00e1stup do \u0161koly Informace P\u0159ihl\u00e1\u0161ka<\/p>\n","protected":false},"author":2,"featured_media":0,"parent":0,"menu_order":0,"comment_status":"closed","ping_status":"closed","template":"page-fullwidth.php","meta":[],"_links":{"self":[{"href":"https:\/\/www.zsvyhlidka.cz\/index.php?rest_route=\/wp\/v2\/pages\/25434"}],"collection":[{"href":"https:\/\/www.zsvyhlidka.cz\/index.php?rest_route=\/wp\/v2\/pages"}],"about":[{"href":"https:\/\/www.zsvyhlidka.cz\/index.php?rest_route=\/wp\/v2\/types\/page"}],"author":[{"embeddable":true,"href":"https:\/\/www.zsvyhlidka.cz\/index.php?rest_route=\/wp\/v2\/users\/2"}],"replies":[{"embeddable":true,"href":"https:\/\/www.zsvyhlidka.cz\/index.php?rest_route=%2Fwp%2Fv2%2Fcomments&post=25434"}],"version-history":[{"count":2,"href":"https:\/\/www.zsvyhlidka.cz\/index.php?rest_route=\/wp\/v2\/pages\/25434\/revisions"}],"predecessor-version":[{"id":25468,"href":"https:\/\/www.zsvyhlidka.cz\/index.php?rest_route=\/wp\/v2\/pages\/25434\/revisions\/25468"}],"wp:attachment":[{"href":"https:\/\/www.zsvyhlidka.cz\/index.php?rest_route=%2Fwp%2Fv2%2Fmedia&parent=25434"}],"curies":[{"name":"wp","href":"https:\/\/api.w.org\/{rel}","templated":true}]}}