{"id":25441,"date":"2020-05-07T14:42:33","date_gmt":"2020-05-07T12:42:33","guid":{"rendered":"http:\/\/www.zsvyhlidka.cz\/?page_id=25441"},"modified":"2020-05-07T14:43:55","modified_gmt":"2020-05-07T12:43:55","slug":"domaci-priprava-11-5-15-5-2020","status":"publish","type":"page","link":"https:\/\/www.zsvyhlidka.cz\/?page_id=25441","title":{"rendered":"Dom\u00e1c\u00ed p\u0159\u00edprava 11.5.-15.5.2020"},"content":{"rendered":"<h5><strong>Dom\u00e1c\u00ed p\u0159\u00edprava 11.5.-15.5.2020<\/strong><\/h5>\n<ul>\n<li><a href=\"http:\/\/www.zsvyhlidka.cz\/wp-content\/uploads\/2020\/05\/4.A-11.-15.kv\u011btna.docx.pdf\">Zad\u00e1n\u00ed<\/a><\/li>\n<li><a href=\"http:\/\/www.zsvyhlidka.cz\/wp-content\/uploads\/2020\/05\/Ekosyst\u00e9m_lidsk\u00e1_obydl\u00ed_\u017dIVO\u010cICHOV\u00c9.ppt\">Prezentace<\/a><\/li>\n<li><a href=\"http:\/\/www.zsvyhlidka.cz\/?page_id=25434\">N\u00e1stup do \u0161koly<\/a><\/li>\n<\/ul>\n","protected":false},"excerpt":{"rendered":"<p>Dom\u00e1c\u00ed p\u0159\u00edprava 11.5.-15.5.2020 Zad\u00e1n\u00ed Prezentace N\u00e1stup do \u0161koly<\/p>\n","protected":false},"author":2,"featured_media":0,"parent":0,"menu_order":0,"comment_status":"closed","ping_status":"closed","template":"page-fullwidth.php","meta":[],"_links":{"self":[{"href":"https:\/\/www.zsvyhlidka.cz\/index.php?rest_route=\/wp\/v2\/pages\/25441"}],"collection":[{"href":"https:\/\/www.zsvyhlidka.cz\/index.php?rest_route=\/wp\/v2\/pages"}],"about":[{"href":"https:\/\/www.zsvyhlidka.cz\/index.php?rest_route=\/wp\/v2\/types\/page"}],"author":[{"embeddable":true,"href":"https:\/\/www.zsvyhlidka.cz\/index.php?rest_route=\/wp\/v2\/users\/2"}],"replies":[{"embeddable":true,"href":"https:\/\/www.zsvyhlidka.cz\/index.php?rest_route=%2Fwp%2Fv2%2Fcomments&post=25441"}],"version-history":[{"count":3,"href":"https:\/\/www.zsvyhlidka.cz\/index.php?rest_route=\/wp\/v2\/pages\/25441\/revisions"}],"predecessor-version":[{"id":25447,"href":"https:\/\/www.zsvyhlidka.cz\/index.php?rest_route=\/wp\/v2\/pages\/25441\/revisions\/25447"}],"wp:attachment":[{"href":"https:\/\/www.zsvyhlidka.cz\/index.php?rest_route=%2Fwp%2Fv2%2Fmedia&parent=25441"}],"curies":[{"name":"wp","href":"https:\/\/api.w.org\/{rel}","templated":true}]}}