{"id":25449,"date":"2020-05-08T13:17:20","date_gmt":"2020-05-08T11:17:20","guid":{"rendered":"http:\/\/www.zsvyhlidka.cz\/?page_id=25449"},"modified":"2020-05-08T13:17:20","modified_gmt":"2020-05-08T11:17:20","slug":"domaci-priprava-11-5-15-5-2020-2","status":"publish","type":"page","link":"https:\/\/www.zsvyhlidka.cz\/?page_id=25449","title":{"rendered":"Dom\u00e1c\u00ed p\u0159\u00edprava 11. 5. &#8211; 15. 5. 2020"},"content":{"rendered":"<h5><strong>Dom\u00e1c\u00ed p\u0159\u00edprava 11. 5. &#8211; 15. 5. 2020<\/strong><\/h5>\n<ul>\n<li><a href=\"http:\/\/www.zsvyhlidka.cz\/wp-content\/uploads\/2020\/05\/dom\u00e1c\u00ed-\u00fakoly-\u010dj-m-vl-p\u0159-od-11.-5.-do-15.-5.-2020-5B.docx.pdf\">Zad\u00e1n\u00ed<\/a><\/li>\n<li><a href=\"http:\/\/www.zsvyhlidka.cz\/?page_id=25434\">N\u00e1stup do \u0161koly<\/a><\/li>\n<\/ul>\n","protected":false},"excerpt":{"rendered":"<p>Dom\u00e1c\u00ed p\u0159\u00edprava 11. 5. &#8211; 15. 5. 2020 Zad\u00e1n\u00ed N\u00e1stup do \u0161koly<\/p>\n","protected":false},"author":2,"featured_media":0,"parent":0,"menu_order":0,"comment_status":"closed","ping_status":"closed","template":"page-fullwidth.php","meta":[],"_links":{"self":[{"href":"https:\/\/www.zsvyhlidka.cz\/index.php?rest_route=\/wp\/v2\/pages\/25449"}],"collection":[{"href":"https:\/\/www.zsvyhlidka.cz\/index.php?rest_route=\/wp\/v2\/pages"}],"about":[{"href":"https:\/\/www.zsvyhlidka.cz\/index.php?rest_route=\/wp\/v2\/types\/page"}],"author":[{"embeddable":true,"href":"https:\/\/www.zsvyhlidka.cz\/index.php?rest_route=\/wp\/v2\/users\/2"}],"replies":[{"embeddable":true,"href":"https:\/\/www.zsvyhlidka.cz\/index.php?rest_route=%2Fwp%2Fv2%2Fcomments&post=25449"}],"version-history":[{"count":1,"href":"https:\/\/www.zsvyhlidka.cz\/index.php?rest_route=\/wp\/v2\/pages\/25449\/revisions"}],"predecessor-version":[{"id":25451,"href":"https:\/\/www.zsvyhlidka.cz\/index.php?rest_route=\/wp\/v2\/pages\/25449\/revisions\/25451"}],"wp:attachment":[{"href":"https:\/\/www.zsvyhlidka.cz\/index.php?rest_route=%2Fwp%2Fv2%2Fmedia&parent=25449"}],"curies":[{"name":"wp","href":"https:\/\/api.w.org\/{rel}","templated":true}]}}