{"id":25952,"date":"2020-05-21T13:03:13","date_gmt":"2020-05-21T11:03:13","guid":{"rendered":"http:\/\/www.zsvyhlidka.cz\/?page_id=25952"},"modified":"2020-05-23T12:31:44","modified_gmt":"2020-05-23T10:31:44","slug":"zahajeni-skoly","status":"publish","type":"page","link":"https:\/\/www.zsvyhlidka.cz\/?page_id=25952","title":{"rendered":"Zah\u00e1jen\u00ed \u0161koly"},"content":{"rendered":"<h5><strong>Zah\u00e1jen\u00ed \u0161koly<\/strong><\/h5>\n<ul>\n<li><a href=\"http:\/\/www.zsvyhlidka.cz\/wp-content\/uploads\/2020\/05\/Zahajen\u00ed_1.stupen.docx.pdf\">Informace<\/a><\/li>\n<li><a href=\"http:\/\/www.zsvyhlidka.cz\/wp-content\/uploads\/2020\/05\/Rozvrh-2-4.A.pdf\">Rozvrh<\/a><\/li>\n<li><a href=\"http:\/\/www.zsvyhlidka.cz\/wp-content\/uploads\/2020\/05\/Mapa-p\u0159\u00edstupu-od-25.5.2020.docx-1.pdf\">Mapa p\u0159\u00edstupu<\/a><\/li>\n<\/ul>\n","protected":false},"excerpt":{"rendered":"<p>Zah\u00e1jen\u00ed \u0161koly Informace Rozvrh Mapa p\u0159\u00edstupu<\/p>\n","protected":false},"author":2,"featured_media":0,"parent":0,"menu_order":0,"comment_status":"closed","ping_status":"closed","template":"page-fullwidth.php","meta":[],"_links":{"self":[{"href":"https:\/\/www.zsvyhlidka.cz\/index.php?rest_route=\/wp\/v2\/pages\/25952"}],"collection":[{"href":"https:\/\/www.zsvyhlidka.cz\/index.php?rest_route=\/wp\/v2\/pages"}],"about":[{"href":"https:\/\/www.zsvyhlidka.cz\/index.php?rest_route=\/wp\/v2\/types\/page"}],"author":[{"embeddable":true,"href":"https:\/\/www.zsvyhlidka.cz\/index.php?rest_route=\/wp\/v2\/users\/2"}],"replies":[{"embeddable":true,"href":"https:\/\/www.zsvyhlidka.cz\/index.php?rest_route=%2Fwp%2Fv2%2Fcomments&post=25952"}],"version-history":[{"count":5,"href":"https:\/\/www.zsvyhlidka.cz\/index.php?rest_route=\/wp\/v2\/pages\/25952\/revisions"}],"predecessor-version":[{"id":26144,"href":"https:\/\/www.zsvyhlidka.cz\/index.php?rest_route=\/wp\/v2\/pages\/25952\/revisions\/26144"}],"wp:attachment":[{"href":"https:\/\/www.zsvyhlidka.cz\/index.php?rest_route=%2Fwp%2Fv2%2Fmedia&parent=25952"}],"curies":[{"name":"wp","href":"https:\/\/api.w.org\/{rel}","templated":true}]}}