{"id":26150,"date":"2020-05-23T12:38:03","date_gmt":"2020-05-23T10:38:03","guid":{"rendered":"http:\/\/www.zsvyhlidka.cz\/?page_id=26150"},"modified":"2020-05-23T12:38:03","modified_gmt":"2020-05-23T10:38:03","slug":"domaci-priprava-25-5-29-5-2020-4","status":"publish","type":"page","link":"https:\/\/www.zsvyhlidka.cz\/?page_id=26150","title":{"rendered":"Dom\u00e1c\u00ed p\u0159\u00edprava 25. 5. &#8211; 29. 5. 2020"},"content":{"rendered":"<h5><strong>Dom\u00e1c\u00ed p\u0159\u00edprava 25. 5. &#8211; 29. 5. 2020<\/strong><\/h5>\n<ul>\n<li><a href=\"http:\/\/www.zsvyhlidka.cz\/wp-content\/uploads\/2020\/05\/Dom\u00e1c\u00ed-\u00fakoly-od-25.-5.-29.-5.-2020-5B.pdf\">Zad\u00e1n\u00ed<\/a><\/li>\n<li><a href=\"http:\/\/www.zsvyhlidka.cz\/wp-content\/uploads\/2020\/05\/P\u0158\u00cdPAD-S-HEJKALEM-5AB.pdf\">P\u0159\u00edpad s Hejkalem<\/a><\/li>\n<li><a href=\"http:\/\/www.zsvyhlidka.cz\/wp-content\/uploads\/2020\/05\/\u00daKOL-\u010cJ-5AB.pdf\">Slovesa D\u00da<\/a><\/li>\n<\/ul>\n","protected":false},"excerpt":{"rendered":"<p>Dom\u00e1c\u00ed p\u0159\u00edprava 25. 5. &#8211; 29. 5. 2020 Zad\u00e1n\u00ed P\u0159\u00edpad s Hejkalem Slovesa D\u00da<\/p>\n","protected":false},"author":2,"featured_media":0,"parent":0,"menu_order":0,"comment_status":"closed","ping_status":"closed","template":"page-fullwidth.php","meta":[],"_links":{"self":[{"href":"https:\/\/www.zsvyhlidka.cz\/index.php?rest_route=\/wp\/v2\/pages\/26150"}],"collection":[{"href":"https:\/\/www.zsvyhlidka.cz\/index.php?rest_route=\/wp\/v2\/pages"}],"about":[{"href":"https:\/\/www.zsvyhlidka.cz\/index.php?rest_route=\/wp\/v2\/types\/page"}],"author":[{"embeddable":true,"href":"https:\/\/www.zsvyhlidka.cz\/index.php?rest_route=\/wp\/v2\/users\/2"}],"replies":[{"embeddable":true,"href":"https:\/\/www.zsvyhlidka.cz\/index.php?rest_route=%2Fwp%2Fv2%2Fcomments&post=26150"}],"version-history":[{"count":1,"href":"https:\/\/www.zsvyhlidka.cz\/index.php?rest_route=\/wp\/v2\/pages\/26150\/revisions"}],"predecessor-version":[{"id":26153,"href":"https:\/\/www.zsvyhlidka.cz\/index.php?rest_route=\/wp\/v2\/pages\/26150\/revisions\/26153"}],"wp:attachment":[{"href":"https:\/\/www.zsvyhlidka.cz\/index.php?rest_route=%2Fwp%2Fv2%2Fmedia&parent=26150"}],"curies":[{"name":"wp","href":"https:\/\/api.w.org\/{rel}","templated":true}]}}