{"id":26254,"date":"2020-05-24T21:33:45","date_gmt":"2020-05-24T19:33:45","guid":{"rendered":"http:\/\/www.zsvyhlidka.cz\/?page_id=26254"},"modified":"2020-05-25T12:46:35","modified_gmt":"2020-05-25T10:46:35","slug":"domaci-priprava-aj-25-5-29-5-2020-2","status":"publish","type":"page","link":"https:\/\/www.zsvyhlidka.cz\/?page_id=26254","title":{"rendered":"Dom\u00e1c\u00ed p\u0159\u00edprava Aj 25. 5. &#8211; 29. 5. 2020"},"content":{"rendered":"<h5><strong>Dom\u00e1c\u00ed p\u0159\u00edprava Aj 25. 5. &#8211; 29. 5. 2020<\/strong><\/h5>\n<ul>\n<li><a href=\"http:\/\/www.zsvyhlidka.cz\/wp-content\/uploads\/2020\/05\/Dom\u00e1c\u00ed-\u00fakoly-AJ-25.-5.-29.-5.-2020-5.-A-B.pdf\">Zad\u00e1n\u00ed<\/a><\/li>\n<li><a href=\"http:\/\/www.zsvyhlidka.cz\/wp-content\/uploads\/2020\/05\/frequency-adverbs-verze-distan\u010dn\u00ed.pdf\">P\u0159\u00edloha \u010d. 1<\/a><\/li>\n<li><a href=\"http:\/\/www.zsvyhlidka.cz\/wp-content\/uploads\/2020\/05\/present-simple-Ryan.pdf\">P\u0159\u00edloha \u010d. 2<\/a><\/li>\n<li><a href=\"http:\/\/www.zsvyhlidka.cz\/wp-content\/uploads\/2020\/05\/Module-5-slov\u00ed\u010dka.pdf\">Module 5 slov\u00ed\u010dka<\/a><\/li>\n<\/ul>\n","protected":false},"excerpt":{"rendered":"<p>Dom\u00e1c\u00ed p\u0159\u00edprava Aj 25. 5. &#8211; 29. 5. 2020 Zad\u00e1n\u00ed P\u0159\u00edloha \u010d. 1 P\u0159\u00edloha \u010d. 2 Module 5 slov\u00ed\u010dka<\/p>\n","protected":false},"author":2,"featured_media":0,"parent":0,"menu_order":0,"comment_status":"closed","ping_status":"closed","template":"page-fullwidth.php","meta":[],"_links":{"self":[{"href":"https:\/\/www.zsvyhlidka.cz\/index.php?rest_route=\/wp\/v2\/pages\/26254"}],"collection":[{"href":"https:\/\/www.zsvyhlidka.cz\/index.php?rest_route=\/wp\/v2\/pages"}],"about":[{"href":"https:\/\/www.zsvyhlidka.cz\/index.php?rest_route=\/wp\/v2\/types\/page"}],"author":[{"embeddable":true,"href":"https:\/\/www.zsvyhlidka.cz\/index.php?rest_route=\/wp\/v2\/users\/2"}],"replies":[{"embeddable":true,"href":"https:\/\/www.zsvyhlidka.cz\/index.php?rest_route=%2Fwp%2Fv2%2Fcomments&post=26254"}],"version-history":[{"count":2,"href":"https:\/\/www.zsvyhlidka.cz\/index.php?rest_route=\/wp\/v2\/pages\/26254\/revisions"}],"predecessor-version":[{"id":26289,"href":"https:\/\/www.zsvyhlidka.cz\/index.php?rest_route=\/wp\/v2\/pages\/26254\/revisions\/26289"}],"wp:attachment":[{"href":"https:\/\/www.zsvyhlidka.cz\/index.php?rest_route=%2Fwp%2Fv2%2Fmedia&parent=26254"}],"curies":[{"name":"wp","href":"https:\/\/api.w.org\/{rel}","templated":true}]}}