{"id":26683,"date":"2020-06-05T11:49:48","date_gmt":"2020-06-05T09:49:48","guid":{"rendered":"http:\/\/www.zsvyhlidka.cz\/?page_id=26683"},"modified":"2024-11-27T10:53:54","modified_gmt":"2024-11-27T09:53:54","slug":"sdeleni-skolni-jidelny-pro-cizi-stravniky","status":"publish","type":"page","link":"https:\/\/www.zsvyhlidka.cz\/?page_id=26683","title":{"rendered":"Sd\u011blen\u00ed \u0161koln\u00ed j\u00eddelny pro ciz\u00ed str\u00e1vn\u00edky"},"content":{"rendered":"<h5>\u00a0<\/h5>\n<p>Stravov\u00e1n\u00ed pro ciz\u00ed str\u00e1vn\u00edky od 1. 9. 2024<\/p>\n<ol>\n<li>V\u00fddejn\u00ed doba bude prob\u00edhat <span style=\"text-decoration: underline;\"><strong>od 11:00 do 11:30 <\/strong><\/span>hodin <strong>pouze osobn\u011b do j\u00eddlonosi\u010d\u016f nebo je mo\u017en\u00e9 ob\u011bdvat na m\u00edst\u011b. <\/strong>Ob\u011bd po tomto term\u00ednu nebude mo\u017en\u00e9 si vyzvednout z hygienick\u00fdch d\u016fvod\u016f. \u017d\u00e1d\u00e1me o dodr\u017eov\u00e1n\u00ed epidemiologick\u00fdch pravidel.<\/li>\n<li>Pokud budete m\u00edt z\u00e1jem o stravov\u00e1n\u00ed v t\u011bchto term\u00ednech, je nutno se p\u0159ihl\u00e1sit telefonicky 571 621 906, e-mailem <a href=\"mailto:jana.skornova@zsvyhlidka.cz\">jana.skornova@zsvyhlidka.cz<\/a>, nebo v kancel\u00e1\u0159i \u0161koln\u00ed j\u00eddelny.<\/li>\n<li>Cena ob\u011bdu je (od 1. 9. 2024):\n<ul>\n<li>ob\u011bd ve \u0161koln\u00ed j\u00eddeln\u011b &#8211; <strong>100<\/strong><strong>\u00a0K\u010d<\/strong><\/li>\n<li>ob\u011bd s sebou (j\u00eddlonosi\u010d) &#8211; <strong>100<\/strong><strong>\u00a0K\u010d<\/strong><\/li>\n<\/ul>\n<\/li>\n<\/ol>\n<p>D\u011bkuji za porozum\u011bn\u00ed.\u00a0 \u00a0 \u00a0 \u00a0 \u00a0 \u00a0 \u00a0 \u00a0 \u00a0 \u00a0 \u00a0 \u00a0 \u00a0 \u00a0 \u00a0 \u00a0 \u00a0 \u00a0 \u00a0 \u00a0 \u00a0 \u00a0 Mgr. Daniela Miklov\u00e1, \u0159editelka \u0161koly<\/p>\n<p>\u00a0<\/p>\n<p><span style=\"color: #ff0000;\"><strong>AKTU\u00c1LN\u00cd SD\u011aLEN\u00cd \u0158EDITELKY \u0160KOLY:<\/strong><\/span><\/p>\n<ul>\n<li><strong><a href=\"http:\/\/www.zsvyhlidka.cz\/wp-content\/uploads\/2023\/06\/Oznameni_sj.pdf\">Sd\u011blen\u00ed \u0159editelky \u0161koly ciz\u00edm str\u00e1vn\u00edk\u016fm dne 23.6.2023<\/a><\/strong><\/li>\n<li><a href=\"http:\/\/www.zsvyhlidka.cz\/wp-content\/uploads\/2022\/09\/Vazeni-cizi-stravnici_22.pdf\"><strong>Sd\u011blen\u00ed \u0159editelky \u0161koly ciz\u00edm str\u00e1vn\u00edk\u016fm dne 29.9.2022<\/strong><\/a><\/li>\n<li><a href=\"http:\/\/www.zsvyhlidka.cz\/wp-content\/uploads\/2022\/01\/Sdeleni-pro-cizi-stravniky_1.2.2022.pdf\"><strong>Sd\u011blen\u00ed \u0159editelky \u0161koly ciz\u00edm str\u00e1vn\u00edk\u016fm dne 1.2.2022<\/strong><\/a><\/li>\n<li><span style=\"color: #ff0000;\"><strong><a href=\"http:\/\/www.zsvyhlidka.cz\/wp-content\/uploads\/2021\/11\/Oznameni-reditelky-skoly.pdf\">Sd\u011blen\u00ed \u0159editelky \u0161koly ciz\u00edm str\u00e1vn\u00edk\u016fm dne 15.11.2021<\/a><\/strong><\/span><\/li>\n<li><span style=\"color: #ff0000;\"><strong><a href=\"http:\/\/www.zsvyhlidka.cz\/wp-content\/uploads\/2021\/11\/Vazeni-cizi-stravnici.pdf\">Sd\u011blen\u00ed \u0159editelky \u0161koly ciz\u00edm str\u00e1vn\u00edk\u016fm dne 10.11.2021<\/a><\/strong><\/span><\/li>\n<li><span style=\"color: #ff0000;\"><strong><a href=\"http:\/\/www.zsvyhlidka.cz\/wp-content\/uploads\/2021\/11\/SJ-1_11_2021.pdf\">Sd\u011blen\u00ed \u0159editelky \u0161koly ciz\u00edm str\u00e1vn\u00edk\u016fm dne 1.11.2021<\/a><\/strong><\/span><\/li>\n<\/ul>\n\n\n<p><\/p>\n","protected":false},"excerpt":{"rendered":"<p>\u00a0 Stravov\u00e1n\u00ed pro ciz\u00ed str\u00e1vn\u00edky od 1. 9. 2024 V\u00fddejn\u00ed doba bude prob\u00edhat od 11:00 do 11:30 hodin pouze osobn\u011b do j\u00eddlonosi\u010d\u016f nebo je mo\u017en\u00e9 ob\u011bdvat na m\u00edst\u011b. Ob\u011bd po tomto term\u00ednu nebude mo\u017en\u00e9 si vyzvednout z hygienick\u00fdch d\u016fvod\u016f. \u017d\u00e1d\u00e1me <a href=\"https:\/\/www.zsvyhlidka.cz\/?page_id=26683\" class=\"read-more\">Zobrazit v\u00edce&#8230;<\/a><\/p>\n","protected":false},"author":4,"featured_media":0,"parent":0,"menu_order":0,"comment_status":"closed","ping_status":"closed","template":"","meta":[],"_links":{"self":[{"href":"https:\/\/www.zsvyhlidka.cz\/index.php?rest_route=\/wp\/v2\/pages\/26683"}],"collection":[{"href":"https:\/\/www.zsvyhlidka.cz\/index.php?rest_route=\/wp\/v2\/pages"}],"about":[{"href":"https:\/\/www.zsvyhlidka.cz\/index.php?rest_route=\/wp\/v2\/types\/page"}],"author":[{"embeddable":true,"href":"https:\/\/www.zsvyhlidka.cz\/index.php?rest_route=\/wp\/v2\/users\/4"}],"replies":[{"embeddable":true,"href":"https:\/\/www.zsvyhlidka.cz\/index.php?rest_route=%2Fwp%2Fv2%2Fcomments&post=26683"}],"version-history":[{"count":28,"href":"https:\/\/www.zsvyhlidka.cz\/index.php?rest_route=\/wp\/v2\/pages\/26683\/revisions"}],"predecessor-version":[{"id":33773,"href":"https:\/\/www.zsvyhlidka.cz\/index.php?rest_route=\/wp\/v2\/pages\/26683\/revisions\/33773"}],"wp:attachment":[{"href":"https:\/\/www.zsvyhlidka.cz\/index.php?rest_route=%2Fwp%2Fv2%2Fmedia&parent=26683"}],"curies":[{"name":"wp","href":"https:\/\/api.w.org\/{rel}","templated":true}]}}