{"id":26781,"date":"2020-06-07T20:36:48","date_gmt":"2020-06-07T18:36:48","guid":{"rendered":"http:\/\/www.zsvyhlidka.cz\/?page_id=26781"},"modified":"2020-06-07T20:36:48","modified_gmt":"2020-06-07T18:36:48","slug":"domaci-priprava-8-6-12-6-2020","status":"publish","type":"page","link":"https:\/\/www.zsvyhlidka.cz\/?page_id=26781","title":{"rendered":"Dom\u00e1c\u00ed p\u0159\u00edprava 8. 6. &#8211; 12. 6. 2020"},"content":{"rendered":"<h5><strong>Dom\u00e1c\u00ed p\u0159\u00edprava 8. 6. &#8211; 12. 6. 2020<\/strong><\/h5>\n<ul>\n<li><a href=\"http:\/\/www.zsvyhlidka.cz\/wp-content\/uploads\/2020\/06\/Dom\u00e1c\u00ed-\u00fakoly-\u010dj-m-vl-p\u0159-8.-6.-12.-6-5B.pdf\">Zad\u00e1n\u00ed<\/a><\/li>\n<li><a href=\"http:\/\/www.zsvyhlidka.cz\/wp-content\/uploads\/2020\/06\/\u010dj-d\u00fa-8.-6.-12.-6.-2020-5B.pdf\">\u00dakol<\/a><\/li>\n<\/ul>\n","protected":false},"excerpt":{"rendered":"<p>Dom\u00e1c\u00ed p\u0159\u00edprava 8. 6. &#8211; 12. 6. 2020 Zad\u00e1n\u00ed \u00dakol<\/p>\n","protected":false},"author":2,"featured_media":0,"parent":0,"menu_order":0,"comment_status":"closed","ping_status":"closed","template":"page-fullwidth.php","meta":[],"_links":{"self":[{"href":"https:\/\/www.zsvyhlidka.cz\/index.php?rest_route=\/wp\/v2\/pages\/26781"}],"collection":[{"href":"https:\/\/www.zsvyhlidka.cz\/index.php?rest_route=\/wp\/v2\/pages"}],"about":[{"href":"https:\/\/www.zsvyhlidka.cz\/index.php?rest_route=\/wp\/v2\/types\/page"}],"author":[{"embeddable":true,"href":"https:\/\/www.zsvyhlidka.cz\/index.php?rest_route=\/wp\/v2\/users\/2"}],"replies":[{"embeddable":true,"href":"https:\/\/www.zsvyhlidka.cz\/index.php?rest_route=%2Fwp%2Fv2%2Fcomments&post=26781"}],"version-history":[{"count":1,"href":"https:\/\/www.zsvyhlidka.cz\/index.php?rest_route=\/wp\/v2\/pages\/26781\/revisions"}],"predecessor-version":[{"id":26784,"href":"https:\/\/www.zsvyhlidka.cz\/index.php?rest_route=\/wp\/v2\/pages\/26781\/revisions\/26784"}],"wp:attachment":[{"href":"https:\/\/www.zsvyhlidka.cz\/index.php?rest_route=%2Fwp%2Fv2%2Fmedia&parent=26781"}],"curies":[{"name":"wp","href":"https:\/\/api.w.org\/{rel}","templated":true}]}}