{"id":27241,"date":"2020-07-22T20:06:15","date_gmt":"2020-07-22T18:06:15","guid":{"rendered":"http:\/\/www.zsvyhlidka.cz\/?page_id=27241"},"modified":"2020-07-22T20:06:15","modified_gmt":"2020-07-22T18:06:15","slug":"tridni-fotky-skolni-rok-2019-2020-ii-stupen","status":"publish","type":"page","link":"https:\/\/www.zsvyhlidka.cz\/?page_id=27241","title":{"rendered":"T\u0159\u00eddn\u00ed fotky \u2013 \u0161koln\u00ed rok 2019\/2020 \u2013 II.stupe\u0148"},"content":{"rendered":"<h5><strong>T\u0159\u00eddn\u00ed fotky \u2013 \u0161koln\u00ed rok 2019\/2020 \u2013 II.stupe\u0148<\/strong><\/h5>\n<p><a href=\"http:\/\/www.zsvyhlidka.cz\/wp-content\/uploads\/2020\/07\/T\u0159\u00edda-VI.A.jpg\"><img loading=\"lazy\" class=\"aligncenter size-full wp-image-27242\" src=\"http:\/\/www.zsvyhlidka.cz\/wp-content\/uploads\/2020\/07\/T\u0159\u00edda-VI.A.jpg\" alt=\"\" width=\"3102\" height=\"2041\" srcset=\"https:\/\/www.zsvyhlidka.cz\/wp-content\/uploads\/2020\/07\/T\u0159\u00edda-VI.A.jpg 3102w, https:\/\/www.zsvyhlidka.cz\/wp-content\/uploads\/2020\/07\/T\u0159\u00edda-VI.A-300x197.jpg 300w, https:\/\/www.zsvyhlidka.cz\/wp-content\/uploads\/2020\/07\/T\u0159\u00edda-VI.A-768x505.jpg 768w, https:\/\/www.zsvyhlidka.cz\/wp-content\/uploads\/2020\/07\/T\u0159\u00edda-VI.A-1024x674.jpg 1024w\" sizes=\"(max-width: 3102px) 100vw, 3102px\" \/><\/a><\/p>\n<p><a href=\"http:\/\/www.zsvyhlidka.cz\/wp-content\/uploads\/2020\/07\/T\u0159\u00edda-VI.B.jpg\"><img loading=\"lazy\" class=\"aligncenter size-full wp-image-27243\" src=\"http:\/\/www.zsvyhlidka.cz\/wp-content\/uploads\/2020\/07\/T\u0159\u00edda-VI.B.jpg\" alt=\"\" width=\"3264\" height=\"2306\" srcset=\"https:\/\/www.zsvyhlidka.cz\/wp-content\/uploads\/2020\/07\/T\u0159\u00edda-VI.B.jpg 3264w, https:\/\/www.zsvyhlidka.cz\/wp-content\/uploads\/2020\/07\/T\u0159\u00edda-VI.B-300x212.jpg 300w, https:\/\/www.zsvyhlidka.cz\/wp-content\/uploads\/2020\/07\/T\u0159\u00edda-VI.B-768x543.jpg 768w, https:\/\/www.zsvyhlidka.cz\/wp-content\/uploads\/2020\/07\/T\u0159\u00edda-VI.B-1024x723.jpg 1024w\" sizes=\"(max-width: 3264px) 100vw, 3264px\" \/><\/a><\/p>\n<p><a href=\"http:\/\/www.zsvyhlidka.cz\/wp-content\/uploads\/2020\/07\/T\u0159\u00edda-VII.A.jpg\"><img loading=\"lazy\" class=\"aligncenter size-full wp-image-27244\" src=\"http:\/\/www.zsvyhlidka.cz\/wp-content\/uploads\/2020\/07\/T\u0159\u00edda-VII.A.jpg\" alt=\"\" width=\"3264\" height=\"2049\" srcset=\"https:\/\/www.zsvyhlidka.cz\/wp-content\/uploads\/2020\/07\/T\u0159\u00edda-VII.A.jpg 3264w, https:\/\/www.zsvyhlidka.cz\/wp-content\/uploads\/2020\/07\/T\u0159\u00edda-VII.A-300x188.jpg 300w, https:\/\/www.zsvyhlidka.cz\/wp-content\/uploads\/2020\/07\/T\u0159\u00edda-VII.A-768x482.jpg 768w, https:\/\/www.zsvyhlidka.cz\/wp-content\/uploads\/2020\/07\/T\u0159\u00edda-VII.A-1024x643.jpg 1024w\" sizes=\"(max-width: 3264px) 100vw, 3264px\" \/><\/a><\/p>\n<p><a href=\"http:\/\/www.zsvyhlidka.cz\/wp-content\/uploads\/2020\/07\/T\u0159\u00edda-VII.B.jpg\"><img loading=\"lazy\" class=\"aligncenter size-full wp-image-27245\" src=\"http:\/\/www.zsvyhlidka.cz\/wp-content\/uploads\/2020\/07\/T\u0159\u00edda-VII.B.jpg\" alt=\"\" width=\"3264\" height=\"2109\" srcset=\"https:\/\/www.zsvyhlidka.cz\/wp-content\/uploads\/2020\/07\/T\u0159\u00edda-VII.B.jpg 3264w, https:\/\/www.zsvyhlidka.cz\/wp-content\/uploads\/2020\/07\/T\u0159\u00edda-VII.B-300x194.jpg 300w, https:\/\/www.zsvyhlidka.cz\/wp-content\/uploads\/2020\/07\/T\u0159\u00edda-VII.B-768x496.jpg 768w, https:\/\/www.zsvyhlidka.cz\/wp-content\/uploads\/2020\/07\/T\u0159\u00edda-VII.B-1024x662.jpg 1024w\" sizes=\"(max-width: 3264px) 100vw, 3264px\" \/><\/a><\/p>\n<p><a href=\"http:\/\/www.zsvyhlidka.cz\/wp-content\/uploads\/2020\/07\/T\u0159\u00edda-VII.C.jpg\"><img loading=\"lazy\" class=\"aligncenter size-full wp-image-27246\" src=\"http:\/\/www.zsvyhlidka.cz\/wp-content\/uploads\/2020\/07\/T\u0159\u00edda-VII.C.jpg\" alt=\"\" width=\"3264\" height=\"2022\" srcset=\"https:\/\/www.zsvyhlidka.cz\/wp-content\/uploads\/2020\/07\/T\u0159\u00edda-VII.C.jpg 3264w, https:\/\/www.zsvyhlidka.cz\/wp-content\/uploads\/2020\/07\/T\u0159\u00edda-VII.C-300x186.jpg 300w, https:\/\/www.zsvyhlidka.cz\/wp-content\/uploads\/2020\/07\/T\u0159\u00edda-VII.C-768x476.jpg 768w, https:\/\/www.zsvyhlidka.cz\/wp-content\/uploads\/2020\/07\/T\u0159\u00edda-VII.C-1024x634.jpg 1024w\" sizes=\"(max-width: 3264px) 100vw, 3264px\" \/><\/a><\/p>\n<p><a href=\"http:\/\/www.zsvyhlidka.cz\/wp-content\/uploads\/2020\/07\/T\u0159\u00edda-VIII.A.jpg\"><img loading=\"lazy\" class=\"aligncenter size-full wp-image-27247\" src=\"http:\/\/www.zsvyhlidka.cz\/wp-content\/uploads\/2020\/07\/T\u0159\u00edda-VIII.A.jpg\" alt=\"\" width=\"3260\" height=\"2235\" srcset=\"https:\/\/www.zsvyhlidka.cz\/wp-content\/uploads\/2020\/07\/T\u0159\u00edda-VIII.A.jpg 3260w, https:\/\/www.zsvyhlidka.cz\/wp-content\/uploads\/2020\/07\/T\u0159\u00edda-VIII.A-300x206.jpg 300w, https:\/\/www.zsvyhlidka.cz\/wp-content\/uploads\/2020\/07\/T\u0159\u00edda-VIII.A-768x527.jpg 768w, https:\/\/www.zsvyhlidka.cz\/wp-content\/uploads\/2020\/07\/T\u0159\u00edda-VIII.A-1024x702.jpg 1024w\" sizes=\"(max-width: 3260px) 100vw, 3260px\" \/><\/a><\/p>\n<p><a href=\"http:\/\/www.zsvyhlidka.cz\/wp-content\/uploads\/2020\/07\/T\u0159\u00edda-VIII.B.jpg\"><img loading=\"lazy\" class=\"aligncenter size-full wp-image-27248\" src=\"http:\/\/www.zsvyhlidka.cz\/wp-content\/uploads\/2020\/07\/T\u0159\u00edda-VIII.B.jpg\" alt=\"\" width=\"3126\" height=\"2306\" srcset=\"https:\/\/www.zsvyhlidka.cz\/wp-content\/uploads\/2020\/07\/T\u0159\u00edda-VIII.B.jpg 3126w, https:\/\/www.zsvyhlidka.cz\/wp-content\/uploads\/2020\/07\/T\u0159\u00edda-VIII.B-300x221.jpg 300w, https:\/\/www.zsvyhlidka.cz\/wp-content\/uploads\/2020\/07\/T\u0159\u00edda-VIII.B-768x567.jpg 768w, https:\/\/www.zsvyhlidka.cz\/wp-content\/uploads\/2020\/07\/T\u0159\u00edda-VIII.B-1024x755.jpg 1024w\" sizes=\"(max-width: 3126px) 100vw, 3126px\" \/><\/a><\/p>\n<p><a href=\"http:\/\/www.zsvyhlidka.cz\/wp-content\/uploads\/2020\/07\/T\u0159\u00edda-VIII.C.jpg\"><img loading=\"lazy\" class=\"aligncenter size-full wp-image-27249\" src=\"http:\/\/www.zsvyhlidka.cz\/wp-content\/uploads\/2020\/07\/T\u0159\u00edda-VIII.C.jpg\" alt=\"\" width=\"3260\" height=\"2290\" srcset=\"https:\/\/www.zsvyhlidka.cz\/wp-content\/uploads\/2020\/07\/T\u0159\u00edda-VIII.C.jpg 3260w, https:\/\/www.zsvyhlidka.cz\/wp-content\/uploads\/2020\/07\/T\u0159\u00edda-VIII.C-300x211.jpg 300w, https:\/\/www.zsvyhlidka.cz\/wp-content\/uploads\/2020\/07\/T\u0159\u00edda-VIII.C-768x539.jpg 768w, https:\/\/www.zsvyhlidka.cz\/wp-content\/uploads\/2020\/07\/T\u0159\u00edda-VIII.C-1024x719.jpg 1024w\" sizes=\"(max-width: 3260px) 100vw, 3260px\" \/><\/a><\/p>\n<p><a href=\"http:\/\/www.zsvyhlidka.cz\/wp-content\/uploads\/2020\/07\/T\u0159\u00edda-IX.A.jpg\"><img loading=\"lazy\" class=\"aligncenter size-full wp-image-27250\" src=\"http:\/\/www.zsvyhlidka.cz\/wp-content\/uploads\/2020\/07\/T\u0159\u00edda-IX.A.jpg\" alt=\"\" width=\"3244\" height=\"2180\" srcset=\"https:\/\/www.zsvyhlidka.cz\/wp-content\/uploads\/2020\/07\/T\u0159\u00edda-IX.A.jpg 3244w, https:\/\/www.zsvyhlidka.cz\/wp-content\/uploads\/2020\/07\/T\u0159\u00edda-IX.A-300x202.jpg 300w, https:\/\/www.zsvyhlidka.cz\/wp-content\/uploads\/2020\/07\/T\u0159\u00edda-IX.A-768x516.jpg 768w, https:\/\/www.zsvyhlidka.cz\/wp-content\/uploads\/2020\/07\/T\u0159\u00edda-IX.A-1024x688.jpg 1024w\" sizes=\"(max-width: 3244px) 100vw, 3244px\" \/><\/a><\/p>\n<p><a href=\"http:\/\/www.zsvyhlidka.cz\/wp-content\/uploads\/2020\/07\/T\u0159\u00edda-IX.B.jpg\"><img loading=\"lazy\" class=\"aligncenter size-full wp-image-27251\" src=\"http:\/\/www.zsvyhlidka.cz\/wp-content\/uploads\/2020\/07\/T\u0159\u00edda-IX.B.jpg\" alt=\"\" width=\"3264\" height=\"2069\" srcset=\"https:\/\/www.zsvyhlidka.cz\/wp-content\/uploads\/2020\/07\/T\u0159\u00edda-IX.B.jpg 3264w, https:\/\/www.zsvyhlidka.cz\/wp-content\/uploads\/2020\/07\/T\u0159\u00edda-IX.B-300x190.jpg 300w, https:\/\/www.zsvyhlidka.cz\/wp-content\/uploads\/2020\/07\/T\u0159\u00edda-IX.B-768x487.jpg 768w, https:\/\/www.zsvyhlidka.cz\/wp-content\/uploads\/2020\/07\/T\u0159\u00edda-IX.B-1024x649.jpg 1024w\" sizes=\"(max-width: 3264px) 100vw, 3264px\" \/><\/a><\/p>\n","protected":false},"excerpt":{"rendered":"<p>T\u0159\u00eddn\u00ed fotky \u2013 \u0161koln\u00ed rok 2019\/2020 \u2013 II.stupe\u0148<\/p>\n","protected":false},"author":4,"featured_media":0,"parent":0,"menu_order":0,"comment_status":"closed","ping_status":"closed","template":"page-fullwidth.php","meta":[],"_links":{"self":[{"href":"https:\/\/www.zsvyhlidka.cz\/index.php?rest_route=\/wp\/v2\/pages\/27241"}],"collection":[{"href":"https:\/\/www.zsvyhlidka.cz\/index.php?rest_route=\/wp\/v2\/pages"}],"about":[{"href":"https:\/\/www.zsvyhlidka.cz\/index.php?rest_route=\/wp\/v2\/types\/page"}],"author":[{"embeddable":true,"href":"https:\/\/www.zsvyhlidka.cz\/index.php?rest_route=\/wp\/v2\/users\/4"}],"replies":[{"embeddable":true,"href":"https:\/\/www.zsvyhlidka.cz\/index.php?rest_route=%2Fwp%2Fv2%2Fcomments&post=27241"}],"version-history":[{"count":1,"href":"https:\/\/www.zsvyhlidka.cz\/index.php?rest_route=\/wp\/v2\/pages\/27241\/revisions"}],"predecessor-version":[{"id":27252,"href":"https:\/\/www.zsvyhlidka.cz\/index.php?rest_route=\/wp\/v2\/pages\/27241\/revisions\/27252"}],"wp:attachment":[{"href":"https:\/\/www.zsvyhlidka.cz\/index.php?rest_route=%2Fwp%2Fv2%2Fmedia&parent=27241"}],"curies":[{"name":"wp","href":"https:\/\/api.w.org\/{rel}","templated":true}]}}