{"id":27326,"date":"2020-08-30T16:00:12","date_gmt":"2020-08-30T14:00:12","guid":{"rendered":"http:\/\/www.zsvyhlidka.cz\/?page_id=27326"},"modified":"2020-09-01T09:40:02","modified_gmt":"2020-09-01T07:40:02","slug":"zahajeni-skolniho-roku-organizace-vyuky-v-1-tydnu","status":"publish","type":"page","link":"https:\/\/www.zsvyhlidka.cz\/?page_id=27326","title":{"rendered":"Zah\u00e1jen\u00ed \u0161koln\u00edho roku, organizace v\u00fduky v 1. t\u00fddnu"},"content":{"rendered":"<h5><strong>Zah\u00e1jen\u00ed \u0161koln\u00edho roku, organizace v\u00fduky v 1. t\u00fddnu<\/strong><\/h5>\n<ul>\n<li><a href=\"http:\/\/www.zsvyhlidka.cz\/wp-content\/uploads\/2020\/08\/Informace-n\u00e1stup-1.ro\u010dn\u00edk.pdf\">1. ro\u010dn\u00edk<\/a><\/li>\n<li><a href=\"http:\/\/www.zsvyhlidka.cz\/wp-content\/uploads\/2020\/09\/Informace-zah\u00e1jen\u00ed-\u0161koln\u00edho-roku.pdf\">2. &#8211; 9. ro\u010dn\u00edk<\/a><\/li>\n<\/ul>\n","protected":false},"excerpt":{"rendered":"<p>Zah\u00e1jen\u00ed \u0161koln\u00edho roku, organizace v\u00fduky v 1. t\u00fddnu 1. ro\u010dn\u00edk 2. &#8211; 9. ro\u010dn\u00edk<\/p>\n","protected":false},"author":4,"featured_media":0,"parent":0,"menu_order":0,"comment_status":"closed","ping_status":"closed","template":"page-fullwidth.php","meta":[],"_links":{"self":[{"href":"https:\/\/www.zsvyhlidka.cz\/index.php?rest_route=\/wp\/v2\/pages\/27326"}],"collection":[{"href":"https:\/\/www.zsvyhlidka.cz\/index.php?rest_route=\/wp\/v2\/pages"}],"about":[{"href":"https:\/\/www.zsvyhlidka.cz\/index.php?rest_route=\/wp\/v2\/types\/page"}],"author":[{"embeddable":true,"href":"https:\/\/www.zsvyhlidka.cz\/index.php?rest_route=\/wp\/v2\/users\/4"}],"replies":[{"embeddable":true,"href":"https:\/\/www.zsvyhlidka.cz\/index.php?rest_route=%2Fwp%2Fv2%2Fcomments&post=27326"}],"version-history":[{"count":10,"href":"https:\/\/www.zsvyhlidka.cz\/index.php?rest_route=\/wp\/v2\/pages\/27326\/revisions"}],"predecessor-version":[{"id":27351,"href":"https:\/\/www.zsvyhlidka.cz\/index.php?rest_route=\/wp\/v2\/pages\/27326\/revisions\/27351"}],"wp:attachment":[{"href":"https:\/\/www.zsvyhlidka.cz\/index.php?rest_route=%2Fwp%2Fv2%2Fmedia&parent=27326"}],"curies":[{"name":"wp","href":"https:\/\/api.w.org\/{rel}","templated":true}]}}