{"id":27381,"date":"2020-09-03T10:26:46","date_gmt":"2020-09-03T08:26:46","guid":{"rendered":"http:\/\/www.zsvyhlidka.cz\/?page_id=27381"},"modified":"2020-09-03T10:26:46","modified_gmt":"2020-09-03T08:26:46","slug":"uvodni-tridni-schuzky","status":"publish","type":"page","link":"https:\/\/www.zsvyhlidka.cz\/?page_id=27381","title":{"rendered":"\u00davodn\u00ed t\u0159\u00eddn\u00ed sch\u016fzky"},"content":{"rendered":"<h5><strong>\u00davodn\u00ed t\u0159\u00eddn\u00ed sch\u016fzky<\/strong><\/h5>\n<p>\u00davodn\u00ed t\u0159\u00eddn\u00ed sch\u016fzky se uskute\u010dn\u00ed v \u00fater\u00fd 8.9.2020 v 16:00. Z\u00e1konn\u00ed z\u00e1stupci z\u00edskaj\u00ed informace o pr\u016fb\u011bhu \u0161koln\u00edho roku 2020\/2021.<\/p>\n<p>Pros\u00edme z\u00e1konn\u00e9 z\u00e1stupce o pou\u017eit\u00ed rou\u0161ek. D\u011bkujeme<\/p>\n","protected":false},"excerpt":{"rendered":"<p>\u00davodn\u00ed t\u0159\u00eddn\u00ed sch\u016fzky \u00davodn\u00ed t\u0159\u00eddn\u00ed sch\u016fzky se uskute\u010dn\u00ed v \u00fater\u00fd 8.9.2020 v 16:00. Z\u00e1konn\u00ed z\u00e1stupci z\u00edskaj\u00ed informace o pr\u016fb\u011bhu \u0161koln\u00edho roku 2020\/2021. Pros\u00edme z\u00e1konn\u00e9 z\u00e1stupce o pou\u017eit\u00ed rou\u0161ek. D\u011bkujeme<\/p>\n","protected":false},"author":4,"featured_media":0,"parent":0,"menu_order":0,"comment_status":"closed","ping_status":"closed","template":"page-fullwidth.php","meta":[],"_links":{"self":[{"href":"https:\/\/www.zsvyhlidka.cz\/index.php?rest_route=\/wp\/v2\/pages\/27381"}],"collection":[{"href":"https:\/\/www.zsvyhlidka.cz\/index.php?rest_route=\/wp\/v2\/pages"}],"about":[{"href":"https:\/\/www.zsvyhlidka.cz\/index.php?rest_route=\/wp\/v2\/types\/page"}],"author":[{"embeddable":true,"href":"https:\/\/www.zsvyhlidka.cz\/index.php?rest_route=\/wp\/v2\/users\/4"}],"replies":[{"embeddable":true,"href":"https:\/\/www.zsvyhlidka.cz\/index.php?rest_route=%2Fwp%2Fv2%2Fcomments&post=27381"}],"version-history":[{"count":1,"href":"https:\/\/www.zsvyhlidka.cz\/index.php?rest_route=\/wp\/v2\/pages\/27381\/revisions"}],"predecessor-version":[{"id":27382,"href":"https:\/\/www.zsvyhlidka.cz\/index.php?rest_route=\/wp\/v2\/pages\/27381\/revisions\/27382"}],"wp:attachment":[{"href":"https:\/\/www.zsvyhlidka.cz\/index.php?rest_route=%2Fwp%2Fv2%2Fmedia&parent=27381"}],"curies":[{"name":"wp","href":"https:\/\/api.w.org\/{rel}","templated":true}]}}