{"id":28290,"date":"2021-06-08T13:09:58","date_gmt":"2021-06-08T11:09:58","guid":{"rendered":"http:\/\/www.zsvyhlidka.cz\/?page_id=28290"},"modified":"2021-06-08T13:09:58","modified_gmt":"2021-06-08T11:09:58","slug":"zaci-z-1-b-virtualne-adoptovali-pandu-cervenou-ze-zoo-zlin","status":"publish","type":"page","link":"https:\/\/www.zsvyhlidka.cz\/?page_id=28290","title":{"rendered":"\u017d\u00e1ci z 1. B virtu\u00e1ln\u011b adoptovali pandu \u010dervenou ze ZOO Zl\u00edn"},"content":{"rendered":"\n<p>Tento \u0161koln\u00ed rok je pro v\u0161echny velmi n\u00e1ro\u010dn\u00fd, d\u00edky koronavirov\u00e9 pandemii, kter\u00e1 zas\u00e1hla nejen \u017e\u00e1ky, rodi\u010de, n\u00e1s pedagogy, ale tak\u00e9 zoologick\u00e9 zahrady, kter\u00e9 d\u011bti tolik \u201e miluj\u00ed.\u201c<\/p>\n\n\n\n<p>Proto jsme se s&nbsp;d\u011btmi se \u0161koln\u00ed dru\u017einy rozhodli, ud\u011blat dobrou v\u011bc a podpo\u0159it projekt \u201e M\u00e1me zv\u00ed\u0159e na v\u00edkend.\u201c D\u011bti z&nbsp;1. B si virtu\u00e1ln\u00ed formou adoptovaly pandu \u010dervenou, kterou symbolicky finan\u010dn\u011b podpo\u0159ily (\u017e\u00e1k 10 k\u010d) a t\u00edmto velk\u00fdm gestem, mo\u017en\u00e1 zachr\u00e1nily zv\u00ed\u0159\u00e1tko, kter\u00e9 by bez t\u00e9to pomoci, nemohlo d\u00e1le \u017e\u00edt v&nbsp;zoologick\u00e9 zahrad\u011b Le\u0161n\u00e1 u Zl\u00edna, na kterou negativn\u011b dopadla vl\u00e1dn\u00ed opat\u0159en\u00ed spojen\u00e1 s&nbsp;pandemi\u00ed koronaviru.<\/p>\n\n\n\n<p>Kdy\u017e jsem d\u011bti seznamovala s&nbsp;t\u00edmto projektem, okam\u017eit\u011b se spustila obrovsk\u00e1 vlna solidarity a ihned cht\u011bly pomoci.<\/p>\n\n\n\n<p>Moc si toho v\u00e1\u017e\u00edm a pevn\u011b v\u011b\u0159\u00edm, \u017ee i n\u00e1\u0161 drobn\u00fd p\u0159\u00edsp\u011bvek pom\u016f\u017ee zl\u00ednsk\u00e9 zoologick\u00e9 zahrad\u011b v&nbsp;t\u00e9to t\u011b\u017ek\u00e9 dob\u011b.<\/p>\n\n\n\n<p>D\u011bkuji \u017e\u00e1k\u016fm za pomoc a rodi\u010d\u016fm za jejich podporu.<\/p>\n\n\n\n<p>Kacht\u00edkov\u00e1 Romana &#8211; vychovatelka \u0160D<\/p>\n\n\n\n<figure class=\"wp-block-image size-large\"><a href=\"http:\/\/www.zsvyhlidka.cz\/wp-content\/uploads\/2021\/06\/IMG_9425.jpg\"><img loading=\"lazy\" width=\"1024\" height=\"768\" src=\"http:\/\/www.zsvyhlidka.cz\/wp-content\/uploads\/2021\/06\/IMG_9425-1024x768.jpg\" alt=\"\" class=\"wp-image-28291\" srcset=\"https:\/\/www.zsvyhlidka.cz\/wp-content\/uploads\/2021\/06\/IMG_9425-1024x768.jpg 1024w, https:\/\/www.zsvyhlidka.cz\/wp-content\/uploads\/2021\/06\/IMG_9425-300x225.jpg 300w, https:\/\/www.zsvyhlidka.cz\/wp-content\/uploads\/2021\/06\/IMG_9425-768x576.jpg 768w, https:\/\/www.zsvyhlidka.cz\/wp-content\/uploads\/2021\/06\/IMG_9425-1536x1152.jpg 1536w, https:\/\/www.zsvyhlidka.cz\/wp-content\/uploads\/2021\/06\/IMG_9425-360x270.jpg 360w, https:\/\/www.zsvyhlidka.cz\/wp-content\/uploads\/2021\/06\/IMG_9425.jpg 2048w\" sizes=\"(max-width: 1024px) 100vw, 1024px\" \/><\/a><\/figure>\n\n\n\n<figure class=\"wp-block-image size-large\"><a href=\"https:\/\/www.zsvyhlidka.cz\/wp-content\/uploads\/2021\/06\/IMG_9446-1.jpg\"><img loading=\"lazy\" width=\"1024\" height=\"768\" src=\"https:\/\/www.zsvyhlidka.cz\/wp-content\/uploads\/2021\/06\/IMG_9446-1-1024x768.jpg\" alt=\"\" class=\"wp-image-28294\" srcset=\"https:\/\/www.zsvyhlidka.cz\/wp-content\/uploads\/2021\/06\/IMG_9446-1-1024x768.jpg 1024w, https:\/\/www.zsvyhlidka.cz\/wp-content\/uploads\/2021\/06\/IMG_9446-1-300x225.jpg 300w, https:\/\/www.zsvyhlidka.cz\/wp-content\/uploads\/2021\/06\/IMG_9446-1-768x576.jpg 768w, https:\/\/www.zsvyhlidka.cz\/wp-content\/uploads\/2021\/06\/IMG_9446-1-1536x1152.jpg 1536w, https:\/\/www.zsvyhlidka.cz\/wp-content\/uploads\/2021\/06\/IMG_9446-1-360x270.jpg 360w, https:\/\/www.zsvyhlidka.cz\/wp-content\/uploads\/2021\/06\/IMG_9446-1.jpg 2048w\" sizes=\"(max-width: 1024px) 100vw, 1024px\" \/><\/a><\/figure>\n\n\n\n<figure class=\"wp-block-image size-large\"><a href=\"http:\/\/www.zsvyhlidka.cz\/wp-content\/uploads\/2021\/06\/IMG_9437.jpg\"><img loading=\"lazy\" width=\"768\" height=\"1024\" src=\"http:\/\/www.zsvyhlidka.cz\/wp-content\/uploads\/2021\/06\/IMG_9437-768x1024.jpg\" alt=\"\" class=\"wp-image-28292\" srcset=\"https:\/\/www.zsvyhlidka.cz\/wp-content\/uploads\/2021\/06\/IMG_9437-768x1024.jpg 768w, https:\/\/www.zsvyhlidka.cz\/wp-content\/uploads\/2021\/06\/IMG_9437-225x300.jpg 225w, https:\/\/www.zsvyhlidka.cz\/wp-content\/uploads\/2021\/06\/IMG_9437-1152x1536.jpg 1152w, https:\/\/www.zsvyhlidka.cz\/wp-content\/uploads\/2021\/06\/IMG_9437-203x270.jpg 203w, https:\/\/www.zsvyhlidka.cz\/wp-content\/uploads\/2021\/06\/IMG_9437.jpg 1536w\" sizes=\"(max-width: 768px) 100vw, 768px\" \/><\/a><\/figure>\n","protected":false},"excerpt":{"rendered":"<p>Tento \u0161koln\u00ed rok je pro v\u0161echny velmi n\u00e1ro\u010dn\u00fd, d\u00edky koronavirov\u00e9 pandemii, kter\u00e1 zas\u00e1hla nejen \u017e\u00e1ky, rodi\u010de, n\u00e1s pedagogy, ale tak\u00e9 zoologick\u00e9 zahrady, kter\u00e9 d\u011bti tolik \u201e miluj\u00ed.\u201c Proto jsme se s&nbsp;d\u011btmi se \u0161koln\u00ed dru\u017einy rozhodli, ud\u011blat dobrou v\u011bc a podpo\u0159it <a href=\"https:\/\/www.zsvyhlidka.cz\/?page_id=28290\" class=\"read-more\">Zobrazit v\u00edce&#8230;<\/a><\/p>\n","protected":false},"author":4,"featured_media":0,"parent":0,"menu_order":0,"comment_status":"closed","ping_status":"closed","template":"","meta":[],"_links":{"self":[{"href":"https:\/\/www.zsvyhlidka.cz\/index.php?rest_route=\/wp\/v2\/pages\/28290"}],"collection":[{"href":"https:\/\/www.zsvyhlidka.cz\/index.php?rest_route=\/wp\/v2\/pages"}],"about":[{"href":"https:\/\/www.zsvyhlidka.cz\/index.php?rest_route=\/wp\/v2\/types\/page"}],"author":[{"embeddable":true,"href":"https:\/\/www.zsvyhlidka.cz\/index.php?rest_route=\/wp\/v2\/users\/4"}],"replies":[{"embeddable":true,"href":"https:\/\/www.zsvyhlidka.cz\/index.php?rest_route=%2Fwp%2Fv2%2Fcomments&post=28290"}],"version-history":[{"count":1,"href":"https:\/\/www.zsvyhlidka.cz\/index.php?rest_route=\/wp\/v2\/pages\/28290\/revisions"}],"predecessor-version":[{"id":28295,"href":"https:\/\/www.zsvyhlidka.cz\/index.php?rest_route=\/wp\/v2\/pages\/28290\/revisions\/28295"}],"wp:attachment":[{"href":"https:\/\/www.zsvyhlidka.cz\/index.php?rest_route=%2Fwp%2Fv2%2Fmedia&parent=28290"}],"curies":[{"name":"wp","href":"https:\/\/api.w.org\/{rel}","templated":true}]}}