{"id":28297,"date":"2021-06-09T08:52:42","date_gmt":"2021-06-09T06:52:42","guid":{"rendered":"http:\/\/www.zsvyhlidka.cz\/?page_id=28297"},"modified":"2021-06-16T09:16:04","modified_gmt":"2021-06-16T07:16:04","slug":"letni-prazdninove-aktivity","status":"publish","type":"page","link":"https:\/\/www.zsvyhlidka.cz\/?page_id=28297","title":{"rendered":"Letn\u00ed pr\u00e1zdninov\u00e9 aktivity"},"content":{"rendered":"\n<p>V\u00e1\u017een\u00ed rodi\u010de,<\/p>\n\n\n\n<p>\u0161kola si pro \u017e\u00e1ky p\u0159ipravila letn\u00ed pr\u00e1zdninov\u00e9 aktivity. Nab\u00edzen\u00e9 aktivity najdete n\u00ed\u017ee:<\/p>\n\n\n\n<ul><li><a href=\"http:\/\/www.zsvyhlidka.cz\/wp-content\/uploads\/2021\/06\/pla-1-scaled.jpg\">Za kouzlem knih<\/a><\/li><li><a href=\"http:\/\/www.zsvyhlidka.cz\/wp-content\/uploads\/2021\/06\/Prazdniny-v-ZOO.pdf\">Pr\u00e1zdniny v ZOO<\/a><\/li><li><a href=\"http:\/\/www.zsvyhlidka.cz\/wp-content\/uploads\/2021\/06\/Posledni-srpnovy-tyden-se-nemozne-stane-skutecnym-FINAL-VERZE.pdf\">Letem historick\u00fdm sv\u011btem aneb poznej kr\u00e1sy historie!!<\/a><\/li><\/ul>\n\n\n\n<p><\/p>\n","protected":false},"excerpt":{"rendered":"<p>V\u00e1\u017een\u00ed rodi\u010de, \u0161kola si pro \u017e\u00e1ky p\u0159ipravila letn\u00ed pr\u00e1zdninov\u00e9 aktivity. Nab\u00edzen\u00e9 aktivity najdete n\u00ed\u017ee: Za kouzlem knih Pr\u00e1zdniny v ZOO Letem historick\u00fdm sv\u011btem aneb poznej kr\u00e1sy historie!!<\/p>\n","protected":false},"author":4,"featured_media":0,"parent":0,"menu_order":0,"comment_status":"closed","ping_status":"closed","template":"","meta":[],"_links":{"self":[{"href":"https:\/\/www.zsvyhlidka.cz\/index.php?rest_route=\/wp\/v2\/pages\/28297"}],"collection":[{"href":"https:\/\/www.zsvyhlidka.cz\/index.php?rest_route=\/wp\/v2\/pages"}],"about":[{"href":"https:\/\/www.zsvyhlidka.cz\/index.php?rest_route=\/wp\/v2\/types\/page"}],"author":[{"embeddable":true,"href":"https:\/\/www.zsvyhlidka.cz\/index.php?rest_route=\/wp\/v2\/users\/4"}],"replies":[{"embeddable":true,"href":"https:\/\/www.zsvyhlidka.cz\/index.php?rest_route=%2Fwp%2Fv2%2Fcomments&post=28297"}],"version-history":[{"count":2,"href":"https:\/\/www.zsvyhlidka.cz\/index.php?rest_route=\/wp\/v2\/pages\/28297\/revisions"}],"predecessor-version":[{"id":28320,"href":"https:\/\/www.zsvyhlidka.cz\/index.php?rest_route=\/wp\/v2\/pages\/28297\/revisions\/28320"}],"wp:attachment":[{"href":"https:\/\/www.zsvyhlidka.cz\/index.php?rest_route=%2Fwp%2Fv2%2Fmedia&parent=28297"}],"curies":[{"name":"wp","href":"https:\/\/api.w.org\/{rel}","templated":true}]}}