{"id":28307,"date":"2021-06-15T13:07:06","date_gmt":"2021-06-15T11:07:06","guid":{"rendered":"http:\/\/www.zsvyhlidka.cz\/?page_id=28307"},"modified":"2021-06-15T13:07:07","modified_gmt":"2021-06-15T11:07:07","slug":"dopravni-vychova-ve-skolni-druzine-a-navsteva-dopravniho-hriste","status":"publish","type":"page","link":"https:\/\/www.zsvyhlidka.cz\/?page_id=28307","title":{"rendered":"Dopravn\u00ed v\u00fdchova ve \u0161koln\u00ed dru\u017ein\u011b a n\u00e1v\u0161t\u011bva dopravn\u00edho h\u0159i\u0161t\u011b"},"content":{"rendered":"\n<p>Po dlouh\u00e9 odmlce zp\u016fsoben\u00e9 pandemi\u00ed jsme s&nbsp;d\u011btmi z&nbsp;2. odd\u011blen\u00ed \u0161koln\u00ed dru\u017einy m\u011bli mo\u017enost nav\u0161t\u00edvit m\u00edstn\u00ed dopravn\u00ed h\u0159i\u0161t\u011b a upevnit si tak doposud nabyt\u00e9 znalosti z&nbsp;dopravn\u00ed v\u00fdchovy.<\/p>\n\n\n\n<p>N\u00e1v\u0161t\u011bv\u011b dopravn\u00edho h\u0159i\u0161t\u011b p\u0159edch\u00e1zela p\u0159\u00edprava z&nbsp;oblasti dopravn\u00ed v\u00fdchovy formou r\u016fznorod\u00fdch her a \u010dinnost\u00ed. Nejprve jsme si ve \u0161koln\u00ed dru\u017ein\u011b v podob\u011b uvoln\u011bn\u00e9ho rozhovoru na t\u00e9ma \u201eDopravn\u00ed prost\u0159ed\u00ed a j\u00e1\u201c vysv\u011btlili, co v\u0161e do dopravn\u00edho prost\u0159ed\u00ed pat\u0159\u00ed. C\u00edlem pov\u00edd\u00e1n\u00ed bylo, si uv\u011bdomit, \u017ee ji\u017e od mali\u010dka je ka\u017ed\u00fd z&nbsp;n\u00e1s ned\u00edlnou sou\u010d\u00e1st\u00ed dopravn\u00edho prost\u0159ed\u00ed, a\u0165 u\u017e je to miminko v&nbsp;autoseda\u010dce, chodec, cyklista a nebo jin\u00ed\u2026 Zam\u011b\u0159ili jsme se na ka\u017edodenn\u00ed situace, se kter\u00fdmi se \u017e\u00e1ci dennodenn\u011b setk\u00e1vaj\u00ed. Na z\u00e1klad\u011b p\u0159edem p\u0159ipraven\u00fdch karti\u010dek s&nbsp;dop. t\u00e9matikou, \u017e\u00e1ci hledali a od\u016fvod\u0148ovali jednotliv\u011b kladn\u00e9 i z\u00e1porn\u00e9 situace v&nbsp;dopravn\u00edm provozu. Ve v\u00fdtvarn\u00e9 \u010dinnosti m\u011bly d\u011bti za \u00fakol vytvo\u0159it svou vlastn\u00ed dopravn\u00ed infrastrukturu, pomoc\u00ed p\u0159ipraven\u00fdch jednotliv\u00fdch \u00fasek\u016f silnic, kruhov\u00fdch objezd\u016f a jin\u00fdch nezbytn\u00fdch \u010d\u00e1st\u00ed dopravy. D\u011bti s&nbsp;nad\u0161en\u00edm n\u00e1sledn\u011b propojovaly v&nbsp;komplexn\u00ed celek a vytv\u00e1\u0159ely tak sv\u00e9 vlastn\u00ed \u010d\u00e1sti m\u011bst \u010di vesnic. P\u0159ed \u00fapln\u00fdm dokon\u010den\u00edm ve\u0161ker\u00fdch \u010dinnost\u00ed spojen\u00fdch s&nbsp;dopravou tak\u00e9 nesm\u011bla chyb\u011bt nauka o dopravn\u00edch zna\u010dk\u00e1ch. Po vysv\u011btlen\u00ed a procvi\u010den\u00ed jednotliv\u00fdch skupin a druh\u016f dopravn\u00edch zna\u010dek si ka\u017ed\u00fd i tyto, pro dopravu nezbytnou sou\u010d\u00e1st, doplnil do sv\u00e9ho projektu. C\u00edlem v\u0161ech t\u011bchto \u010dinnost\u00ed bylo d\u011bti nen\u00e1silnou a hravou formou p\u0159im\u011bt p\u0159em\u00fd\u0161let o jednotliv\u00fdch situac\u00edch, se kter\u00fdmi se v&nbsp;dopravn\u00edm prost\u0159ed\u00ed setk\u00e1vaj\u00ed a tak\u00e9 upevnit z\u00e1kladn\u00ed znalosti.<\/p>\n\n\n\n<p>Samotn\u00e1 n\u00e1v\u0161t\u011bva dopravn\u00edho h\u0159i\u0161t\u011b byla pro d\u011bti velkou odm\u011bnou a pomyslnou te\u010dkou za dopravn\u00ed v\u00fdchovou v&nbsp;tomto \u0161koln\u00edm roce. N\u00e1v\u0161t\u011bvu jsme m\u011bli mo\u017enost si u\u017e\u00edt hned dvakr\u00e1t. D\u011bti byly velice \u0161ikovn\u00e9 v&nbsp;j\u00edzd\u011b na motok\u00e1r\u00e1ch a tak\u00e9 sv\u011bdomit\u011b plnily roli chodc\u016f. Bez probl\u00e9m\u016f pozn\u00e1valy a dodr\u017eovaly dopravn\u00ed zna\u010dky, co\u017e tak\u00e9 p\u0159isp\u011blo k&nbsp;bezpe\u010dn\u00e9 j\u00edzd\u011b. Cel\u00e9 odpoledne jsme si kr\u00e1sn\u011b u\u017eili i d\u00edky slune\u010dn\u00e9mu a tepl\u00e9mu po\u010das\u00ed.<\/p>\n\n\n\n<p>Ing. Veronika \u010cepicov\u00e1 \u2013 vychovatelka 2. odd\u011blen\u00ed<\/p>\n\n\n\n<figure class=\"wp-block-image size-large\"><a href=\"http:\/\/www.zsvyhlidka.cz\/wp-content\/uploads\/2021\/06\/4.jpg\"><img loading=\"lazy\" width=\"960\" height=\"720\" src=\"http:\/\/www.zsvyhlidka.cz\/wp-content\/uploads\/2021\/06\/4.jpg\" alt=\"\" class=\"wp-image-28311\" srcset=\"https:\/\/www.zsvyhlidka.cz\/wp-content\/uploads\/2021\/06\/4.jpg 960w, https:\/\/www.zsvyhlidka.cz\/wp-content\/uploads\/2021\/06\/4-300x225.jpg 300w, https:\/\/www.zsvyhlidka.cz\/wp-content\/uploads\/2021\/06\/4-768x576.jpg 768w, https:\/\/www.zsvyhlidka.cz\/wp-content\/uploads\/2021\/06\/4-360x270.jpg 360w\" sizes=\"(max-width: 960px) 100vw, 960px\" \/><\/a><\/figure>\n\n\n\n<figure class=\"wp-block-image size-large\"><a href=\"http:\/\/www.zsvyhlidka.cz\/wp-content\/uploads\/2021\/06\/6.jpg\"><img loading=\"lazy\" width=\"960\" height=\"720\" src=\"http:\/\/www.zsvyhlidka.cz\/wp-content\/uploads\/2021\/06\/6.jpg\" alt=\"\" class=\"wp-image-28313\" srcset=\"https:\/\/www.zsvyhlidka.cz\/wp-content\/uploads\/2021\/06\/6.jpg 960w, https:\/\/www.zsvyhlidka.cz\/wp-content\/uploads\/2021\/06\/6-300x225.jpg 300w, https:\/\/www.zsvyhlidka.cz\/wp-content\/uploads\/2021\/06\/6-768x576.jpg 768w, https:\/\/www.zsvyhlidka.cz\/wp-content\/uploads\/2021\/06\/6-360x270.jpg 360w\" sizes=\"(max-width: 960px) 100vw, 960px\" \/><\/a><\/figure>\n\n\n\n<figure class=\"wp-block-image size-large\"><a href=\"http:\/\/www.zsvyhlidka.cz\/wp-content\/uploads\/2021\/06\/5.jpg\"><img loading=\"lazy\" width=\"720\" height=\"960\" src=\"http:\/\/www.zsvyhlidka.cz\/wp-content\/uploads\/2021\/06\/5.jpg\" alt=\"\" class=\"wp-image-28312\" srcset=\"https:\/\/www.zsvyhlidka.cz\/wp-content\/uploads\/2021\/06\/5.jpg 720w, https:\/\/www.zsvyhlidka.cz\/wp-content\/uploads\/2021\/06\/5-225x300.jpg 225w, https:\/\/www.zsvyhlidka.cz\/wp-content\/uploads\/2021\/06\/5-203x270.jpg 203w\" sizes=\"(max-width: 720px) 100vw, 720px\" \/><\/a><\/figure>\n\n\n\n<figure class=\"wp-block-image size-large\"><a href=\"http:\/\/www.zsvyhlidka.cz\/wp-content\/uploads\/2021\/06\/3.jpg\"><img loading=\"lazy\" width=\"960\" height=\"720\" src=\"http:\/\/www.zsvyhlidka.cz\/wp-content\/uploads\/2021\/06\/3.jpg\" alt=\"\" class=\"wp-image-28310\" srcset=\"https:\/\/www.zsvyhlidka.cz\/wp-content\/uploads\/2021\/06\/3.jpg 960w, https:\/\/www.zsvyhlidka.cz\/wp-content\/uploads\/2021\/06\/3-300x225.jpg 300w, https:\/\/www.zsvyhlidka.cz\/wp-content\/uploads\/2021\/06\/3-768x576.jpg 768w, https:\/\/www.zsvyhlidka.cz\/wp-content\/uploads\/2021\/06\/3-360x270.jpg 360w\" sizes=\"(max-width: 960px) 100vw, 960px\" \/><\/a><\/figure>\n\n\n\n<figure class=\"wp-block-image size-large\"><a href=\"http:\/\/www.zsvyhlidka.cz\/wp-content\/uploads\/2021\/06\/2.jpg\"><img loading=\"lazy\" width=\"960\" height=\"720\" src=\"http:\/\/www.zsvyhlidka.cz\/wp-content\/uploads\/2021\/06\/2.jpg\" alt=\"\" class=\"wp-image-28309\" srcset=\"https:\/\/www.zsvyhlidka.cz\/wp-content\/uploads\/2021\/06\/2.jpg 960w, https:\/\/www.zsvyhlidka.cz\/wp-content\/uploads\/2021\/06\/2-300x225.jpg 300w, https:\/\/www.zsvyhlidka.cz\/wp-content\/uploads\/2021\/06\/2-768x576.jpg 768w, https:\/\/www.zsvyhlidka.cz\/wp-content\/uploads\/2021\/06\/2-360x270.jpg 360w\" sizes=\"(max-width: 960px) 100vw, 960px\" \/><\/a><\/figure>\n\n\n\n<figure class=\"wp-block-image size-large\"><a href=\"http:\/\/www.zsvyhlidka.cz\/wp-content\/uploads\/2021\/06\/1.jpg\"><img loading=\"lazy\" width=\"960\" height=\"720\" src=\"http:\/\/www.zsvyhlidka.cz\/wp-content\/uploads\/2021\/06\/1.jpg\" alt=\"\" class=\"wp-image-28308\" srcset=\"https:\/\/www.zsvyhlidka.cz\/wp-content\/uploads\/2021\/06\/1.jpg 960w, https:\/\/www.zsvyhlidka.cz\/wp-content\/uploads\/2021\/06\/1-300x225.jpg 300w, https:\/\/www.zsvyhlidka.cz\/wp-content\/uploads\/2021\/06\/1-768x576.jpg 768w, https:\/\/www.zsvyhlidka.cz\/wp-content\/uploads\/2021\/06\/1-360x270.jpg 360w\" sizes=\"(max-width: 960px) 100vw, 960px\" \/><\/a><\/figure>\n","protected":false},"excerpt":{"rendered":"<p>Po dlouh\u00e9 odmlce zp\u016fsoben\u00e9 pandemi\u00ed jsme s&nbsp;d\u011btmi z&nbsp;2. odd\u011blen\u00ed \u0161koln\u00ed dru\u017einy m\u011bli mo\u017enost nav\u0161t\u00edvit m\u00edstn\u00ed dopravn\u00ed h\u0159i\u0161t\u011b a upevnit si tak doposud nabyt\u00e9 znalosti z&nbsp;dopravn\u00ed v\u00fdchovy. N\u00e1v\u0161t\u011bv\u011b dopravn\u00edho h\u0159i\u0161t\u011b p\u0159edch\u00e1zela p\u0159\u00edprava z&nbsp;oblasti dopravn\u00ed v\u00fdchovy formou r\u016fznorod\u00fdch her a \u010dinnost\u00ed. Nejprve <a href=\"https:\/\/www.zsvyhlidka.cz\/?page_id=28307\" class=\"read-more\">Zobrazit v\u00edce&#8230;<\/a><\/p>\n","protected":false},"author":4,"featured_media":0,"parent":0,"menu_order":0,"comment_status":"closed","ping_status":"closed","template":"","meta":[],"_links":{"self":[{"href":"https:\/\/www.zsvyhlidka.cz\/index.php?rest_route=\/wp\/v2\/pages\/28307"}],"collection":[{"href":"https:\/\/www.zsvyhlidka.cz\/index.php?rest_route=\/wp\/v2\/pages"}],"about":[{"href":"https:\/\/www.zsvyhlidka.cz\/index.php?rest_route=\/wp\/v2\/types\/page"}],"author":[{"embeddable":true,"href":"https:\/\/www.zsvyhlidka.cz\/index.php?rest_route=\/wp\/v2\/users\/4"}],"replies":[{"embeddable":true,"href":"https:\/\/www.zsvyhlidka.cz\/index.php?rest_route=%2Fwp%2Fv2%2Fcomments&post=28307"}],"version-history":[{"count":1,"href":"https:\/\/www.zsvyhlidka.cz\/index.php?rest_route=\/wp\/v2\/pages\/28307\/revisions"}],"predecessor-version":[{"id":28314,"href":"https:\/\/www.zsvyhlidka.cz\/index.php?rest_route=\/wp\/v2\/pages\/28307\/revisions\/28314"}],"wp:attachment":[{"href":"https:\/\/www.zsvyhlidka.cz\/index.php?rest_route=%2Fwp%2Fv2%2Fmedia&parent=28307"}],"curies":[{"name":"wp","href":"https:\/\/api.w.org\/{rel}","templated":true}]}}