{"id":28360,"date":"2021-07-01T07:09:19","date_gmt":"2021-07-01T05:09:19","guid":{"rendered":"http:\/\/www.zsvyhlidka.cz\/?page_id=28360"},"modified":"2021-07-01T07:09:20","modified_gmt":"2021-07-01T05:09:20","slug":"kompletni-vycvik-superhrdiny","status":"publish","type":"page","link":"https:\/\/www.zsvyhlidka.cz\/?page_id=28360","title":{"rendered":"Kompletn\u00ed v\u00fdcvik Superhrdiny"},"content":{"rendered":"\n<p>T\u011bmito slovy n\u00e1s nal\u00e1kala na svou n\u00e1v\u0161t\u011bvu m\u011bstsk\u00e1 knihovna ve Vala\u0161sk\u00e9m Mezi\u0159\u00ed\u010d\u00ed. Dne 22.6. jsme se s&nbsp;d\u011btmi z&nbsp;druh\u00e9ho odd\u011blen\u00ed Z\u0160 Vyhl\u00eddka vydali na cestu pozn\u00e1n\u00ed Superhrdin\u016f.<\/p>\n\n\n\n<p>Po p\u0159\u00edchodu do m\u00edstn\u00ed knihovny d\u011btsk\u00e9ho odd\u011blen\u00ed n\u00e1s p\u0159iv\u00edtala pan\u00ed knihovnice, kter\u00e1 n\u00e1s uvedla do \u010d\u00e1sti odd\u011blen\u00ed p\u0159izp\u016fsoben\u00e9ho pro aktivity tohoto druhu. Ka\u017ed\u00fd, kdo tuto \u010d\u00e1st knihovny nav\u0161t\u00edvil, byl ur\u010dit\u011b mile p\u0159ekvapen velice p\u0159\u00edjemn\u00fdm prost\u0159ed\u00edm.<\/p>\n\n\n\n<p>Pan\u00ed knihovnice sv\u00fdm poutav\u00fdm vypr\u00e1v\u011bn\u00edm d\u011bti \u201evt\u00e1hla\u201c do \u017eivota Superhrdin\u016f, mezi jejich triky a dovednosti. \u017d\u00e1ci m\u011bli mo\u017enost hravou a z\u00e1bavnou formou zjistit v\u00edce o schopnostech t\u011bchto postav. Na prvopo\u010d\u00e1tku si ka\u017ed\u00fd \u017e\u00e1k vylosoval v\u00fdjime\u010dnou schopnost, kterou bude jeho Superhrdina obda\u0159en. Pot\u00e9 pomoc\u00ed hry s&nbsp;p\u00edsmenky jsme si jednotliv\u00e9 postavy pojmenovali a pomoc\u00ed \u0161ifry rozlu\u0161tili tajn\u00e9 vzkazy. Po zda\u0159en\u00e9m vylu\u0161t\u011bn\u00ed tajn\u00e9 \u0161ifry m\u011bli \u017e\u00e1ci mo\u017enost si knihovnu prohl\u00e9dnout a nahl\u00e9dnout do knih ur\u010den\u00fdch k&nbsp;vyp\u016fj\u010den\u00ed.<\/p>\n\n\n\n<p>D\u011bti n\u00e1v\u0161t\u011bva knihovny nadchla a pokud situace dovol\u00ed, p\u0159\u00ed\u0161t\u00ed rok n\u00e1v\u0161t\u011bvu op\u011bt zopakujeme. T\u0159eba na n\u00e1s \u010dek\u00e1 \u201eVelk\u00e1 kni\u017en\u00ed z\u00e1hada\u201c.<\/p>\n\n\n\n<p>Ing. Veronika \u010cepicov\u00e1, vychovatelka II. odd\u011blen\u00ed<\/p>\n\n\n\n<figure class=\"wp-block-image size-large\"><a href=\"http:\/\/www.zsvyhlidka.cz\/wp-content\/uploads\/2021\/07\/Superhrdina1.jpg\"><img loading=\"lazy\" width=\"720\" height=\"960\" src=\"http:\/\/www.zsvyhlidka.cz\/wp-content\/uploads\/2021\/07\/Superhrdina1.jpg\" alt=\"\" class=\"wp-image-28361\" srcset=\"https:\/\/www.zsvyhlidka.cz\/wp-content\/uploads\/2021\/07\/Superhrdina1.jpg 720w, https:\/\/www.zsvyhlidka.cz\/wp-content\/uploads\/2021\/07\/Superhrdina1-225x300.jpg 225w, https:\/\/www.zsvyhlidka.cz\/wp-content\/uploads\/2021\/07\/Superhrdina1-203x270.jpg 203w\" sizes=\"(max-width: 720px) 100vw, 720px\" \/><\/a><\/figure>\n\n\n\n<figure class=\"wp-block-image size-large\"><a href=\"http:\/\/www.zsvyhlidka.cz\/wp-content\/uploads\/2021\/07\/Superhrdina2.jpg\"><img loading=\"lazy\" width=\"720\" height=\"960\" src=\"http:\/\/www.zsvyhlidka.cz\/wp-content\/uploads\/2021\/07\/Superhrdina2.jpg\" alt=\"\" class=\"wp-image-28362\" srcset=\"https:\/\/www.zsvyhlidka.cz\/wp-content\/uploads\/2021\/07\/Superhrdina2.jpg 720w, https:\/\/www.zsvyhlidka.cz\/wp-content\/uploads\/2021\/07\/Superhrdina2-225x300.jpg 225w, https:\/\/www.zsvyhlidka.cz\/wp-content\/uploads\/2021\/07\/Superhrdina2-203x270.jpg 203w\" sizes=\"(max-width: 720px) 100vw, 720px\" \/><\/a><\/figure>\n\n\n\n<figure class=\"wp-block-image size-large\"><a href=\"http:\/\/www.zsvyhlidka.cz\/wp-content\/uploads\/2021\/07\/Superhrdina3.jpg\"><img loading=\"lazy\" width=\"960\" height=\"720\" src=\"http:\/\/www.zsvyhlidka.cz\/wp-content\/uploads\/2021\/07\/Superhrdina3.jpg\" alt=\"\" class=\"wp-image-28363\" srcset=\"https:\/\/www.zsvyhlidka.cz\/wp-content\/uploads\/2021\/07\/Superhrdina3.jpg 960w, https:\/\/www.zsvyhlidka.cz\/wp-content\/uploads\/2021\/07\/Superhrdina3-300x225.jpg 300w, https:\/\/www.zsvyhlidka.cz\/wp-content\/uploads\/2021\/07\/Superhrdina3-768x576.jpg 768w, https:\/\/www.zsvyhlidka.cz\/wp-content\/uploads\/2021\/07\/Superhrdina3-360x270.jpg 360w\" sizes=\"(max-width: 960px) 100vw, 960px\" \/><\/a><\/figure>\n\n\n\n<figure class=\"wp-block-image size-large\"><a href=\"http:\/\/www.zsvyhlidka.cz\/wp-content\/uploads\/2021\/07\/Superhrdina4.jpg\"><img loading=\"lazy\" width=\"720\" height=\"960\" src=\"http:\/\/www.zsvyhlidka.cz\/wp-content\/uploads\/2021\/07\/Superhrdina4.jpg\" alt=\"\" class=\"wp-image-28364\" srcset=\"https:\/\/www.zsvyhlidka.cz\/wp-content\/uploads\/2021\/07\/Superhrdina4.jpg 720w, https:\/\/www.zsvyhlidka.cz\/wp-content\/uploads\/2021\/07\/Superhrdina4-225x300.jpg 225w, https:\/\/www.zsvyhlidka.cz\/wp-content\/uploads\/2021\/07\/Superhrdina4-203x270.jpg 203w\" sizes=\"(max-width: 720px) 100vw, 720px\" \/><\/a><\/figure>\n","protected":false},"excerpt":{"rendered":"<p>T\u011bmito slovy n\u00e1s nal\u00e1kala na svou n\u00e1v\u0161t\u011bvu m\u011bstsk\u00e1 knihovna ve Vala\u0161sk\u00e9m Mezi\u0159\u00ed\u010d\u00ed. Dne 22.6. jsme se s&nbsp;d\u011btmi z&nbsp;druh\u00e9ho odd\u011blen\u00ed Z\u0160 Vyhl\u00eddka vydali na cestu pozn\u00e1n\u00ed Superhrdin\u016f. Po p\u0159\u00edchodu do m\u00edstn\u00ed knihovny d\u011btsk\u00e9ho odd\u011blen\u00ed n\u00e1s p\u0159iv\u00edtala pan\u00ed knihovnice, kter\u00e1 n\u00e1s uvedla <a href=\"https:\/\/www.zsvyhlidka.cz\/?page_id=28360\" class=\"read-more\">Zobrazit v\u00edce&#8230;<\/a><\/p>\n","protected":false},"author":2,"featured_media":0,"parent":0,"menu_order":0,"comment_status":"closed","ping_status":"closed","template":"","meta":[],"_links":{"self":[{"href":"https:\/\/www.zsvyhlidka.cz\/index.php?rest_route=\/wp\/v2\/pages\/28360"}],"collection":[{"href":"https:\/\/www.zsvyhlidka.cz\/index.php?rest_route=\/wp\/v2\/pages"}],"about":[{"href":"https:\/\/www.zsvyhlidka.cz\/index.php?rest_route=\/wp\/v2\/types\/page"}],"author":[{"embeddable":true,"href":"https:\/\/www.zsvyhlidka.cz\/index.php?rest_route=\/wp\/v2\/users\/2"}],"replies":[{"embeddable":true,"href":"https:\/\/www.zsvyhlidka.cz\/index.php?rest_route=%2Fwp%2Fv2%2Fcomments&post=28360"}],"version-history":[{"count":1,"href":"https:\/\/www.zsvyhlidka.cz\/index.php?rest_route=\/wp\/v2\/pages\/28360\/revisions"}],"predecessor-version":[{"id":28365,"href":"https:\/\/www.zsvyhlidka.cz\/index.php?rest_route=\/wp\/v2\/pages\/28360\/revisions\/28365"}],"wp:attachment":[{"href":"https:\/\/www.zsvyhlidka.cz\/index.php?rest_route=%2Fwp%2Fv2%2Fmedia&parent=28360"}],"curies":[{"name":"wp","href":"https:\/\/api.w.org\/{rel}","templated":true}]}}