{"id":28398,"date":"2021-08-17T12:21:48","date_gmt":"2021-08-17T10:21:48","guid":{"rendered":"http:\/\/www.zsvyhlidka.cz\/?page_id=28398"},"modified":"2024-11-21T09:59:34","modified_gmt":"2024-11-21T08:59:34","slug":"ruzna-oznameni","status":"publish","type":"page","link":"https:\/\/www.zsvyhlidka.cz\/?page_id=28398","title":{"rendered":"R\u016fzn\u00e1 ozn\u00e1men\u00ed"},"content":{"rendered":"\n<ul><li><a href=\"http:\/\/www.zsvyhlidka.cz\/wp-content\/uploads\/2024\/11\/Zapis-z-voleb-do-Skolske-rady-zakonny-zastupce-_24.pdf\">Z\u00e1pis z kon\u00e1n\u00ed voleb do \u0161kolsk\u00e9 rady dne 12.11.2024 &#8211; z\u00e1konn\u00ed z\u00e1stupci <\/a><\/li><li><a href=\"http:\/\/www.zsvyhlidka.cz\/wp-content\/uploads\/2024\/10\/VOLBY-CLENU-Svolba_SR_2024.pdf\">Ozn\u00e1men\u00ed &#8211; Volby do \u0161kolsk\u00e9 rady &#8211; z\u00e1konn\u00ed z\u00e1stupci<\/a><\/li><li><a href=\"http:\/\/www.zsvyhlidka.cz\/wp-content\/uploads\/2023\/11\/skolska-rada-scaled.jpg\">Volby do \u0161kolsk\u00e9 rady &#8211; z\u00e1konn\u00ed z\u00e1stupci (dopl\u0148uj\u00edc\u00ed volby)<\/a><\/li><li><a href=\"http:\/\/www.zsvyhlidka.cz\/wp-content\/uploads\/2021\/09\/Zapis-z-konani-voleb-do-skolske-rady.pdf\">Z\u00e1pis z kon\u00e1n\u00ed voleb do \u0161kolsk\u00e9 rady dne 2.9.2021<\/a><\/li><li><a href=\"http:\/\/www.zsvyhlidka.cz\/wp-content\/uploads\/2021\/08\/volby-do-rady-skoly-zakonni-zastupci-II.pdf\">Volba do \u0161kolsk\u00e9 rady II<\/a><\/li><li><a href=\"http:\/\/www.zsvyhlidka.cz\/wp-content\/uploads\/2021\/07\/volby-do-rady-skoly-zakonni-zastupci.pdf\">Volby do \u0161kolsk\u00e9 rady &#8211; z\u00e1konn\u00ed z\u00e1stupci<\/a><\/li><\/ul>\n\n\n\n<p> <\/p>\n","protected":false},"excerpt":{"rendered":"<p>Z\u00e1pis z kon\u00e1n\u00ed voleb do \u0161kolsk\u00e9 rady dne 12.11.2024 &#8211; z\u00e1konn\u00ed z\u00e1stupci Ozn\u00e1men\u00ed &#8211; Volby do \u0161kolsk\u00e9 rady &#8211; z\u00e1konn\u00ed z\u00e1stupci Volby do \u0161kolsk\u00e9 rady &#8211; z\u00e1konn\u00ed z\u00e1stupci (dopl\u0148uj\u00edc\u00ed volby) Z\u00e1pis z kon\u00e1n\u00ed voleb do \u0161kolsk\u00e9 rady dne 2.9.2021 Volba <a href=\"https:\/\/www.zsvyhlidka.cz\/?page_id=28398\" class=\"read-more\">Zobrazit v\u00edce&#8230;<\/a><\/p>\n","protected":false},"author":2,"featured_media":0,"parent":0,"menu_order":0,"comment_status":"closed","ping_status":"closed","template":"","meta":[],"_links":{"self":[{"href":"https:\/\/www.zsvyhlidka.cz\/index.php?rest_route=\/wp\/v2\/pages\/28398"}],"collection":[{"href":"https:\/\/www.zsvyhlidka.cz\/index.php?rest_route=\/wp\/v2\/pages"}],"about":[{"href":"https:\/\/www.zsvyhlidka.cz\/index.php?rest_route=\/wp\/v2\/types\/page"}],"author":[{"embeddable":true,"href":"https:\/\/www.zsvyhlidka.cz\/index.php?rest_route=\/wp\/v2\/users\/2"}],"replies":[{"embeddable":true,"href":"https:\/\/www.zsvyhlidka.cz\/index.php?rest_route=%2Fwp%2Fv2%2Fcomments&post=28398"}],"version-history":[{"count":9,"href":"https:\/\/www.zsvyhlidka.cz\/index.php?rest_route=\/wp\/v2\/pages\/28398\/revisions"}],"predecessor-version":[{"id":33656,"href":"https:\/\/www.zsvyhlidka.cz\/index.php?rest_route=\/wp\/v2\/pages\/28398\/revisions\/33656"}],"wp:attachment":[{"href":"https:\/\/www.zsvyhlidka.cz\/index.php?rest_route=%2Fwp%2Fv2%2Fmedia&parent=28398"}],"curies":[{"name":"wp","href":"https:\/\/api.w.org\/{rel}","templated":true}]}}