{"id":28460,"date":"2021-08-24T10:31:12","date_gmt":"2021-08-24T08:31:12","guid":{"rendered":"http:\/\/www.zsvyhlidka.cz\/?page_id=28460"},"modified":"2021-08-24T10:31:13","modified_gmt":"2021-08-24T08:31:13","slug":"uvodni-tridni-schuzky-2","status":"publish","type":"page","link":"https:\/\/www.zsvyhlidka.cz\/?page_id=28460","title":{"rendered":"\u00davodn\u00ed t\u0159\u00eddn\u00ed sch\u016fzky"},"content":{"rendered":"\n<p>\u00davodn\u00ed t\u0159\u00eddn\u00ed sch\u016fzky pro \u0161koln\u00ed rok 2021\/2022 se uskute\u010dn\u00ed ve <strong>\u010dtvrtek 2. z\u00e1\u0159\u00ed 2021 v 16:00 hod.<\/strong> v jednotliv\u00fdch t\u0159\u00edd\u00e1ch. Bli\u017e\u0161\u00ed informace z\u00e1konn\u00ed z\u00e1stupci obdr\u017e\u00ed emailem.<\/p>\n","protected":false},"excerpt":{"rendered":"<p>\u00davodn\u00ed t\u0159\u00eddn\u00ed sch\u016fzky pro \u0161koln\u00ed rok 2021\/2022 se uskute\u010dn\u00ed ve \u010dtvrtek 2. z\u00e1\u0159\u00ed 2021 v 16:00 hod. v jednotliv\u00fdch t\u0159\u00edd\u00e1ch. Bli\u017e\u0161\u00ed informace z\u00e1konn\u00ed z\u00e1stupci obdr\u017e\u00ed emailem.<\/p>\n","protected":false},"author":4,"featured_media":0,"parent":0,"menu_order":0,"comment_status":"closed","ping_status":"closed","template":"","meta":[],"_links":{"self":[{"href":"https:\/\/www.zsvyhlidka.cz\/index.php?rest_route=\/wp\/v2\/pages\/28460"}],"collection":[{"href":"https:\/\/www.zsvyhlidka.cz\/index.php?rest_route=\/wp\/v2\/pages"}],"about":[{"href":"https:\/\/www.zsvyhlidka.cz\/index.php?rest_route=\/wp\/v2\/types\/page"}],"author":[{"embeddable":true,"href":"https:\/\/www.zsvyhlidka.cz\/index.php?rest_route=\/wp\/v2\/users\/4"}],"replies":[{"embeddable":true,"href":"https:\/\/www.zsvyhlidka.cz\/index.php?rest_route=%2Fwp%2Fv2%2Fcomments&post=28460"}],"version-history":[{"count":1,"href":"https:\/\/www.zsvyhlidka.cz\/index.php?rest_route=\/wp\/v2\/pages\/28460\/revisions"}],"predecessor-version":[{"id":28461,"href":"https:\/\/www.zsvyhlidka.cz\/index.php?rest_route=\/wp\/v2\/pages\/28460\/revisions\/28461"}],"wp:attachment":[{"href":"https:\/\/www.zsvyhlidka.cz\/index.php?rest_route=%2Fwp%2Fv2%2Fmedia&parent=28460"}],"curies":[{"name":"wp","href":"https:\/\/api.w.org\/{rel}","templated":true}]}}